{"id":3183,"date":"2015-08-20T15:31:57","date_gmt":"2015-08-20T12:31:57","guid":{"rendered":"http:\/\/www.rdks.lv\/?page_id=3183"},"modified":"2022-12-28T14:55:07","modified_gmt":"2022-12-28T12:55:07","slug":"muziklu-dziedataju-programma","status":"publish","type":"page","link":"https:\/\/www.rdks.lv\/en\/par-skolu\/programmas\/muziklu-dziedataju-programma\/","title":{"rendered":"Musical Theatre Program"},"content":{"rendered":"<p><\/p>\n<p style=\"text-align: justify;\">Muzik\u0101l\u0101 te\u0101tra (m\u016bzikla) \u017eanra att\u012bst\u012bba ir rad\u012bjusi piepras\u012bjumu p\u0113c kvalific\u0113tiem, profesion\u0101liem m\u0101ksliniekiem. \u0160is \u017eanrs jau vair\u0101k nek\u0101 100 gadus ir popul\u0101rs ne tikai Amerik\u0101 un Anglij\u0101, bet augst\u0101 l\u012bmen\u012b att\u012bst\u012bjies ar\u012b Eirop\u0101 un Zieme\u013cvalst\u012bs.<\/p>\n<p style=\"text-align: justify;\">Jaun\u0101 apak\u0161programma \u201cM\u016bziklu dzied\u0101t\u0101js\u201d ir izveidota, sadarbojoties ar jomas profesion\u0101\u013ciem. Programmas iniciatore ir Annija Putni\u0146a, kas jau k\u0101du laiku atgriezusies Latvij\u0101 p\u0113c ma\u0123istra studij\u0101m London\u0101, Karaliskaj\u0101 M\u016bzikas akad\u0113mij\u0101 <em>(Royal Academy of Music)<\/em>, absolv\u0113jot muzik\u0101l\u0101 te\u0101tra noda\u013cu. Pirms tam Annija stud\u0113ja J\u0101zepa V\u012btola Latvijas M\u016bzikas akad\u0113mij\u0101, apg\u016bstot klasisko dzied\u0101\u0161anu, un ir ar\u012b R\u012bgas Doma kora skolas absolvente.<\/p>\n<p style=\"text-align: justify;\">Programma veidota p\u0113c m\u016bziklu koled\u017eu parauga, kas pla\u0161i att\u012bst\u012bts gan Eirop\u0101, gan pasaul\u0113, apvienojot to ar latvie\u0161u muzik\u0101l\u0101 te\u0101tra trad\u012bcij\u0101m un aktualit\u0101t\u0113m. T\u0101 ir pla\u0161i orient\u0113ta programma, kas att\u012bsta dzied\u0101\u0161anu, dejo\u0161anu un aktiera m\u0101kslu. M\u016bzikls ir \u017eanrs, kas apvieno klasisko ar moderno, t\u0101d\u0113j\u0101di dodot iesp\u0113ju att\u012bst\u012bties da\u017e\u0101dos virzienos. Programm\u0101 iek\u013cauti aktiera meistar\u012bbas pamati, klasisk\u0101s dzied\u0101\u0161anas pamati, muzik\u0101l\u0101 te\u0101tra dzied\u0101\u0161anas specifika, skatuves runa, skatuves kust\u012bba un deja, k\u0101 ar\u012b m\u016bzikas teorijas priek\u0161meti.<\/p>\n<p>Pa\u0161laik Latvij\u0101, vidusskolas l\u012bmen\u012b, ir iesp\u0113ja apg\u016bt tikai klasisko dzied\u0101\u0161anu un d\u017eeza dzied\u0101\u0161anu. R\u012bgas Doma kora skola cer aizs\u0101kt jaunu virzienu un dot iesp\u0113ju tiem, kas v\u0113las apg\u016bt m\u016bzikla specifiku tepat, Latvij\u0101.<\/p>\n<hr \/>\n<p>Inform\u0101cija Latvijas Radio 3 Klasika raid\u012bjum\u0101 &#8220;J\u0101zeps&#8221; <a href=\"http:\/\/klasika.lsm.lv\/lv\/raksts\/jazeps\/no-pumpuru-meza-lidz-brodvejai.-annija-putnina-skolos-jaunos-muz.a54745\/\" target=\"_blank\" rel=\"noopener\">\u0160EIT<\/a><\/p>\n<p><iframe loading=\"lazy\" style=\"border: none;\" src=\"http:\/\/klasika.lsm.lv\/lv\/embed\/?id=54745&amp;theme=black&amp;size=16x9\" width=\"500\" height=\"282\" frameborder=\"0\"><\/iframe><\/p>\n<hr \/>\n<p><iframe loading=\"lazy\" src=\"https:\/\/w.soundcloud.com\/player\/?url=https%3A\/\/api.soundcloud.com\/tracks\/217608396&amp;auto_play=false&amp;hide_related=false&amp;show_comments=true&amp;show_user=true&amp;show_reposts=false&amp;visual=true\" width=\"300\" height=\"150\" frameborder=\"no\" scrolling=\"no\"><\/iframe><\/p>","protected":false},"excerpt":{"rendered":"<p>Muzik\u0101l\u0101 te\u0101tra (m\u016bzikla) \u017eanra att\u012bst\u012bba ir rad\u012bjusi piepras\u012bjumu p\u0113c kvalific\u0113tiem, profesion\u0101liem m\u0101ksliniekiem. \u0160is \u017eanrs jau vair\u0101k nek\u0101 100 gadus ir popul\u0101rs ne tikai Amerik\u0101 un Anglij\u0101, bet augst\u0101 l\u012bmen\u012b att\u012bst\u012bjies ar\u012b Eirop\u0101 un Zieme\u013cvalst\u012bs. Jaun\u0101 apak\u0161programma \u201cM\u016bziklu dzied\u0101t\u0101js\u201d ir izveidota, sadarbojoties ar jomas profesion\u0101\u013ciem. Programmas iniciatore ir Annija Putni\u0146a, kas jau k\u0101du laiku atgriezusies Latvij\u0101&#8230;<\/p>\n","protected":false},"author":3,"featured_media":0,"parent":127,"menu_order":4,"comment_status":"closed","ping_status":"closed","template":"","meta":{"cybocfi_hide_featured_image":"","footnotes":""},"class_list":["post-3183","page","type-page","status-publish","hentry"],"_links":{"self":[{"href":"https:\/\/www.rdks.lv\/en\/wp-json\/wp\/v2\/pages\/3183","targetHints":{"allow":["GET"]}}],"collection":[{"href":"https:\/\/www.rdks.lv\/en\/wp-json\/wp\/v2\/pages"}],"about":[{"href":"https:\/\/www.rdks.lv\/en\/wp-json\/wp\/v2\/types\/page"}],"author":[{"embeddable":true,"href":"https:\/\/www.rdks.lv\/en\/wp-json\/wp\/v2\/users\/3"}],"replies":[{"embeddable":true,"href":"https:\/\/www.rdks.lv\/en\/wp-json\/wp\/v2\/comments?post=3183"}],"version-history":[{"count":14,"href":"https:\/\/www.rdks.lv\/en\/wp-json\/wp\/v2\/pages\/3183\/revisions"}],"predecessor-version":[{"id":14444,"href":"https:\/\/www.rdks.lv\/en\/wp-json\/wp\/v2\/pages\/3183\/revisions\/14444"}],"up":[{"embeddable":true,"href":"https:\/\/www.rdks.lv\/en\/wp-json\/wp\/v2\/pages\/127"}],"wp:attachment":[{"href":"https:\/\/www.rdks.lv\/en\/wp-json\/wp\/v2\/media?parent=3183"}],"curies":[{"name":"wp","href":"https:\/\/api.w.org\/{rel}","templated":true}]}}