{"id":2793,"date":"2015-04-27T12:22:59","date_gmt":"2015-04-27T09:22:59","guid":{"rendered":"http:\/\/www.rdks.lv\/?page_id=2793"},"modified":"2026-03-30T12:07:53","modified_gmt":"2026-03-30T10:07:53","slug":"kontakti","status":"publish","type":"page","link":"https:\/\/www.rdks.lv\/en\/kontakti\/","title":{"rendered":"Contacts"},"content":{"rendered":"<p><strong>AECC NSA Riga Cathedral Choir School<\/strong><br \/>1 Kronvalda blvd (Grade 1-9)<br \/>11 Skolas st (Course I-IV)<br \/>rdks@nmv.gov.lv | 67804770<\/p>\r\n<table>\r\n<tbody>\r\n<tr>\r\n<td>\r\n<p>Headmaster, AECC &#8220;National School of Arts&#8221;<\/p>\r\n<\/td>\r\n<td>\r\n<p><strong>Art\u016brs Cingujevs<\/strong><\/p>\r\n<\/td>\r\n<td>\r\n<p>pasts@nmv.gov.lv<\/p>\r\n<\/td>\r\n<\/tr>\r\n<tr>\r\n<td>\r\n<p>Head, NSA Riga Cathedral Choir School<\/p>\r\n<\/td>\r\n<td>\r\n<p><strong>Gints Ceplenieks<\/strong><\/p>\r\n<\/td>\r\n<td>\r\n<p>rdks@nmv.gov.lv <br \/>Consultation hours:<br \/>mondays 15.00 &#8211; 17.00<br \/>tuesdays 08.30 &#8211; 10.00<\/p>\r\n<\/td>\r\n<\/tr>\r\n<tr>\r\n<td>\r\n<p>Secretary<\/p>\r\n<\/td>\r\n<td>\r\n<p><strong>Daina Vaitkevica<\/strong><\/p>\r\n<\/td>\r\n<td>\r\n<p>678047<strong>70<\/strong>, rdks@nmv.gov.lv<\/p>\r\n<\/td>\r\n<\/tr>\r\n<tr>\r\n<td>\r\n<p>Deputy Director (Music)<\/p>\r\n<\/td>\r\n<td>\r\n<p><strong>Egija Ozoli\u0146a<\/strong><\/p>\r\n<\/td>\r\n<td>\r\n<p>678047<strong>71<\/strong>, Egija.Ozolina@nmv.gov.lv<\/p>\r\n<\/td>\r\n<\/tr>\r\n<tr>\r\n<td>\r\n<p>Deputy Director (Grade 7 \u2013 Course IV)<\/p>\r\n<\/td>\r\n<td>\r\n<p><strong>Sarm\u012bte And\u017e\u0101ne<\/strong><\/p>\r\n<\/td>\r\n<td>\r\n<p>678047<strong>71<\/strong>, Sarmite.Andzane@nmv.gov.lv<\/p>\r\n<\/td>\r\n<\/tr>\r\n<tr>\r\n<td>\r\n<p>Deputy Director (Grades 1 \u2013 6)<\/p>\r\n<\/td>\r\n<td>\r\n<p><strong>Vita Virza<\/strong><\/p>\r\n<\/td>\r\n<td>\r\n<p>678047<strong>71<\/strong>, Vita.Virza@nmv.gov.lv<\/p>\r\n<\/td>\r\n<\/tr>\r\n<tr>\r\n<td>\r\n<p>Project Manager (events)<\/p>\r\n<\/td>\r\n<td>\r\n<p><strong>El\u012bna Pole<\/strong><\/p>\r\n<\/td>\r\n<td>\r\n<p>678047<strong>73<\/strong>, Elina.Pole@nmv.gov.lv<\/p>\r\n<\/td>\r\n<\/tr>\r\n<tr>\r\n<td>\r\n<p>Project Manager (Erasmus+, international projects)<\/p>\r\n<\/td>\r\n<td>\r\n<p><strong>Linda Samsone<\/strong><\/p>\r\n<\/td>\r\n<td>\r\n<p>678047<strong>73<\/strong>, Linda.Samsone@nmv.gov.lv<\/p>\r\n<\/td>\r\n<\/tr>\r\n<tr>\r\n<td>\r\n<p>Education Methodist<\/p>\r\n<\/td>\r\n<td>\r\n<p>&nbsp;<\/p>\r\n<\/td>\r\n<td>\r\n<p>Kursi@nmv.gov.lv<\/p>\r\n<\/td>\r\n<\/tr>\r\n<tr>\r\n<td>\r\n<p>NSA RCCS Human Resources Manager<\/p>\r\n<\/td>\r\n<td>\r\n<p><strong>Sandra S\u0101lijuma<\/strong><\/p>\r\n<\/td>\r\n<td>\r\n<p>Sandra.Salijuma@nmv.gov.lv<\/p>\r\n<\/td>\r\n<\/tr>\r\n<tr>\r\n<td>\r\n<p>NSA Financier<\/p>\r\n<\/td>\r\n<td>\r\n<p><strong>Elita A\u013ceksejeva<\/strong><\/p>\r\n<\/td>\r\n<td>\r\n<p>Elita.Aleksejeva@nmv.gov.lv<\/p>\r\n<\/td>\r\n<\/tr>\r\n<tr>\r\n<td>\r\n<p><em>Choral Conducting<\/em> Education Programme manager, Conductor of the Mixed Choir of RCCS<\/p>\r\n<\/td>\r\n<td>\r\n<p><strong>Jur\u0123is C\u0101bulis<\/strong><\/p>\r\n<\/td>\r\n<td>\r\n<p>Jurgis.Cabulis@nmv.gov.lv<\/p>\r\n<\/td>\r\n<\/tr>\r\n<tr>\r\n<td>\r\n<p>Project Manager of the Mixed Choir of RCCS<\/p>\r\n<\/td>\r\n<td>\r\n<p><strong>Aleksandra \u0100boli\u0146a<\/strong><\/p>\r\n<\/td>\r\n<td>\r\n<p>Aleksandra.Abolina@nmv.gov.lv<\/p>\r\n<\/td>\r\n<\/tr>\r\n<tr>\r\n<td>\r\n<p><em>Academic Singing<\/em> Education Programme manager<\/p>\r\n<\/td>\r\n<td>\r\n<p><strong>Irma Pav\u0101re<\/strong><\/p>\r\n<\/td>\r\n<td>\r\n<p>Irma.Pavare@nmv.gov.lv<\/p>\r\n<\/td>\r\n<\/tr>\r\n<tr>\r\n<td>\r\n<p><em>Jazz Music<\/em> Education Programme manager<\/p>\r\n<\/td>\r\n<td>\r\n<p><strong>T\u0101lis G\u017eibovskis<\/strong><\/p>\r\n<\/td>\r\n<td>\r\n<p>Talis.Gzibovskis@nmv.gov.lv<\/p>\r\n<\/td>\r\n<\/tr>\r\n<tr>\r\n<td>\r\n<p><em>Musical Theatre<\/em> Education Programme manager<\/p>\r\n<\/td>\r\n<td>\r\n<p><strong>Rolands Mer\u017eejevskis<\/strong><\/p>\r\n<\/td>\r\n<td>\r\n<p>Rolands.Merzejevskis@nmv.gov.lv<\/p>\r\n<\/td>\r\n<\/tr>\r\n<tr>\r\n<td>\r\n<p><em>Musical Theatre<\/em> Education Programme manager<\/p>\r\n<\/td>\r\n<td>\r\n<p><strong>Una Stade<\/strong><\/p>\r\n<\/td>\r\n<td>\r\n<p>Una.Stade@nmv.gov.lv<\/p>\r\n<\/td>\r\n<\/tr>\r\n<tr>\r\n<td>\r\n<p>Conductor of Riga Cathedral Boys Choir<\/p>\r\n<\/td>\r\n<td>\r\n<p><strong>M\u0101rti\u0146\u0161 Kli\u0161\u0101ns<\/strong><\/p>\r\n<\/td>\r\n<td>\r\n<p>Martins.Klisans@nmv.gov.lv<\/p>\r\n<\/td>\r\n<\/tr>\r\n<tr>\r\n<td>\r\n<p>Project Manager of Riga Cathedral Boys Choir<\/p>\r\n<\/td>\r\n<td>\r\n<p><strong>Ilze Baumane<\/strong><\/p>\r\n<\/td>\r\n<td>\r\n<p>Ilze.Baumane@nmv.gov.lv<\/p>\r\n<\/td>\r\n<\/tr>\r\n<tr>\r\n<td>\r\n<p>Conductor of Riga Cathedral Girls Choir<\/p>\r\n<\/td>\r\n<td>\r\n<p><strong>Aira Birzi\u0146a<\/strong><\/p>\r\n<\/td>\r\n<td>\r\n<p>Aira.Birzina@nmv.gov.lv<\/p>\r\n<\/td>\r\n<\/tr>\r\n<tr>\r\n<td>\r\n<p>Project Manager of Riga Cathedral Girls Choir<\/p>\r\n<\/td>\r\n<td>\r\n<p><strong>Madara Boka<\/strong><\/p>\r\n<\/td>\r\n<td>\r\n<p>Madara.Boka@nmv.gov.lv<\/p>\r\n<\/td>\r\n<\/tr>\r\n<tr>\r\n<td>\r\n<p>Music Theory Programme manager<\/p>\r\n<\/td>\r\n<td>\r\n<p><strong>J\u016blija Jon\u0101ne<\/strong><\/p>\r\n<\/td>\r\n<td>\r\n<p>Julija.Jonane@nmv.gov.lv<\/p>\r\n<\/td>\r\n<\/tr>\r\n<tr>\r\n<td>\r\n<p>Piano Playing Programme manager<\/p>\r\n<\/td>\r\n<td>\r\n<p><strong>Di\u0101na Bergmane<\/strong><\/p>\r\n<\/td>\r\n<td>\r\n<p>Diana.Bergmane@nmv.gov.lv<\/p>\r\n<\/td>\r\n<\/tr>\r\n<tr>\r\n<td>\r\n<p>Singing Programme managers<\/p>\r\n<\/td>\r\n<td>\r\n<p><strong>Ance \u0136irse<br \/>Valda Tra\u010duma<\/strong><\/p>\r\n<\/td>\r\n<td>\r\n<p>Ance.Kirse@nmv.gov.lv<br \/>Valda.Tracuma@nmv.gov.lv<\/p>\r\n<\/td>\r\n<\/tr>\r\n<tr>\r\n<td>\r\n<p>NSA RCCS Library<\/p>\r\n<\/td>\r\n<td>\r\n<p><strong>Inguna \u0160t\u0101le<\/strong><\/p>\r\n<\/td>\r\n<td>\r\n<p>biblioteka.rdks@nmv.gov.lv<\/p>\r\n<\/td>\r\n<\/tr>\r\n<tr>\r\n<td>\r\n<p>NSA RCCS Music Library<\/p>\r\n<\/td>\r\n<td>\r\n<p><strong>Maija Veinberga<\/strong><\/p>\r\n<\/td>\r\n<td>\r\n<p>fonoteka.rdks@nmv.gov.lv<\/p>\r\n<\/td>\r\n<\/tr>\r\n<tr>\r\n<td>\r\n<p>System Administrator<\/p>\r\n<\/td>\r\n<td>\r\n<p><strong>M\u0101ris Kalbergs<\/strong><\/p>\r\n<\/td>\r\n<td>\r\n<p>Maris.Kalbergs@nmv.gov.lv<\/p>\r\n<\/td>\r\n<\/tr>\r\n<tr>\r\n<td>\r\n<p>Head of Unit<\/p>\r\n<\/td>\r\n<td>\r\n<p><strong>Aivars Cepli\u0161s<\/strong><\/p>\r\n<\/td>\r\n<td>\r\n<p>Aivars.Cepliss@nmv.gov.lv<\/p>\r\n<\/td>\r\n<\/tr>\r\n<tr>\r\n<td>\r\n<p>Head of Dormitories<\/p>\r\n<\/td>\r\n<td>\r\n<p><strong>Baiba Bra\u010da<\/strong><\/p>\r\n<\/td>\r\n<td>\r\n<p>dienestaviesnica@nmv.gov.lv<\/p>\r\n<\/td>\r\n<\/tr>\r\n<tr>\r\n<td>\r\n<p>School Attendant<\/p>\r\n<\/td>\r\n<td>\u00a0<\/td>\r\n<td>\r\n<p>67804780 (Skolas st 11)<\/p>\r\n<p>27734000 (Kronvalda blvd 1)<\/p>\r\n<\/td>\r\n<\/tr>\r\n<\/tbody>\r\n<\/table>\r\n<p>&nbsp;<\/p>\r\n<p>&nbsp;<\/p>","protected":false},"excerpt":{"rendered":"<p>AECC NSA Riga Cathedral Choir School1 Kronvalda blvd (Grade 1-9)11 Skolas st (Course I-IV)rdks@nmv.gov.lv | 67804770 Headmaster, AECC &#8220;National School of Arts&#8221; Art\u016brs Cingujevs pasts@nmv.gov.lv Head, NSA Riga Cathedral Choir School Gints Ceplenieks rdks@nmv.gov.lv Consultation hours:mondays 15.00 &#8211; 17.00tuesdays 08.30 &#8211; 10.00 Secretary Daina Vaitkevica 67804770, rdks@nmv.gov.lv Deputy Director (Music) Egija Ozoli\u0146a 67804771, Egija.Ozolina@nmv.gov.lv Deputy&#8230;<\/p>\n","protected":false},"author":16,"featured_media":0,"parent":0,"menu_order":7,"comment_status":"closed","ping_status":"closed","template":"","meta":{"cybocfi_hide_featured_image":"","footnotes":""},"class_list":["post-2793","page","type-page","status-publish","hentry"],"_links":{"self":[{"href":"https:\/\/www.rdks.lv\/en\/wp-json\/wp\/v2\/pages\/2793","targetHints":{"allow":["GET"]}}],"collection":[{"href":"https:\/\/www.rdks.lv\/en\/wp-json\/wp\/v2\/pages"}],"about":[{"href":"https:\/\/www.rdks.lv\/en\/wp-json\/wp\/v2\/types\/page"}],"author":[{"embeddable":true,"href":"https:\/\/www.rdks.lv\/en\/wp-json\/wp\/v2\/users\/16"}],"replies":[{"embeddable":true,"href":"https:\/\/www.rdks.lv\/en\/wp-json\/wp\/v2\/comments?post=2793"}],"version-history":[{"count":106,"href":"https:\/\/www.rdks.lv\/en\/wp-json\/wp\/v2\/pages\/2793\/revisions"}],"predecessor-version":[{"id":18409,"href":"https:\/\/www.rdks.lv\/en\/wp-json\/wp\/v2\/pages\/2793\/revisions\/18409"}],"wp:attachment":[{"href":"https:\/\/www.rdks.lv\/en\/wp-json\/wp\/v2\/media?parent=2793"}],"curies":[{"name":"wp","href":"https:\/\/api.w.org\/{rel}","templated":true}]}}