{"id":2787,"date":"2015-04-27T12:19:01","date_gmt":"2015-04-27T09:19:01","guid":{"rendered":"http:\/\/www.rdks.lv\/?page_id=2787"},"modified":"2026-02-26T13:21:36","modified_gmt":"2026-02-26T11:21:36","slug":"konkursi","status":"publish","type":"page","link":"https:\/\/www.rdks.lv\/en\/metodiskais-darbs\/konkursi\/","title":{"rendered":"Competitions"},"content":{"rendered":"<p><em><strong>I Starptautiskais vok\u0101listu konkurss VOX IUVENTAE<br \/>\n<img loading=\"lazy\" decoding=\"async\" class=\" wp-image-16904 alignright\" src=\"https:\/\/www.rdks.lv\/wp-content\/uploads\/2025\/01\/plakats-bez-logo-joslas-lv-17.12.pdf.png\" alt=\"\" width=\"258\" height=\"365\" \/><br \/>\n<\/strong><\/em>MIKC \u201cNacion\u0101l\u0101 M\u0101kslu vidusskola\u201d R\u012bgas Doma kora skola ir vieta, kur uzaug jaun\u0101s balsis un talanti. M\u0101coties pie pieredz\u0113ju\u0161iem pedagogiem, audz\u0113k\u0146i regul\u0101ri uzst\u0101jas lab\u0101kaj\u0101s Latvijas koncertz\u0101l\u0113s, piedal\u0101s starptautiskos vok\u0101lajos konkursos un meistarklas\u0113s ar pasaules l\u012bme\u0146a operdzied\u0101t\u0101jiem \u2013 Marinu Rebeku, Valdi Jansonu u.c.<\/p>\n<div class=\"x_elementToProof\">Aizs\u0101kot 20. vok\u0101l\u0101s noda\u013cas dibin\u0101\u0161anas gadu, R\u012bgas Doma kora skola r\u012bko I Starptautisko vok\u0101listu konkursu \u201cVox iuventae\u201d. Konkursa m\u0113r\u0137is ir veicin\u0101t jauno akad\u0113misk\u0101s m\u016bzikas dzied\u0101t\u0101ju profesion\u0101lo izaugsmi starptautisk\u0101 m\u0113rog\u0101. Konkurss norisin\u0101s tr\u012bs k\u0101rt\u0101s, fin\u0101l\u0101 konkursa dal\u012bbnieki uzst\u0101jas ar Em\u012bla D\u0101rzi\u0146a m\u016bzikas skolas simfonisko or\u0137estri.<\/div>\n<p>Konkursam var pieteikties dzied\u0101t\u0101ji vecum\u0101 no 16 l\u012bdz 21 gadam:\u00a0<a href=\"https:\/\/docs.google.com\/forms\/d\/e\/1FAIpQLSdDGKWipUhVepskwGml2I-mqxaRN4yrve7cNCo4NFkvUi-RGQ\/viewform\"><strong>PIETEIKUMA ANKETA<\/strong><\/a><\/p>\n<p><strong>I k\u0101rta<\/strong>\u00a0att\u0101lin\u0101ti: l\u012bdz 2024. gada 29. novembrim (pieteik\u0161an\u0101s termi\u0146\u0161 pagarin\u0101ts)<br \/>\n<strong>II k\u0101rta<\/strong>\u00a0Em\u012bla D\u0101rzi\u0146a koncertz\u0101l\u0113: 2025. gada 12. febru\u0101r\u012b<br \/>\n<strong>Fin\u0101ls<\/strong>\u00a0Em\u012bla D\u0101rzi\u0146a koncertz\u0101l\u0113: 2025. gada 14. febru\u0101r\u012b<\/p>\n<p><strong>Meistarklases:<\/strong> Konkursa ietvaros, 2025. gada 13. febru\u0101r\u012b notiks meistarklases, kur\u0101s piedal\u012bties tiks aicin\u0101ti lab\u0101kie konkursa II k\u0101rtas dal\u012bbnieki, kas neb\u016bs tiku\u0161i fin\u0101l\u0101. Jaunajiem dzied\u0101t\u0101jiem b\u016bs iesp\u0113ja pilnveidot savas prasmes, str\u0101d\u0101jot ar konkursam piemekl\u0113to repertu\u0101ru pie starptautiski atz\u012btiem vok\u0101lajiem pedagogiem, konkursa \u017e\u016brijas locek\u013ciem \u2013 Heli Veskus (Heli Veskus), Snezanu Brzakovicu Marjanovicu (Snezana Brzakovic Marjanovic) un Vladimiru Prudnikovu (Vladimiras Prudnikovas).<\/p>\n<div class=\"x_elementToProof\">Konkursantiem pied\u0101v\u0101jam izv\u0113l\u0113ties nak\u0161\u0146o\u0161anai k\u0101du no tuv\u0101k eso\u0161aj\u0101m viesn\u012bc\u0101m, vai ar\u012b dz\u012bvot vies\u0123imen\u0113.<\/div>\n<div><\/div>\n<div>Vair\u0101k par pas\u0101kuma norisi lasi <a href=\"https:\/\/www.rdks.lv\/lv\/voxiuventae\/\">\u0160EIT<\/a>.<\/div>\n<hr \/>\n<p style=\"text-align: justify;\"><strong><em>VI Baltijas Bundzinieku L\u012bga<\/em> R\u012bgas Doma kora skol\u0101<\/strong><\/p>\n<p style=\"text-align: justify;\"><em>Konkursa filozofija:<br \/>\n<\/em><em>M\u016bzi\u0137u konkurss nav c\u012b\u0146a vienam PRET otru.<br \/>\n<\/em><em>Tie ir m\u016bzikas sv\u0113tki, kur viens no otra m\u0101c\u0101s un iedvesmojas!<br \/>\n<\/em><em>T\u0101 konkurence p\u0101rv\u0113r\u0161as par iedvesmu, par sacens\u012bbu katram pa\u0161am ar sevi, lai var\u0113tu att\u012bst\u012bties, augt un b\u016bt vair\u0101k par to, kas tu esi!<\/em><\/p>\n<p style=\"text-align: justify;\"><em>Baltijas Bundzinieku L\u012bga<\/em> ir konkurss, kur\u0101 tiek noteikts meistar\u012bg\u0101kais bundzinieks Baltij\u0101, vecuma grup\u0101 l\u012bdz 25 gadiem. Konkurss pirmo reizi notika 2010.gad\u0101, un kop\u0161 t\u0101 laika norisin\u0101s reizi divos gados.\u00a0<em>Baltijas Bundzinieku L\u012bgu<\/em>\u00a0organiz\u0113\u00a0 R\u012bgas Doma kora skola sadarb\u012bb\u0101 ar <em>Saulkrastu Jazz festiv\u0101lu<\/em> un m\u016bzikas instrumentu ra\u017eot\u0101ju <a href=\"https:\/\/www.paiste.com\/\">Paiste<\/a>, kas \u013cauj meistar\u012bg\u0101kajiem Igaunijas, Lietuvas un Latvijas bundziniekiem c\u012bn\u012bties par \u0161\u012bs komp\u0101nijas sag\u0101d\u0101taj\u0101m balv\u0101m.<\/p>\n<p style=\"text-align: justify;\">Konkursa Galven\u0101 balva ir 1000 EUR vai apmaks\u0101ts brauciens un dal\u012bba d\u017eeza m\u016bzikas meistarklas\u0113s k\u0101d\u0101 no <em>Saulkrasti Jazz<\/em>\u00a0<em>festiv\u0101la<\/em> sadarb\u012bbas partneru r\u012bkotajiem <a href=\"https:\/\/www.saulkrastijazz.lv\/sadarbiba\/\">d\u017eeza m\u016bzikas festiv\u0101liem<\/a>.<\/p>\n<p style=\"text-align: justify;\">Konkurss notiek div\u0101s k\u0101rt\u0101s:<\/p>\n<ul style=\"text-align: justify;\">\n<li>ATLASES k\u0101rta norisin\u0101s konkursa dal\u012bbnieka m\u012btnes zem\u0113, kur tiek atlas\u012bti divi dal\u012bbnieki dal\u012bbai FIN\u0100L\u0100. Latvijas bundzinieku atlase notiks <strong>2026. gada<\/strong> <strong>14. mart\u0101 plkst.12:00, R\u012bgas Doma kora skol\u0101, Skolas iel\u0101 11<\/strong><\/li>\n<li>FIN\u0100LS norisin\u0101sies Latvij\u0101,\u00a0<em>Saulkrasti Jazz <\/em>festiv\u0101la ietvaros\u00a0<strong>17. j\u016blij\u0101<\/strong>\u00a0uz Liel\u0101s skatuves, un tas b\u016bs atv\u0113rts publikai.<\/li>\n<\/ul>\n<p style=\"text-align: justify;\">Iepriek\u0161\u0113jie\u00a0<em>Baltijas Bundzinieku L\u012bga <\/em>uzvar\u0113t\u0101ji konkurs\u0101 nepiedal\u0101s.<\/p>\n<p style=\"text-align: justify;\">Katrs FIN\u0100LA dal\u012bbnieks izpilda iepriek\u0161 sagatavotu programmu, kuras skatuves laiks nep\u0101rsniedz 15 min\u016btes. Programm\u0101 tiek ietverts:<\/p>\n<ul style=\"text-align: justify;\">\n<li>solo mazai bungai \/snare drum\/;<\/li>\n<li>br\u012bvs solo uz bungu komplekta \/open solo\/;<\/li>\n<li>sp\u0113le ar ansambli vai\u00a0<em>play along.<\/em><\/li>\n<\/ul>\n<p style=\"text-align: justify;\">Konkursa dal\u012bbniekus ik gadu v\u0113rt\u0113 cita \u017e\u016brijas komisija, kuras sast\u0101v\u0101 ir profesion\u0101li m\u016bzi\u0137i un\/vai pasniedz\u0113ji no \u0101rvalst\u012bm.<\/p>\n<p style=\"text-align: justify;\">Pieteik\u0161an\u0101s un dal\u012bba konkurs\u0101 ir bezmaksas, aizpildot\u00a0<a href=\"https:\/\/docs.google.com\/forms\/d\/1bC40vtIiqS0wdkyAbuMR1-HGW2_t9IO4i2023yTWO5M\/preview\">ANKETU<\/a> l\u012bdz 1. martam.<\/p>\n<p style=\"text-align: justify;\">Jaut\u0101jumu gad\u012bjum\u0101 raksti uz <a href=\"mailto:kursi@nmv.lv\">kursi@nmv.lv<\/a><\/p>\n<hr \/>\n<h4><strong>2019. gada 4. novembr\u012b notiks solistu konkurss 2.-5. kla\u0161u audz\u0113k\u0146iem &#8220;Dzied m\u0101si\u0146a, tu pret mani&#8221; un 7. novembr\u012b &#8211; 6.-9. kla\u0161u audz\u0113k\u0146iem &#8220;Es savai zem\u012btei&#8221;!<\/strong><\/h4>\n<p><span style=\"text-decoration: underline;\">&#8220;Dzied, m\u0101si\u0146a, tu pret mani&#8221; 2.-5. kla\u0161u solistiem 04.11.2019. plkst. 13.00 RDKS Za\u013caj\u0101 z\u0101l\u0113<\/span><\/p>\n<ul>\n<li>Programm\u0101 katrs dal\u012bbnieks dzied vienu latvie\u0161u tautas dziesmu a cappella;<\/li>\n<li>Augsti nov\u0113rt\u0113ta tiks ne tikai\u00a0 skaists balss materi\u0101ls, bet ar\u012b solista m\u0101kslinieciskums un prasme t\u0113laini un atspogu\u013cot dziesmas saturu;<\/li>\n<li>Pieteikt dal\u012bbniekus l\u012bdz 28. oktobrim!<\/li>\n<\/ul>\n<p><span style=\"text-decoration: underline;\">&#8220;Es savai zem\u012btei&#8221; 6.-9. kla\u0161u solistiem 07.11.2019. plkst. 14.30 RDKS Za\u013caj\u0101 z\u0101l\u0113<\/span><\/p>\n<ul>\n<li>Programm\u0101 &#8211; katrs dal\u012bbnieks (vai duets) dzied vienu latvie\u0161u tautas dziesmu ar pavad\u012bjumu;<\/li>\n<li>Skaista balss kopsalikum\u0101 ar m\u0101kslinieciski izteiksm\u012bgu un patiesu priek\u0161nesumu;<\/li>\n<li>Pieteikt dal\u012bbniekus l\u012bdz 4. novembrim!<\/li>\n<\/ul>\n<p><a href=\"http:\/\/www.rdks.lv\/wp-content\/uploads\/2019\/10\/4..jpg\"><img loading=\"lazy\" decoding=\"async\" class=\"alignnone wp-image-9893\" src=\"http:\/\/www.rdks.lv\/wp-content\/uploads\/2019\/10\/4..jpg\" alt=\"\" width=\"275\" height=\"389\" \/><\/a> <a href=\"http:\/\/www.rdks.lv\/wp-content\/uploads\/2019\/10\/My-Post-copy-2-page-001.jpg\"><img loading=\"lazy\" decoding=\"async\" class=\"alignnone wp-image-9787\" src=\"http:\/\/www.rdks.lv\/wp-content\/uploads\/2019\/10\/My-Post-copy-2-page-001.jpg\" alt=\"\" width=\"252\" height=\"389\" \/><\/a><\/p>\n<hr \/>\n<h3>Talsu III Starptautiskais akad\u0113misk\u0101s dzied\u0101\u0161anas un vok\u0101lo ansamb\u013cu konkurss<\/h3>\n<p>2019. gada 3. un 4. maij\u0101 Talsos notiks III Talsu Starptautiskais b\u0113rnu un jaunie\u0161u akad\u0113misk\u0101s dzied\u0101\u0161anas un vok\u0101lo ansamb\u013cu konkurss. Taj\u0101 savu sniegumu demonstr\u0113s dal\u012bbnieki no Latvijas un \u0101rvalst\u012bm. Konkurss nosl\u0113gsies ar izcil\u0101ko konkursantu sniegumu laure\u0101tu koncert\u0101 Talsu Tautas nam\u0101.<\/p>\n<p>\u0160ogad konkurss Talsos notiks tre\u0161o reizi un taj\u0101 dal\u012bbu pieteiku\u0161i 76 dal\u012bbnieki, kuru sniegumu v\u0113rt\u0113s starptautisks \u017e\u016brijas komisijas sast\u0101vs: Rita Novikaite (Lietuva), Olga Kosareva (Baltkrievij<span class=\"text_exposed_show\">a), Antra Jankava un Rihards Millers (Latvija).<\/span><\/p>\n<div class=\"text_exposed_show\">\n<p>\u012apa\u0161u p\u0101rsteigumu konkursa dal\u012bbniekiem sar\u016bp\u0113jusi talsiniece, Latvijas Nacion\u0101l\u0101s operas un baleta sopr\u0101ns Dana Bramane, kura konkursa nosl\u0113gum\u0101 k\u0101dam dal\u012bbniekam d\u0101v\u0101s \u012bpa\u0161u balvu \u2013 bezmaksas meistarklasi un iesp\u0113ju veidot kop\u012bgu koncertprogrammu, kuru skat\u012bt\u0101jiem b\u016bs iesp\u0113jams baud\u012bt 2019. gada Laidzes Mazajos operas sv\u0113tkos.<\/p>\n<p>Konkursa ietvaros notieko\u0161os pas\u0101kumus bez maksas aicin\u0101ts apmekl\u0113t ikviens interesents.<br \/>\nKonkurss tapis pateicoties Talsu novada pa\u0161vald\u012bbas un Valsts Kult\u016brkapit\u0101la fonda atbalstam.<\/p>\n<p><a href=\"http:\/\/www.rdks.lv\/wp-content\/uploads\/2019\/04\/Afisa_vokalais-konkurss_2019_web_Afisa_vokals_1-copy-2.jpg\"><img loading=\"lazy\" decoding=\"async\" class=\"alignnone size-full wp-image-9256\" src=\"http:\/\/www.rdks.lv\/wp-content\/uploads\/2019\/04\/Afisa_vokalais-konkurss_2019_web_Afisa_vokals_1-copy-2.jpg\" alt=\"\" width=\"842\" height=\"1192\" \/><\/a><\/p>\n<\/div>\n<h3>Talsu II Starptautiskais akad\u0113misk\u0101s dzied\u0101\u0161anas un vok\u0101lo ansamb\u013cu konkurss<\/h3>\n<p><strong>2017. gada 27. &#8211; 29. apr\u012bl\u012b<\/strong><\/p>\n<p style=\"text-align: justify;\">[fb_album id=&#8221;1311795595555910&#8243; order=&#8221;asc&#8221;]<\/p>\n<p style=\"text-align: justify;\"><span class=\" _50f4\">No 27. l\u012bdz 29. apr\u012blim Talsos norisin\u0101j\u0101s II Starptautiskais akad\u0113misk\u0101s dzied\u0101\u0161anas un vok\u0101lo ansamb\u013cu konkurss, kura organiz\u0113\u0161an\u0101 piedal\u012bj\u0101s ar\u012b R\u012bgas Doma kora skola. \u0160eit foto no konkursa nosl\u0113guma koncerta un apbalvo\u0161anas ceremonijas. Apsveicam m\u016bsu audz\u0113k\u0146us ar lielisko sniegumu, un sak\u0101m paldies Talsu novada pa\u0161vald\u012bba par veiksm\u012bgo sadarb\u012bbu! Foto: Dzintars Krasti\u0146\u0161<\/span><\/p>\n<hr \/>\n<p>27. apr\u012bl\u012b &#8211; meistarklases pedagogiem, 28., 29. apr\u012bl\u012b &#8211; konkursa II un III k\u0101rta<\/p>\n<p>Konkursa I k\u0101rtas rezult\u0101ti &#8211; ar \u0161iem dal\u012bbniekiem tiksimies kl\u0101tien\u0113 28. apr\u012bl\u012b!\u00a0<a href=\"http:\/\/www.talsi.lv\/uploads\/filedir\/Info\/2017\/vokalam1posmarezultati.pdf\">SKAT\u012aT \u0160EIT<\/a><\/p>\n<p>Inform\u0101cija par meistarklas\u0113m:<\/p>\n<p><a href=\"http:\/\/www.rdks.lv\/wp-content\/uploads\/2015\/04\/Talsu-meistarklases-afisa-LV-web.jpg\"><img loading=\"lazy\" decoding=\"async\" class=\"alignnone size-full wp-image-5738\" src=\"http:\/\/www.rdks.lv\/wp-content\/uploads\/2015\/04\/Talsu-meistarklases-afisa-LV-web.jpg\" alt=\"\" width=\"596\" height=\"840\" srcset=\"https:\/\/www.rdks.lv\/wp-content\/uploads\/2015\/04\/Talsu-meistarklases-afisa-LV-web.jpg 596w, https:\/\/www.rdks.lv\/wp-content\/uploads\/2015\/04\/Talsu-meistarklases-afisa-LV-web-213x300.jpg 213w\" sizes=\"auto, (max-width: 596px) 100vw, 596px\" \/><\/a><\/p>\n<hr \/>\n<p style=\"text-align: justify;\">Konkursa nolikums <span style=\"color: #ff0000;\"><a href=\"http:\/\/www.rdks.lv\/wp-content\/uploads\/2015\/04\/Pielikums_Starpt_vok_ans_konk_nolikums.doc\">skat\u012bt \u0161eit<\/a><\/span><\/p>\n<p style=\"text-align: justify;\">Pieteikuma anketa <a href=\"http:\/\/www.rdks.lv\/wp-content\/uploads\/2015\/04\/Pieteikuma_anketa.doc\">skat\u012bt \u0161eit<\/a><\/p>\n<p style=\"text-align: justify;\">Nak\u0161\u0146o\u0161anas iesp\u0113jas <a href=\"http:\/\/www.rdks.lv\/wp-content\/uploads\/2015\/04\/Naktsmajas.docx\">skat\u012bt \u0161eit<\/a><\/p>\n<p style=\"text-align: justify;\">Pieteik\u0161an\u0101s termi\u0146\u0161:<b> 2017. gada 10. marts<\/b><\/p>\n<p>Visa inform\u0101cija par konkursu, rakstot uz <span style=\"text-decoration: underline; color: #0000ff;\">vocal@talsi.lv<\/span><\/p>\n<hr \/>\n<p style=\"text-align: justify;\">Talsu novada pa\u0161vald\u012bba sadarb\u012bb\u0101 ar R\u012bgas Doma kora skolu aicina m\u016bzikas skolu, m\u016bzikas vidusskolu, koled\u017eu, kult\u016bras centru, vok\u0101lo studiju audz\u0113k\u0146us, k\u0101 ar\u012b m\u016bzikas akad\u0113miju un konservatoriju studentus vecum\u0101 no 8 l\u012bdz 21 gadam piedal\u012bties Talsu II Starptautiskaj\u0101 b\u0113rnu un jaunie\u0161u akad\u0113misk\u0101s dzied\u0101\u0161anas un vok\u0101lo ansamb\u013cu konkurs\u0101. Konkurss Talsos norisin\u0101sies no 27. l\u012bdz 29. apr\u012blim, pieteikties iesp\u0113jams l\u012bdz 10. martam.<\/p>\n<p style=\"text-align: justify;\">Konkurss notiks tr\u012bs k\u0101rt\u0101s \u2013 l\u012bdz 10. martam interesentiem uz konkursa ofici\u0101lo e-pasta adresi <span style=\"text-decoration: underline;\"><strong>vocal@talsi.lv<\/strong><\/span> j\u0101nos\u016bta pieteikuma anketa un videoieraksts, kur\u0101 konkursa dal\u012bbnieks vai dal\u012bbnieki izpilda divus da\u017e\u0101da rakstura ska\u0146darbus. Ies\u016bt\u012btos pieteikumus un video izv\u0113rt\u0113s starptautiska \u017e\u016brija, l\u012bdz 17. martam vietn\u0113s <span style=\"text-decoration: underline;\">talsi.lv<\/span> un <span style=\"text-decoration: underline;\">rdks.lv<\/span> tiks public\u0113ta inform\u0101cija, kuri pretendenti iek\u013cuvu\u0161i konkursa 2. k\u0101rt\u0101.<\/p>\n<p style=\"text-align: justify;\">Talsu II Starptautiskais b\u0113rnu un jaunie\u0161u akad\u0113misk\u0101s dzied\u0101\u0161anas un vok\u0101lo ansamb\u013cu konkurss norisin\u0101sies tr\u012bs dienas. Konkursa dal\u012bbniekiem, pedagogiem un citiem interesentiem b\u016bs iesp\u0113ja piedal\u012bties meistarklas\u0113s, kuras vad\u012bs pieredz\u0113ju\u0161i lektori, tostarp ar\u012b konkursa starptautisk\u0101s \u017e\u016brijas locek\u013ci.<\/p>\n<p style=\"text-align: justify;\">2015. gad\u0101 konkurss tika r\u012bkots pirmo reizi, taj\u0101 piedal\u012bj\u0101s 69 individu\u0101lie izpild\u012bt\u0101ji un \u010detri ansamb\u013ci no Baltijas valst\u012bm, Azerbaid\u017e\u0101nas, Baltkrievijas, Krievijas un Polijas. Galveno balvu ieguva Bidgo\u0161\u010das M\u016bzikas akad\u0113mijas audz\u0113kne Hanna Okonska (pedagogs Margarita Gr\u0113la). \u0160\u0101da m\u0113roga b\u0113rnu un jaunie\u0161u akad\u0113misk\u0101s dzied\u0101\u0161anas un vok\u0101lo izpild\u012bt\u0101ju ansamb\u013cu konkurss Latvij\u0101 norisin\u0101j\u0101s pirmo reizi.<\/p>\n<hr \/>\n<div class=\"news-content\">\n<p>Konkursa oblig\u0101tie ska\u0146darbi (iesp\u0113ja izv\u0113l\u0113ties vienu no trim):<\/p>\n<p>A grupa 8 \u2013 11 gadi<\/p>\n<ul>\n<li>It\u0101\u013cu tautas dziesma<em> La Rondinella<\/em><\/li>\n<li>Neapolie\u0161u dziesma<em> Cicerenella<\/em><\/li>\n<li>It\u0101lie\u0161u tautas dziesma<em> Tic e tic e toc<\/em><\/li>\n<\/ul>\n<p>B grupa 12 \u2013 14 gadi<\/p>\n<ul>\n<li>F. Tenaglia <em>Begli occhi, merce<\/em><\/li>\n<li>Bianchi<em> Vien qua, Dorina bella<\/em><\/li>\n<li>Vivaldi <em>Vieni, vieni<\/em><\/li>\n<\/ul>\n<p>C grupa 15 \u2013 17 gadi<\/p>\n<ul>\n<li>D. Paradies <em>M\u2019ha presso alla sua ragna<\/em><\/li>\n<li>Anon\u012bms aut. <em>Star vicino<\/em><\/li>\n<li>Neapolie\u0161u dziesma <em>Te voglio bene assai<\/em><\/li>\n<\/ul>\n<p>D grupa 18 \u2013 21 gadi<\/p>\n<ul>\n<li>Stradella <em>Cosi, Amor, mi fai languir<\/em><\/li>\n<li>Rosa <em>Vado ben spesso<\/em><\/li>\n<li>Caldara <em>Alma del core<\/em><\/li>\n<\/ul>\n<\/div>\n","protected":false},"excerpt":{"rendered":"<p>I Starptautiskais vok\u0101listu konkurss VOX IUVENTAE MIKC \u201cNacion\u0101l\u0101 M\u0101kslu vidusskola\u201d R\u012bgas Doma kora skola ir vieta, kur uzaug jaun\u0101s balsis un talanti. M\u0101coties pie pieredz\u0113ju\u0161iem pedagogiem, audz\u0113k\u0146i regul\u0101ri uzst\u0101jas lab\u0101kaj\u0101s Latvijas koncertz\u0101l\u0113s, piedal\u0101s starptautiskos vok\u0101lajos konkursos un meistarklas\u0113s ar pasaules l\u012bme\u0146a operdzied\u0101t\u0101jiem \u2013 Marinu Rebeku, Valdi Jansonu u.c. Aizs\u0101kot 20. vok\u0101l\u0101s noda\u013cas dibin\u0101\u0161anas gadu, R\u012bgas&#8230;<\/p>\n","protected":false},"author":16,"featured_media":0,"parent":4150,"menu_order":4,"comment_status":"closed","ping_status":"closed","template":"","meta":{"cybocfi_hide_featured_image":"","footnotes":""},"class_list":["post-2787","page","type-page","status-publish","hentry"],"_links":{"self":[{"href":"https:\/\/www.rdks.lv\/en\/wp-json\/wp\/v2\/pages\/2787","targetHints":{"allow":["GET"]}}],"collection":[{"href":"https:\/\/www.rdks.lv\/en\/wp-json\/wp\/v2\/pages"}],"about":[{"href":"https:\/\/www.rdks.lv\/en\/wp-json\/wp\/v2\/types\/page"}],"author":[{"embeddable":true,"href":"https:\/\/www.rdks.lv\/en\/wp-json\/wp\/v2\/users\/16"}],"replies":[{"embeddable":true,"href":"https:\/\/www.rdks.lv\/en\/wp-json\/wp\/v2\/comments?post=2787"}],"version-history":[{"count":38,"href":"https:\/\/www.rdks.lv\/en\/wp-json\/wp\/v2\/pages\/2787\/revisions"}],"predecessor-version":[{"id":18234,"href":"https:\/\/www.rdks.lv\/en\/wp-json\/wp\/v2\/pages\/2787\/revisions\/18234"}],"up":[{"embeddable":true,"href":"https:\/\/www.rdks.lv\/en\/wp-json\/wp\/v2\/pages\/4150"}],"wp:attachment":[{"href":"https:\/\/www.rdks.lv\/en\/wp-json\/wp\/v2\/media?parent=2787"}],"curies":[{"name":"wp","href":"https:\/\/api.w.org\/{rel}","templated":true}]}}