{"id":2757,"date":"2015-04-27T11:05:08","date_gmt":"2015-04-27T08:05:08","guid":{"rendered":"http:\/\/www.rdks.lv\/?page_id=2757"},"modified":"2024-01-17T17:18:06","modified_gmt":"2024-01-17T15:18:06","slug":"par-skolu","status":"publish","type":"page","link":"https:\/\/www.rdks.lv\/en\/par-skolu\/","title":{"rendered":"About Us"},"content":{"rendered":"<p><\/p>\n<h2 style=\"text-align: center;\">Riga Cathedral Choir School<\/h2>\n<p><a href=\"http:\/\/www.rdks.lv\/wp-content\/uploads\/2013\/12\/P1340141.jpg\"><img loading=\"lazy\" decoding=\"async\" class=\"wp-image-320 aligncenter\" src=\"http:\/\/www.rdks.lv\/wp-content\/uploads\/2013\/12\/P1340141.jpg\" alt=\"P1340141\" width=\"450\" height=\"300\" srcset=\"https:\/\/www.rdks.lv\/wp-content\/uploads\/2013\/12\/P1340141.jpg 1024w, https:\/\/www.rdks.lv\/wp-content\/uploads\/2013\/12\/P1340141-300x200.jpg 300w, https:\/\/www.rdks.lv\/wp-content\/uploads\/2013\/12\/P1340141-250x166.jpg 250w\" sizes=\"auto, (max-width: 450px) 100vw, 450px\" \/><\/a><\/p>\n<p>Riga Cathedral Choir School (RCCS) was founded and has been working since July 12, 1994. In 1994, 83 students from year one to twelwe started studying in RCCS. On school year 2023\/2024, 290 are studying in Riga Cathedral Choir School. There are 121 teachers currently working in the school.<\/p>\n<hr \/>\n<p style=\"text-align: center;\"><span style=\"color: #000066; font-family: Georgia; font-size: small;\"><img loading=\"lazy\" decoding=\"async\" class=\"wp-image-15912 aligncenter\" src=\"https:\/\/www.rdks.lv\/wp-content\/uploads\/2024\/01\/419722051_926358436162272_8150359519909553294_n-300x258.jpg\" alt=\"\" width=\"485\" height=\"417\" srcset=\"https:\/\/www.rdks.lv\/wp-content\/uploads\/2024\/01\/419722051_926358436162272_8150359519909553294_n-300x258.jpg 300w, https:\/\/www.rdks.lv\/wp-content\/uploads\/2024\/01\/419722051_926358436162272_8150359519909553294_n-1024x881.jpg 1024w, https:\/\/www.rdks.lv\/wp-content\/uploads\/2024\/01\/419722051_926358436162272_8150359519909553294_n-768x660.jpg 768w, https:\/\/www.rdks.lv\/wp-content\/uploads\/2024\/01\/419722051_926358436162272_8150359519909553294_n-1536x1321.jpg 1536w, https:\/\/www.rdks.lv\/wp-content\/uploads\/2024\/01\/419722051_926358436162272_8150359519909553294_n.jpg 2048w\" sizes=\"auto, (max-width: 485px) 100vw, 485px\" \/><\/span><\/p>\n<p style=\"text-align: center;\"><span style=\"color: #000066; font-family: Georgia; font-size: small;\">\u00a0<\/span>School collective on September 22, 2023<br \/>\nPhoto: M\u0101rti\u0146\u0161 Kli\u0161\u0101ns, Aivars Krasti\u0146\u0161<\/p>\n<p><\/p>","protected":false},"excerpt":{"rendered":"<p>Riga Cathedral Choir School Riga Cathedral Choir School (RCCS) was founded and has been working since July 12, 1994. In 1994, 83 students from year one to twelwe started studying in RCCS. On school year 2023\/2024, 290 are studying in Riga Cathedral Choir School. There are 121 teachers currently working in the school. \u00a0School collective&#8230;<\/p>\n","protected":false},"author":16,"featured_media":0,"parent":0,"menu_order":2,"comment_status":"closed","ping_status":"closed","template":"","meta":{"cybocfi_hide_featured_image":"","footnotes":""},"class_list":["post-2757","page","type-page","status-publish","hentry"],"_links":{"self":[{"href":"https:\/\/www.rdks.lv\/en\/wp-json\/wp\/v2\/pages\/2757","targetHints":{"allow":["GET"]}}],"collection":[{"href":"https:\/\/www.rdks.lv\/en\/wp-json\/wp\/v2\/pages"}],"about":[{"href":"https:\/\/www.rdks.lv\/en\/wp-json\/wp\/v2\/types\/page"}],"author":[{"embeddable":true,"href":"https:\/\/www.rdks.lv\/en\/wp-json\/wp\/v2\/users\/16"}],"replies":[{"embeddable":true,"href":"https:\/\/www.rdks.lv\/en\/wp-json\/wp\/v2\/comments?post=2757"}],"version-history":[{"count":28,"href":"https:\/\/www.rdks.lv\/en\/wp-json\/wp\/v2\/pages\/2757\/revisions"}],"predecessor-version":[{"id":15914,"href":"https:\/\/www.rdks.lv\/en\/wp-json\/wp\/v2\/pages\/2757\/revisions\/15914"}],"wp:attachment":[{"href":"https:\/\/www.rdks.lv\/en\/wp-json\/wp\/v2\/media?parent=2757"}],"curies":[{"name":"wp","href":"https:\/\/api.w.org\/{rel}","templated":true}]}}