{"id":18394,"date":"2026-03-27T10:43:11","date_gmt":"2026-03-27T08:43:11","guid":{"rendered":"https:\/\/www.rdks.lv\/?page_id=18394"},"modified":"2026-03-27T10:43:11","modified_gmt":"2026-03-27T08:43:11","slug":"erasmus-projekts-2025-2026","status":"publish","type":"page","link":"https:\/\/www.rdks.lv\/en\/erasmus-projekts-2025-2026\/","title":{"rendered":"Erasmus projekts 2025\/2026"},"content":{"rendered":"<div style=\"text-align: justify;\" role=\"presentation\" data-olk-copy-source=\"MessageBody\">2026. gada 14. mart\u0101 R\u012bgas Doma kora skolas vidusskolas III kursa audz\u0113k\u0146i Em\u012blija Fricsone un Valters Veckakti\u0146\u0161 piedal\u012bj\u0101s 5. starptautiskaj\u0101 konkurs\u0101 \u201cMusica Goritiensis\u201d It\u0101lijas pils\u0113t\u0101 Gor\u012bzij\u0101.<\/div>\n<ul style=\"text-align: justify;\">\n<li role=\"presentation\" data-olk-copy-source=\"MessageBody\">Vok\u0101laj\u0101 B kategorij\u0101 (2007.\u20132008. gad\u0101 dzimu\u0161ie):<br \/>\n<strong>Em\u012blija Fricsone<\/strong> \u2013 2. vieta (93 punkti)<br \/>\n<strong>Valters Veckakti\u0146\u0161<\/strong> \u2013 2. vieta (91 punkts)<\/li>\n<\/ul>\n<blockquote>\n<div style=\"text-align: justify;\"><strong>Em\u012blija Fricsone:<\/strong> &#8220;No 14. mart\u0101 l\u012bdz 21.martam man un Valteram Veckakti\u0146am bija lieliska iesp\u0113ja piedal\u012bties 5. Starptautiskaj\u0101 m\u016bzikas konkurs\u0101 \u201cMusica Goritiensis\u201d, kas norisin\u0101j\u0101s Gor\u012bcij\u0101 (It\u0101lija) un Nova Goric\u0101 (Slov\u0113nija). P\u0113c garas ce\u013c\u0101 pavad\u012btas dienas jau n\u0101kamaj\u0101 r\u012bt\u0101 agri c\u0113l\u0101mies un ar pilnu atdevi gatavoj\u0101mies konkursam. M\u016bsu sniegumu v\u0113rt\u0113ja starptautiska profesion\u0101\u013cu \u017e\u016brija. Esam patiesi priec\u012bgi par sasniegtajiem rezult\u0101tiem \u2013 konkurs\u0101 izc\u012bn\u012bj\u0101m divas 2. vietas.<br \/>\nERASMUS+ mobilit\u0101tes programmas ietvaros iepazin\u0101m ar\u012b apk\u0101rt\u0113jo kult\u016bras dz\u012bvi un sm\u0113l\u0101mies iedvesmu no It\u0101\u013cu renesanses un arhitekt\u016bras paraugiem Triest\u0113, apmekl\u0113jot D\u017euzepes Verdi operte\u0101tri, Laikmet\u012bg\u0101s m\u0101kslas muzeju un citviet baudot iev\u0113rojamus kult\u016bras un reli\u0123iskos objektus. Apmekl\u0113j\u0101m Sv\u0113t\u0101 Kalna (Sveta Gora) baziliku Slov\u0113nij\u0101, klaus\u012bj\u0101mies D\u017eoak\u012bno Ros\u012bni \u201cPetite Messe Solennelle\u201d Palermo operte\u0101tr\u012b kora un solistu izpild\u012bjum\u0101, k\u0101 ar\u012b pabij\u0101m Monre\u0101les katedr\u0101l\u0113 (Sv\u0113t\u0101s Marijas Jaunavas katedr\u0101le), Sv\u0113t\u0101s Roz\u0101lijas sv\u0113tviet\u0101 un Pellegr\u012bno kaln\u0101.<br \/>\nIzsak\u0101m lielu pateic\u012bbu m\u016bsu skolot\u0101jai Valda Dzene par ieguld\u012bto darbu m\u016bsu vok\u0101lo prasmju att\u012bst\u012bb\u0101, sagatavo\u0161an\u0101 un par neatlaid\u012bgo atbalstu visa brauciena laik\u0101.<br \/>\n\u012apa\u0161u paldies sak\u0101m MIKC NMV R\u012bgas Doma kora skolas projektu vad\u012bt\u0101jai Linda Samsone par projekta organiz\u0113\u0161anu un \u012bsteno\u0161anu, koncertmeistaram M\u0101ris \u017dagars par muzik\u0101lo sadarb\u012bbu un atbalstu, k\u0101 ar\u012b nov\u0113rt\u0113jam ERASMUS+ programmas iesp\u0113jas, kuras ietvaros \u0161is brauciens tika realiz\u0113ts.&#8221;<\/div>\n<\/blockquote>\n<div>\n<div id='gallery-1' class='gallery galleryid-18394 gallery-columns-2 gallery-size-medium'><figure class='gallery-item'>\n\t\t\t<div class='gallery-icon landscape'>\n\t\t\t\t<img loading=\"lazy\" decoding=\"async\" width=\"300\" height=\"225\" src=\"https:\/\/www.rdks.lv\/wp-content\/uploads\/2026\/03\/650759827_1408510397955216_1970619005536289852_n-300x225.jpg\" class=\"attachment-medium size-medium\" alt=\"\" srcset=\"https:\/\/www.rdks.lv\/wp-content\/uploads\/2026\/03\/650759827_1408510397955216_1970619005536289852_n-300x225.jpg 300w, https:\/\/www.rdks.lv\/wp-content\/uploads\/2026\/03\/650759827_1408510397955216_1970619005536289852_n-1024x768.jpg 1024w, https:\/\/www.rdks.lv\/wp-content\/uploads\/2026\/03\/650759827_1408510397955216_1970619005536289852_n-768x576.jpg 768w, https:\/\/www.rdks.lv\/wp-content\/uploads\/2026\/03\/650759827_1408510397955216_1970619005536289852_n-1536x1152.jpg 1536w, https:\/\/www.rdks.lv\/wp-content\/uploads\/2026\/03\/650759827_1408510397955216_1970619005536289852_n.jpg 1550w\" sizes=\"auto, (max-width: 300px) 100vw, 300px\" \/>\n\t\t\t<\/div><\/figure><figure class='gallery-item'>\n\t\t\t<div class='gallery-icon portrait'>\n\t\t\t\t<img loading=\"lazy\" decoding=\"async\" width=\"225\" height=\"300\" src=\"https:\/\/www.rdks.lv\/wp-content\/uploads\/2026\/03\/656716051_1647450083101189_3868462247441279250_n-225x300.jpg\" class=\"attachment-medium size-medium\" alt=\"\" srcset=\"https:\/\/www.rdks.lv\/wp-content\/uploads\/2026\/03\/656716051_1647450083101189_3868462247441279250_n-225x300.jpg 225w, https:\/\/www.rdks.lv\/wp-content\/uploads\/2026\/03\/656716051_1647450083101189_3868462247441279250_n-768x1024.jpg 768w, https:\/\/www.rdks.lv\/wp-content\/uploads\/2026\/03\/656716051_1647450083101189_3868462247441279250_n.jpg 990w\" sizes=\"auto, (max-width: 225px) 100vw, 225px\" \/>\n\t\t\t<\/div><\/figure><figure class='gallery-item'>\n\t\t\t<div class='gallery-icon landscape'>\n\t\t\t\t<img loading=\"lazy\" decoding=\"async\" width=\"300\" height=\"225\" src=\"https:\/\/www.rdks.lv\/wp-content\/uploads\/2026\/03\/651040285_1408510521288537_7896248169355356689_n-300x225.jpg\" class=\"attachment-medium size-medium\" alt=\"\" srcset=\"https:\/\/www.rdks.lv\/wp-content\/uploads\/2026\/03\/651040285_1408510521288537_7896248169355356689_n-300x225.jpg 300w, https:\/\/www.rdks.lv\/wp-content\/uploads\/2026\/03\/651040285_1408510521288537_7896248169355356689_n-1024x768.jpg 1024w, https:\/\/www.rdks.lv\/wp-content\/uploads\/2026\/03\/651040285_1408510521288537_7896248169355356689_n-768x576.jpg 768w, https:\/\/www.rdks.lv\/wp-content\/uploads\/2026\/03\/651040285_1408510521288537_7896248169355356689_n.jpg 1478w\" sizes=\"auto, (max-width: 300px) 100vw, 300px\" \/>\n\t\t\t<\/div><\/figure><figure class='gallery-item'>\n\t\t\t<div class='gallery-icon portrait'>\n\t\t\t\t<img loading=\"lazy\" decoding=\"async\" width=\"225\" height=\"300\" src=\"https:\/\/www.rdks.lv\/wp-content\/uploads\/2026\/03\/656334151_1647449739767890_6527671565054354114_n-225x300.jpg\" class=\"attachment-medium size-medium\" alt=\"\" srcset=\"https:\/\/www.rdks.lv\/wp-content\/uploads\/2026\/03\/656334151_1647449739767890_6527671565054354114_n-225x300.jpg 225w, https:\/\/www.rdks.lv\/wp-content\/uploads\/2026\/03\/656334151_1647449739767890_6527671565054354114_n-768x1024.jpg 768w, https:\/\/www.rdks.lv\/wp-content\/uploads\/2026\/03\/656334151_1647449739767890_6527671565054354114_n-1152x1536.jpg 1152w, https:\/\/www.rdks.lv\/wp-content\/uploads\/2026\/03\/656334151_1647449739767890_6527671565054354114_n.jpg 1200w\" sizes=\"auto, (max-width: 225px) 100vw, 225px\" \/>\n\t\t\t<\/div><\/figure><figure class='gallery-item'>\n\t\t\t<div class='gallery-icon portrait'>\n\t\t\t\t<img loading=\"lazy\" decoding=\"async\" width=\"225\" height=\"300\" src=\"https:\/\/www.rdks.lv\/wp-content\/uploads\/2026\/03\/image3-225x300.jpeg\" class=\"attachment-medium size-medium\" alt=\"\" srcset=\"https:\/\/www.rdks.lv\/wp-content\/uploads\/2026\/03\/image3-225x300.jpeg 225w, https:\/\/www.rdks.lv\/wp-content\/uploads\/2026\/03\/image3-768x1024.jpeg 768w, https:\/\/www.rdks.lv\/wp-content\/uploads\/2026\/03\/image3-1152x1536.jpeg 1152w, https:\/\/www.rdks.lv\/wp-content\/uploads\/2026\/03\/image3.jpeg 1200w\" sizes=\"auto, (max-width: 225px) 100vw, 225px\" \/>\n\t\t\t<\/div><\/figure><figure class='gallery-item'>\n\t\t\t<div class='gallery-icon portrait'>\n\t\t\t\t<img loading=\"lazy\" decoding=\"async\" width=\"169\" height=\"300\" src=\"https:\/\/www.rdks.lv\/wp-content\/uploads\/2026\/03\/image5-169x300.jpeg\" class=\"attachment-medium size-medium\" alt=\"\" srcset=\"https:\/\/www.rdks.lv\/wp-content\/uploads\/2026\/03\/image5-169x300.jpeg 169w, https:\/\/www.rdks.lv\/wp-content\/uploads\/2026\/03\/image5-576x1024.jpeg 576w, https:\/\/www.rdks.lv\/wp-content\/uploads\/2026\/03\/image5-768x1365.jpeg 768w, https:\/\/www.rdks.lv\/wp-content\/uploads\/2026\/03\/image5-864x1536.jpeg 864w, https:\/\/www.rdks.lv\/wp-content\/uploads\/2026\/03\/image5.jpeg 900w\" sizes=\"auto, (max-width: 169px) 100vw, 169px\" \/>\n\t\t\t<\/div><\/figure>\n\t\t<\/div>\n\n<\/div>\n<hr \/>\n<p style=\"text-align: justify;\">ERASMUS+ m\u0101c\u012bbu mobilit\u0101\u0161u m\u0113r\u0137is ir g\u016bt starptautisku pieredzi valst\u012b \u0101rpus Latvijas, demonstr\u0113t konkur\u0113tsp\u0113j\u012bgas profesion\u0101las sp\u0113jas starptautisk\u0101 vid\u0113, veicin\u0101t skolas paman\u0101m\u012bbu un apliecin\u0101t savu prasmju izcil\u012bbu, piedal\u012bties meistarklas\u0113s un stund\u0101s pie \u0101rzemju pedagogiem, izzin\u0101t \u0101rzemju pedagogu metodolo\u0123ijas, k\u0101 ar\u012b veidot jaunus kontaktus.<\/p>\n<p style=\"text-align: justify;\">ERASMUS+ projekta finans\u0113jums nosedz ce\u013ca, uztur\u0113\u0161an\u0101s un apdro\u0161in\u0101\u0161anas izdevumus, un katram dal\u012bbniekam tiek izmaks\u0101ta dienas nauda.<\/p>\n<p style=\"text-align: justify;\">MIKC Nacion\u0101l\u0101s M\u0101kslu vidusskolas ERASMUS+ projekta Nr. 2025-1-LV01-KA121-VET-000334610 ietvaros <strong>s<\/strong><strong>kol\u0113niem<\/strong>\u00a0ir iesp\u0113ja pieteikties uz \u0161\u0101diem brauciena tipiem:<\/p>\n<ul style=\"text-align: justify;\">\n<li><strong>prasmju konkurss<\/strong>\u00a0(2 l\u012bdz 10 dienas);<\/li>\n<li><strong>\u012bstermi\u0146a m\u0101c\u012bbu mobilit\u0101te<\/strong>\u00a0(10 l\u012bdz 15 dienas, ietver intens\u012bvas m\u0101c\u012b\u0161an\u0101s komponenti saist\u012bb\u0101 ar skol\u0113na specialit\u0101ti).<\/li>\n<\/ul>\n<p style=\"text-align: justify;\"><strong>Profesion\u0101lo\u00a0priek\u0161metu pedagogiem<\/strong>\u00a0ir iesp\u0113ja pieteikties uz \u0161\u0101diem brauciena tipiem:<\/p>\n<ul style=\"text-align: justify;\">\n<li><strong>\u0113no\u0161ana<\/strong>\u00a0skol\u0101 \u0101rpus Latvijas (2 l\u012bdz 7 dienas);<\/li>\n<li><strong>m\u0101c\u012b\u0161ana<\/strong>\u00a0skol\u0101 \u0101rpus Latvijas (2 l\u012bdz 7 dienas);<\/li>\n<li><strong>kursi<\/strong>\u00a0\u0101rpus Latvijas (2 l\u012bdz 7 dienas, j\u0101ietver intens\u012bva praktisk\u0101s m\u0101c\u012b\u0161an\u0101s komponente \u2013 vismaz 50% kursu satura tiek pavad\u012bta praktisk\u0101s nodarb\u012bb\u0101s, prakses apmai\u0146\u0101 ar kol\u0113\u0123iem vai piedaloties citos akt\u012bvas m\u0101c\u012b\u0161an\u0101s veidos. Piln\u012bgi pas\u012bvas darb\u012bbas, piem\u0113ram, lekciju, runu vai masveida konferen\u010du klaus\u012b\u0161an\u0101s, netiek atbalst\u012btas. Galvenajai kursu t\u0113mai ir j\u0101b\u016bt cie\u0161i saist\u012btai ar profesion\u0101lo priek\u0161metu, kuru pedagogs pasniedz skol\u0101.);<\/li>\n<li><strong>pavado\u0161\u0101 persona<\/strong>\u00a0skol\u0113nam braucien\u0101 uz prasmju konkursu.<\/li>\n<\/ul>\n<p style=\"text-align: justify;\"><strong>Dal\u012bbai projekt\u0101 var pretend\u0113t:<\/strong><br \/>\nMIKC NMV R\u012bgas Doma kora skolas skol\u0113ni;<br \/>\nMIKC NMV R\u012bgas Doma kora skolas profesion\u0101lo priek\u0161metu pedagogi.<\/p>\n<p style=\"text-align: justify;\"><strong>Nepiecie\u0161amie dokumenti skol\u0113na pieteikumam:<\/strong><br \/>\n1. Pieteikuma anketa (lejupiel\u0101d\u0113t\u00a0<a href=\"https:\/\/docs.google.com\/document\/d\/1tPgRsgILzH2BiaVWzu_QpliIa7wwtj4hb9iQuW4k74o\/edit?tab=t.0\">\u0160EIT<\/a>);<br \/>\n2. Rekomend\u0101cijas v\u0113stule no specialit\u0101tes pedagoga (lejupiel\u0101d\u0113t\u00a0<a href=\"https:\/\/docs.google.com\/document\/d\/1B2kSVEYESVg9xb-3YepzZHLEexVRp3O4\/edit?usp=share_link&amp;ouid=103096493712897816217&amp;rtpof=true&amp;sd=true\">\u0160EIT<\/a>);<br \/>\n3. CV latvie\u0161u un ang\u013cu valod\u0101 p\u0113c\u00a0<a href=\"https:\/\/europass.europa.eu\/select-language?destination=\/node\/1\">Europass parauga<\/a>;<br \/>\n4. Motiv\u0101cijas v\u0113stule datorrakst\u0101, br\u012bv\u0101 form\u0101, vienas A4 lappuses apjom\u0101, ang\u013cu valod\u0101. Motiv\u0101cijas v\u0113stulei ir j\u0101atspogu\u013co kandid\u0101ta m\u0113r\u0137is, kas tiks sasniegts, dodoties braucien\u0101, j\u0101atspogu\u013co iesp\u0113jamie ieguvumi no dal\u012bbas braucien\u0101.<\/p>\n<p style=\"text-align: justify;\"><em>Atlas\u0113 tiks izskat\u012bts ar\u012b audz\u0113k\u0146a sekmju un kav\u0113jumu izraksts par iepriek\u0161\u0113jo m\u0101c\u012bbu semestri, ta\u010du to sagatavos projekta atlases komisija un to nav nepiecie\u0161ams iesniegt.<\/em><\/p>\n<p style=\"text-align: justify;\"><strong>Nepiecie\u0161amie dokumenti pedagoga pieteikumam m\u0101c\u012b\u0161an\u0101:<\/strong><br \/>\n1. Pieteikuma anketa (lejupiel\u0101d\u0113t\u00a0<a href=\"https:\/\/docs.google.com\/document\/d\/13n3eeypPfPO0NuTB2A2PhoeBMpDygsbU\/edit?usp=share_link&amp;ouid=103096493712897816217&amp;rtpof=true&amp;sd=true\">\u0160EIT<\/a>);<br \/>\n2. CV latvie\u0161u un ang\u013cu valod\u0101 p\u0113c\u00a0<a href=\"https:\/\/europass.europa.eu\/select-language?destination=\/node\/1\">Europass parauga<\/a>;<br \/>\n3. Pa\u0161v\u0113rt\u0113juma zi\u0146ojums par iepriek\u0161\u0113jo m\u0101c\u012bbu gadu;<br \/>\n4. Partnerskolai paredz\u0113to nodarb\u012bbu t\u0113mas 10 akad\u0113misko stundu apjom\u0101 latvie\u0161u un ang\u013cu valod\u0101;<br \/>\n5. Motiv\u0101cijas v\u0113stule datorrakst\u0101, br\u012bv\u0101 form\u0101, vienas A4 lappuses apjom\u0101.<\/p>\n<p style=\"text-align: justify;\"><strong>Nepiecie\u0161amie dokumenti pedagoga pieteikumam \u0113no\u0161an\u0101, kursos vai k\u0101 pavado\u0161ajai personai:<\/strong><br \/>\n1. Pieteikuma anketa (lejupiel\u0101d\u0113t\u00a0<a href=\"https:\/\/docs.google.com\/document\/d\/13n3eeypPfPO0NuTB2A2PhoeBMpDygsbU\/edit?usp=share_link&amp;ouid=103096493712897816217&amp;rtpof=true&amp;sd=true\">\u0160EIT<\/a>).<\/p>\n<p style=\"text-align: justify;\">Pieteikuma dokument\u0101ciju pretendents l\u012bdz atlases termi\u0146a beig\u0101m <strong>iesniedz MIKC NMV R\u012bgas Doma kora skolas projektu vad\u012bt\u0101jai Lindai Samsonei 210. kabinet\u0101, Kronvalda bulv\u0101r\u012b 1<\/strong>\u00a0vai atst\u0101j skolas lietved\u012bb\u0101.<\/p>\n<p style=\"text-align: justify;\">Audz\u0113k\u0146u iesniegtos dokumentus atlases I k\u0101rt\u0101 izskata projekta atlases komisija un, pras\u012bb\u0101m atbilsto\u0161os pretendentus, izvirza atlases II k\u0101rtai \u2013 p\u0101rrun\u0101m ang\u013cu valod\u0101. Pedagogu pieteikumus izskata un apstiprina atlases I k\u0101rt\u0101.<\/p>\n<p style=\"text-align: justify;\">Ja rodas jaut\u0101jumi par atlases procesu vai dokumentiem, rakst\u012bt projektu vad\u012bt\u0101jai linda.samsone@nmv.gov.lv<\/p>\n","protected":false},"excerpt":{"rendered":"<p>2026. gada 14. mart\u0101 R\u012bgas Doma kora skolas vidusskolas III kursa audz\u0113k\u0146i Em\u012blija Fricsone un Valters Veckakti\u0146\u0161 piedal\u012bj\u0101s 5. starptautiskaj\u0101 konkurs\u0101 \u201cMusica Goritiensis\u201d It\u0101lijas pils\u0113t\u0101 Gor\u012bzij\u0101. Vok\u0101laj\u0101 B kategorij\u0101 (2007.\u20132008. gad\u0101 dzimu\u0161ie): Em\u012blija Fricsone \u2013 2. vieta (93 punkti) Valters Veckakti\u0146\u0161 \u2013 2. vieta (91 punkts) Em\u012blija Fricsone: &#8220;No 14. mart\u0101 l\u012bdz 21.martam man un&#8230;<\/p>\n","protected":false},"author":16,"featured_media":0,"parent":0,"menu_order":0,"comment_status":"closed","ping_status":"closed","template":"","meta":{"cybocfi_hide_featured_image":"","footnotes":""},"class_list":["post-18394","page","type-page","status-publish","hentry"],"_links":{"self":[{"href":"https:\/\/www.rdks.lv\/en\/wp-json\/wp\/v2\/pages\/18394","targetHints":{"allow":["GET"]}}],"collection":[{"href":"https:\/\/www.rdks.lv\/en\/wp-json\/wp\/v2\/pages"}],"about":[{"href":"https:\/\/www.rdks.lv\/en\/wp-json\/wp\/v2\/types\/page"}],"author":[{"embeddable":true,"href":"https:\/\/www.rdks.lv\/en\/wp-json\/wp\/v2\/users\/16"}],"replies":[{"embeddable":true,"href":"https:\/\/www.rdks.lv\/en\/wp-json\/wp\/v2\/comments?post=18394"}],"version-history":[{"count":1,"href":"https:\/\/www.rdks.lv\/en\/wp-json\/wp\/v2\/pages\/18394\/revisions"}],"predecessor-version":[{"id":18402,"href":"https:\/\/www.rdks.lv\/en\/wp-json\/wp\/v2\/pages\/18394\/revisions\/18402"}],"wp:attachment":[{"href":"https:\/\/www.rdks.lv\/en\/wp-json\/wp\/v2\/media?parent=18394"}],"curies":[{"name":"wp","href":"https:\/\/api.w.org\/{rel}","templated":true}]}}