{"id":16581,"date":"2024-06-28T14:11:30","date_gmt":"2024-06-28T12:11:30","guid":{"rendered":"https:\/\/www.rdks.lv\/?page_id=16581"},"modified":"2025-06-16T14:12:18","modified_gmt":"2025-06-16T12:12:18","slug":"voxiuventae","status":"publish","type":"page","link":"https:\/\/www.rdks.lv\/en\/voxiuventae\/","title":{"rendered":"VOX IUVENTAE"},"content":{"rendered":"<p><\/p>\n<p data-start=\"129\" data-end=\"327\">The 1st International Vocal Competition VOX IUVENTAE has concluded.<img loading=\"lazy\" decoding=\"async\" class=\"wp-image-17239 alignright\" src=\"https:\/\/www.rdks.lv\/wp-content\/uploads\/2025\/02\/WhatsApp-Image-2025-02-14-at-22.21.33.jpeg\" alt=\"\" width=\"263\" height=\"350\" \/><br \/>\nThank you to all the participants for the beautiful and high-quality performances!<br \/>\nWe are pleased to announce the results of the competition:<\/p>\n<p data-start=\"329\" data-end=\"424\">1st place \u2013 Et\u012bna Em\u012blija Saul\u012bte<br data-start=\"362\" data-end=\"365\" \/>2nd place \u2013 Ren\u0101rs Toma\u0161ickis<br data-start=\"394\" data-end=\"397\" \/>3rd place \u2013 Marta Ozoli\u0146a<\/p>\n<p data-start=\"426\" data-end=\"535\">Young Singer Award \u2013 Kristaps Kums\u0101rs<br data-start=\"467\" data-end=\"470\" \/>Jury&#8217;s Special Award &#8220;Best Accompanist&#8221; \u2013 Tatjana Semjonova<\/p>\n<p data-start=\"537\" data-end=\"678\">Congratulations to all the participants! Continue to challenge yourselves, seek new experiences, and embrace this exciting journey toward becoming great artists. Here&#8217;s to many more! Toi Toi Toi!<\/p>\n<hr \/>\n<p>The final and award ceremony will be streamed live:<\/p>\n<p><iframe loading=\"lazy\" title=\"The FINAL of I International Vocal Competition VOX IUVENTAE (Riga, LATVIA 2025)\" width=\"640\" height=\"360\" src=\"https:\/\/www.youtube.com\/embed\/XktDYfa9V3Y?feature=oembed\" frameborder=\"0\" allow=\"accelerometer; autoplay; clipboard-write; encrypted-media; gyroscope; picture-in-picture; web-share\" referrerpolicy=\"strict-origin-when-cross-origin\" allowfullscreen><\/iframe><\/p>\n<hr \/>\n<div data-olk-copy-source=\"MessageBody\">\n<p style=\"text-align: center;\"><strong>The FINAL of I International Vocal Competition<br \/>\nVOX IUVENTAE\u00a0<\/strong><br \/>\nRiga, Latvia 2025<\/p>\n<p><strong>Holgers \u0160t\u0101ls<\/strong>, 19 years &#8211; LATVIA<br \/>\nW. A. Mozart \u2013 Die Zauberfl\u00f6te \/ Papageno \/ Der Vogelf\u00e4nger bin ich ja<\/p>\n<p><strong>Ren\u0101rs Toma\u0161ickis,<\/strong> 20 years &#8211; LATVIA<br \/>\n<span data-olk-copy-source=\"MessageBody\">W. A. Mozart &#8211; Le nozze di Figaro \/ Figara \/ Non pi\u00fa andrai\u00a0<\/span><\/p>\n<p><span data-olk-copy-source=\"MessageBody\"><strong>Saul\u0117 Dovyd\u0117nait\u0117<\/strong>, 19 years &#8211; LITHUANIA<br \/>\nW. A. Mozart &#8211; Don Giovanni \/ Zerlina \/ Batti, batti, o bel Masetto<br \/>\n<\/span><\/p>\n<p><span data-olk-copy-source=\"MessageBody\"><strong>K\u0101rlis M\u016brnieks<\/strong>, 20 years &#8211; LATVIA<br \/>\nW. A. Mozart \u2013 Bastien und Bastienne \/ Bastien \/ Meiner Liebsten sch\u00f6ne Wangen<br \/>\n<\/span><\/p>\n<p><strong>Laurenzia Kampa<\/strong>, 21 years &#8211; GERMANY<br \/>\n<span data-olk-copy-source=\"MessageBody\">G. Verdi \u2013 Un ballo in maschera \/ Oscar \/ Saper vorreste<\/span><\/p>\n<p><span data-olk-copy-source=\"MessageBody\"><strong>Milutin Marjanovic<\/strong>, 19 years &#8211; GERMANY<br \/>\nF. Hale\u0301vy &#8211; La Juive \/ Cardinal de Brogny \/ Si la Rigueur<br \/>\n<\/span><\/p>\n<p><strong>Marta Ozoli\u0146a<\/strong>, <span data-olk-copy-source=\"MessageBody\">19 years &#8211; LATVIA<br \/>\nW. A. Mozart &#8211; Le nozze di Figaro \/ Susanna \/ Giunse alfin il momento &#8230; Deh vieni non tardar<br \/>\n<\/span><\/p>\n<p><span data-olk-copy-source=\"MessageBody\"><strong>Et\u012bna Em\u012blija Saul\u012bte<\/strong>, 19 years &#8211; LATVIA<br \/>\nA. Dvora\u0301k &#8211; Rusalka \/ Rusalka \/ Mesicku na nebi hlubokem<br \/>\n<\/span><\/p>\n<\/div>\n<div data-olk-copy-source=\"MessageBody\">\n<hr \/>\n<p id=\"tw-target-text\" dir=\"ltr\" data-placeholder=\"Tulkojums\" data-ved=\"2ahUKEwi6i9vw7L6LAxW8JRAIHeZwN0oQ3ewLegQIBRAV\" aria-label=\"Tulkotais teksts: Many thanks to all participants of today's competition\"><span lang=\"en\">Thank you very much to all participants of today&#8217;s competition!<\/span><\/p>\n<p dir=\"ltr\" data-placeholder=\"Tulkojums\" data-ved=\"2ahUKEwi6i9vw7L6LAxW8JRAIHeZwN0oQ3ewLegQIBRAV\" aria-label=\"Tulkotais teksts: Many thanks to all participants of today's competition\">We are thrilled to announce the\u00a0<b>finalists<\/b>:<\/p>\n<p dir=\"ltr\" data-placeholder=\"Tulkojums\" data-ved=\"2ahUKEwi6i9vw7L6LAxW8JRAIHeZwN0oQ3ewLegQIBRAV\" aria-label=\"Tulkotais teksts: Many thanks to all participants of today's competition\">Holgers \u0160t\u0101ls<br \/>\nRen\u0101rs Toma\u0161ickis<br \/>\nSaul\u0117 Dovyd\u0117nait\u0117<br \/>\nK\u0101rlis M\u016brnieks<br \/>\nLaurenzia Kampa<br \/>\nMilutin Marjanovic<br \/>\nMarta Ozoli\u0146a<br \/>\nEt\u012bna Em\u012blija Saul\u012bte<\/p>\n<p dir=\"ltr\" data-placeholder=\"Tulkojums\" data-ved=\"2ahUKEwi6i9vw7L6LAxW8JRAIHeZwN0oQ3ewLegQIBRAV\" aria-label=\"Tulkotais teksts: Many thanks to all participants of today's competition\">You will be performing at the Finals in this order!<br \/>\nRehearsal with the conductor will be at <b>3pm<\/b> tomorrow in Riga Cathedral Choir School\u00a0<b>Room 617<\/b>.<br \/>\nAfterwards, you will go to the hall to practice with the orchestra.<\/p>\n<p dir=\"ltr\" data-placeholder=\"Tulkojums\" data-ved=\"2ahUKEwi6i9vw7L6LAxW8JRAIHeZwN0oQ3ewLegQIBRAV\" aria-label=\"Tulkotais teksts: Many thanks to all participants of today's competition\">Singers for the <strong>masterclasses<\/strong> are:<\/p>\n<p dir=\"ltr\" data-placeholder=\"Tulkojums\" data-ved=\"2ahUKEwi6i9vw7L6LAxW8JRAIHeZwN0oQ3ewLegQIBRAV\" aria-label=\"Tulkotais teksts: Many thanks to all participants of today's competition\"><b>Snezana Nena Brzakovic 10am<br \/>\n<\/b>Sandra Stepek<br \/>\nKristaps Kums\u0101rs<br \/>\nPaula Bi\u010dka<br \/>\nGrigorijs Ri\u017eenkovs<\/p>\n<p dir=\"ltr\" data-placeholder=\"Tulkojums\" data-ved=\"2ahUKEwi6i9vw7L6LAxW8JRAIHeZwN0oQ3ewLegQIBRAV\" aria-label=\"Tulkotais teksts: Many thanks to all participants of today's competition\"><b>Vladimiras Prudnikovas 1pm<br \/>\n<\/b>Gustavs Edvards Vesmanis<br \/>\nMathias Lantin<br \/>\nKri\u0161j\u0101nis Pel\u0161e<br \/>\nLaura Mitlere<\/p>\n<p dir=\"ltr\" data-placeholder=\"Tulkojums\" data-ved=\"2ahUKEwi6i9vw7L6LAxW8JRAIHeZwN0oQ3ewLegQIBRAV\" aria-label=\"Tulkotais teksts: Many thanks to all participants of today's competition\"><b>Heli Veskus 3.30pm<br \/>\n<\/b>Anastasija Tere\u0161\u010denko<br \/>\nSigita Kei\u0161a<br \/>\nMagdalena W\u0119gielnik<br \/>\nSofia Hussainova<\/p>\n<p dir=\"ltr\" data-placeholder=\"Tulkojums\" data-ved=\"2ahUKEwi6i9vw7L6LAxW8JRAIHeZwN0oQ3ewLegQIBRAV\" aria-label=\"Tulkotais teksts: Many thanks to all participants of today's competition\">PLEASE BRING THE SHEET MUSIC OF YOUR ARIAS FOR THE TEACHERS.<br \/>\nADDRESS: Me\u017ea iela 1, at the concert hall on the 3<sup>rd<\/sup>\u00a0floor.<\/p>\n<\/div>\n<hr \/>\n<p>The proceedings of the second round of the competition can be followed live:<\/p>\n<p><iframe loading=\"lazy\" title=\"I INTERNATIONAL VOCAL COMPETITIONVOX IUVENTAE (RIGA, LATVIA)\" width=\"640\" height=\"360\" src=\"https:\/\/www.youtube.com\/embed\/Tu3FZNXt36I?feature=oembed\" frameborder=\"0\" allow=\"accelerometer; autoplay; clipboard-write; encrypted-media; gyroscope; picture-in-picture; web-share\" referrerpolicy=\"strict-origin-when-cross-origin\" allowfullscreen><\/iframe><\/p>\n<hr \/>\n<p><strong>VOX IUVENTAE 2025 ROUND II<\/strong><\/p>\n<p><span style=\"text-decoration: underline;\"><strong>GROUP 1<br \/>\n<\/strong><\/span><strong>10:00 &#8211; 11:20<\/strong><\/p>\n<p>Holgers \u0160t\u0101ls<br \/>\nRen\u0101rs Toma\u0161ickis<br \/>\nElizabete Baldi\u0146a<br \/>\nMagdalena W\u0119gielnik<br \/>\nRihards Linde<br \/>\nRute \u010cirk\u0161e<br \/>\nR\u016bta P\u0101vul\u0113na<br \/>\nEnija Vaska<br \/>\nEl\u012bza Ziemele \u0160neidere<br \/>\nMathias Lantin<\/p>\n<p>&nbsp;<\/p>\n<p><span style=\"text-decoration: underline;\"><strong>GROUP 2<br \/>\n<\/strong><\/span><strong>11:40 \u2013 13:00<\/strong><\/p>\n<p>Laura Mitlere<br \/>\nPaula Osem\u013cjaka<br \/>\nSofija Knuple<br \/>\nSaul\u0117 Dovyd\u0117nait\u0117<br \/>\nAnastasija Samsonova<br \/>\nSaul\u0117 Valentinavi\u010di\u016bt\u0117<br \/>\nAnce Anita Moruza<br \/>\nOskar Arikainen<br \/>\nAgate Gr\u012bnberga<br \/>\nGustavs Edvards Vesmanis<\/p>\n<p>&nbsp;<\/p>\n<p><span style=\"text-decoration: underline;\"><strong>GROUP 3<\/strong><\/span><br \/>\n<strong>13:50 \u2013 15:10<\/strong><\/p>\n<p>Anastasija Tere\u0161\u010denko<br \/>\nGrigorijs Ri\u017eenkovs<br \/>\nKristofers Spro\u0123is<br \/>\nK\u0101rlis M\u016brnieks<br \/>\nAgate Kada\u0123e<br \/>\nKatr\u012bna Krasone<br \/>\nLaura Gibnere<br \/>\nReinis Liepi\u0146\u0161<br \/>\nLaurenzia Kampa<br \/>\nRen\u0101rs Be\u0137eris<\/p>\n<p>&nbsp;<\/p>\n<p><strong><span style=\"text-decoration: underline;\">GROUP 4<\/span><\/strong><br \/>\n<strong>15:30 \u2013 16:50<\/strong><\/p>\n<p>Milutin Marjanovic<br \/>\nRugil\u0117 Garbaliauskait\u0117<br \/>\nAnna Guba<br \/>\nT\u012bna Tren\u010da<br \/>\nElla El\u012bze Vi\u013cumsone<br \/>\nL\u012bna Gogule<br \/>\nSandra St\u0119pek<br \/>\nOlivers Veldre<br \/>\nEvel\u012bna Dreimane<br \/>\nPaula Bi\u010dka<\/p>\n<p>&nbsp;<\/p>\n<p><strong><span style=\"text-decoration: underline;\">GROUP 5<\/span><\/strong><br \/>\n<strong>17:10 \u2013 18:45<\/strong><\/p>\n<p>Kri\u0161j\u0101nis Pel\u0161e<br \/>\nFlorian Silius Rubek Kahlmeyer<br \/>\nSofia Hussainova<br \/>\nEm\u012blija Blumberga<br \/>\nMarta Ozoli\u0146a<br \/>\nEt\u012bna Em\u012blija Saul\u012bte<br \/>\nElijs Rudovi\u010ds<br \/>\nEmils Patriks Dzenitis<br \/>\nToma Saveljevait\u0117<br \/>\nHannah Josephin K\u00fcppers<br \/>\nKristaps Kums\u0101rs<br \/>\nSigita Kei\u0161a<\/p>\n<hr \/>\n<p style=\"text-align: left;\"><strong style=\"text-align: justify;\">ROUND II CONTESTANTS<\/strong><\/p>\n<div style=\"text-align: justify;\">\n<p>Agate Gr\u012bnberga\/ soprano\/ Latvia<br \/>\nAgate Kada\u0123e\/ mezzosoprano\/ Latvia<br \/>\nAnastasija Samsonova \/ soprano\/ Latvia<br \/>\nAnastasija Tere\u0161\u010denko\/ mezzosoprano\/ Latvia<br \/>\nAnce Anita Moruza\/ mezzosoprano\/ Latvia<br \/>\nAnna Guba\/ soprano\/ Latvia<br \/>\nElijs Rudovi\u010ds\/ bariton\/ Latvia<br \/>\nEl\u012bza Ziemele \u0160neidere \/ soprano\/ Latvia<br \/>\nElizabete Baldi\u0146a\/ soprano\/ Latvia<br \/>\nElla El\u012bze Vi\u013cumsone\/ soprano\/ Latvia<br \/>\nEm\u012blija Blumberga\/ soprano\/ Latvia<br \/>\nEm\u012bls Patriks Dzen\u012btis\/ bariton\/ Latvia<br \/>\nEnija Vaska\/ soprano\/ Latvia<br \/>\nEt\u012bna Em\u012blija Saul\u012bte\/ soprano\/ Latvia<br \/>\nEvel\u012bna Dreimane\/ soprano\/ Latvia<br \/>\nFlorian Silius Rubek Kahlmeyer\/ tenor\/ Denmark<br \/>\nGrigorijs Ri\u017eenkovs\/ bariton\/ Latvia<br \/>\nGustavs Edvards Vesmanis\/ bariton\/ Latvia<br \/>\nHannah K\u00fcppers\/ soprano\/ Germany<br \/>\nHolgers \u0160t\u0101ls\/ tenor\/ Latvia<br \/>\nK\u0101rlis M\u016brnieks\/ tenor\/ Latvia<br \/>\nKatr\u012bna Krasone \/ soprano\/ Latvia<br \/>\nKristaps Kums\u0101rs\/ tenor\/ Latvia<br \/>\nKristofers Spro\u0123is\/ bass\/ Latvia<br \/>\nKri\u0161j\u0101nis Pel\u0161e\/ bariton\/ Latvia<br \/>\nLaura Gibnere\/ soprano\/ Latvia<br \/>\nLaura Mitlere\/ soprano\/ Latvia<br \/>\nLaurenzia Kampa\/ soprano\/ Germany<br \/>\nL\u012bna Gogule\/ soprano\/ Latvia<br \/>\nMagdalena W\u0119gielnik\/ soprano\/ Poland<br \/>\nMarta Ozoli\u0146a\/ soprano\/ Latvia<br \/>\nMathias Lantin\/ bariton\/ Estonia<br \/>\nMilutin Marjanovic\/ bass\/ Germany<br \/>\nOlivers Veldre\/ tenor\/ Latvia<br \/>\nOskar Arikainen\/ tenor\/ Estonia<br \/>\nPaula Bi\u010dka\/ soprano\/ Latvia<br \/>\nPaula Osem\u013cjaka\/ soprano\/ Latvia<br \/>\nReinis Liepi\u0146\u0161\/ bariton\/ Latvia<br \/>\nRen\u0101rs Be\u0137eris\/ bariton\/ Latvia<br \/>\nRen\u0101rs Toma\u0161ickis\/ bariton\/ Latvia<br \/>\nRihards Linde\/ bariton\/ Latvia<br \/>\nRugil\u0117 Garbaliauskait\u0117\/ soprano\/ Lithuania<br \/>\nR\u016bta P\u0101vul\u0113na\/ soprano\/ Latvia<br \/>\nRute \u010cirk\u0161e \/ soprano\/ Latvia<br \/>\nSandra St\u0119pek \/ soprano\/ Poland<br \/>\nSaul\u0117 Dovyd\u0117nait\u0117\/ soprano\/ Lithuania<br \/>\nSaul\u0117 Valentinavi\u010di\u016bt\u0117\/ soprano\/ Lithuania<br \/>\nSigita Kei\u0161a\/ mezzosoprano\/ Latvia<br \/>\nSofia Hussainova\/ soprano\/ Estonia<br \/>\nSofija Knuple\/ soprano\/ Latvia<br \/>\nT\u012bna Kitija Ertmane\/ soprano\/ Latvia<br \/>\nT\u012bna Tren\u010da \/ soprano\/ Latvia<br \/>\nToma Saveljevait\u0117\/ soprano\/ Lithuania<\/p>\n<hr \/>\n<p style=\"text-align: center;\"><strong>I INTERNATIONAL VOCAL COMPETITION<br \/>\n<\/strong><em><strong>VOX IUVENTAE<\/strong><\/em><\/p>\n<p>AECC \u201cNational School of Arts\u201d Riga Cathedral Choir School is a place where young voices and talents grow up. Studying with experienced teachers, students regularly perform in the best Latvian concert halls, participate in international vocal competitions and masterclasses with world-class opera singers &#8211; Marina Rebeka, Valdis Jansons, etc.<\/p>\n<p>The Riga Cathedral Choir School is launching the 1st International Vocal Competition &#8220;Vox iuventae&#8221; to mark the 20th year of the founding of the vocal department. The aim of the competition is to promote the professional development of young singers of academic music on an international level. The competition takes place in three rounds, and in the final round the contestants perform with the Emils Darzins Music School Symphony Orchestra.<\/p>\n<\/div>\n<p style=\"text-align: justify;\">The competition is open to singers aged 16-21: <a href=\"https:\/\/docs.google.com\/forms\/d\/e\/1FAIpQLScZqLykqYq5Kc0_lKXYHlSPdRqtmr3JGHHIUqqb3UnhQ32jog\/viewform\"><strong>APPLICATION FORM<\/strong><\/a><\/p>\n<p style=\"text-align: justify;\"><strong>Round I <\/strong>remotely &#8211; until 29 November 2024 (application deadline extended)<br \/>\n<strong>Round II<\/strong> at the Emils Darzins Concert Hall &#8211; 12 February 2025<br \/>\n<strong>Finals<\/strong> at the Emils Darzins Concert Hall &#8211; 14 February 2025<\/p>\n<p style=\"text-align: justify;\"><strong>Vocal masterclasses: <\/strong>On February 13, 2025, the best participats of the Round II who do not qualify for the finals, will be invited to take part in vocal masterclasses. The young singers will have the opportunity to improve their skills by working with the repertoire selected for the competition with internationally renowned vocal teachers, members of the competition jury &#8211; Heli Veskus,\u00a0 Snezana Nena Brzakovic\u00a0and Vladimiras Prudnikovas.<\/p>\n<p>Contestants may choose to stay in a nearby hotel or with a host family.<\/p>\n<hr \/>\n<p><img loading=\"lazy\" decoding=\"async\" class=\"alignleft wp-image-17237 size-full\" src=\"https:\/\/www.rdks.lv\/wp-content\/uploads\/2025\/02\/VOX-IUVENTAE_25_konkursa-zurija.png\" alt=\"\" width=\"1920\" height=\"1080\" \/><\/p>\n<p>KASPARS \u0100DAMSONS (LV) <a href=\"https:\/\/www.rdks.lv\/wp-content\/uploads\/2024\/06\/Kaspars-Adamsons_bio-ENG.pdf\"><strong>biography<\/strong><\/a><br \/>\n\u0112RIKA MILLERE (LV) <a href=\"https:\/\/www.rdks.lv\/wp-content\/uploads\/2025\/01\/Erika-Millere_ENG.pdf\"><strong>biography<\/strong><\/a><br \/>\nSNEZANA NENA BRZAKOVIC (RS\/DE) <a href=\"https:\/\/www.rdks.lv\/wp-content\/uploads\/2024\/06\/Snezana-Nena-Brzakovic_bio_ENG.pdf\"><strong>biography<\/strong><\/a><br \/>\nVLADIMIRAS PRUDNIKOVAS (LT) <a href=\"https:\/\/www.rdks.lv\/wp-content\/uploads\/2024\/06\/Vladimiras-Prudnikovas_bio-ENG.pdf\"><strong>biography<\/strong><\/a><br \/>\nHELI VESKUS (EST) <strong><a href=\"https:\/\/www.rdks.lv\/wp-content\/uploads\/2024\/12\/Heli-Veskus-eng.pdf\">biography<\/a><\/strong><\/p>\n<hr \/>\n<p><a href=\"https:\/\/www.rdks.lv\/wp-content\/uploads\/2024\/06\/Vox-iuventae-REGULATION.pdf\"><strong>CONTEST REGULATIONS<\/strong><\/a><br \/>\n<strong><a href=\"https:\/\/www.rdks.lv\/wp-content\/uploads\/2024\/06\/Repertoire-for-the-Finals.pdf\">REPERTOIRE FOR THE FINALS<\/a><br \/>\n<\/strong><\/p>\n<hr \/>\n<p>https:\/\/youtu.be\/KSXHZSHfwUU<\/p>","protected":false},"excerpt":{"rendered":"<p>The 1st International Vocal Competition VOX IUVENTAE has concluded. Thank you to all the participants for the beautiful and high-quality performances! We are pleased to announce the results of the competition: 1st place \u2013 Et\u012bna Em\u012blija Saul\u012bte2nd place \u2013 Ren\u0101rs Toma\u0161ickis3rd place \u2013 Marta Ozoli\u0146a Young Singer Award \u2013 Kristaps Kums\u0101rsJury&#8217;s Special Award &#8220;Best Accompanist&#8221;&#8230;<\/p>\n","protected":false},"author":16,"featured_media":0,"parent":0,"menu_order":0,"comment_status":"closed","ping_status":"closed","template":"","meta":{"cybocfi_hide_featured_image":"","footnotes":""},"class_list":["post-16581","page","type-page","status-publish","hentry"],"_links":{"self":[{"href":"https:\/\/www.rdks.lv\/en\/wp-json\/wp\/v2\/pages\/16581","targetHints":{"allow":["GET"]}}],"collection":[{"href":"https:\/\/www.rdks.lv\/en\/wp-json\/wp\/v2\/pages"}],"about":[{"href":"https:\/\/www.rdks.lv\/en\/wp-json\/wp\/v2\/types\/page"}],"author":[{"embeddable":true,"href":"https:\/\/www.rdks.lv\/en\/wp-json\/wp\/v2\/users\/16"}],"replies":[{"embeddable":true,"href":"https:\/\/www.rdks.lv\/en\/wp-json\/wp\/v2\/comments?post=16581"}],"version-history":[{"count":80,"href":"https:\/\/www.rdks.lv\/en\/wp-json\/wp\/v2\/pages\/16581\/revisions"}],"predecessor-version":[{"id":17715,"href":"https:\/\/www.rdks.lv\/en\/wp-json\/wp\/v2\/pages\/16581\/revisions\/17715"}],"wp:attachment":[{"href":"https:\/\/www.rdks.lv\/en\/wp-json\/wp\/v2\/media?parent=16581"}],"curies":[{"name":"wp","href":"https:\/\/api.w.org\/{rel}","templated":true}]}}