{"id":15431,"date":"2023-08-30T11:53:18","date_gmt":"2023-08-30T09:53:18","guid":{"rendered":"https:\/\/www.rdks.lv\/?page_id=15431"},"modified":"2025-02-10T15:08:41","modified_gmt":"2025-02-10T13:08:41","slug":"gospelkoris","status":"publish","type":"page","link":"https:\/\/www.rdks.lv\/en\/gospelkoris\/","title":{"rendered":"Gospel Choir"},"content":{"rendered":"<p><\/p>\n<p style=\"text-align: justify;\">Gospel Choir of Riga Cathedral Choir School was founded 2018 by the <strong>head of musical theatre department Una Stade<\/strong>. They perform Latvian and foreign popular music as well as gospel music. The choir has collaborated with J\u0101nis \u0160ipk\u0113vics, Marta Grigale, Roberts Memm\u0113ns, Tri\u0101nas Parks and others. Gospel Choir is a laureate of the &#8220;Riga sings 2022&#8221; competition, and also received 1st place and<em> Grand Prix<\/em> at the &#8220;Lauluragin&#8221; competition in Estonia in 2019 and 2023.<\/p>\n<div id='gallery-2' class='gallery galleryid-15431 gallery-columns-3 gallery-size-medium'><figure class='gallery-item'>\n\t\t\t<div class='gallery-icon landscape'>\n\t\t\t\t<a href='https:\/\/www.rdks.lv\/en\/gospelkoris\/img_5017_web\/'><img loading=\"lazy\" decoding=\"async\" width=\"300\" height=\"200\" src=\"https:\/\/www.rdks.lv\/wp-content\/uploads\/2023\/08\/IMG_5017_web-300x200.jpg\" class=\"attachment-medium size-medium\" alt=\"\" srcset=\"https:\/\/www.rdks.lv\/wp-content\/uploads\/2023\/08\/IMG_5017_web-300x200.jpg 300w, https:\/\/www.rdks.lv\/wp-content\/uploads\/2023\/08\/IMG_5017_web-1024x683.jpg 1024w, https:\/\/www.rdks.lv\/wp-content\/uploads\/2023\/08\/IMG_5017_web-768x512.jpg 768w, https:\/\/www.rdks.lv\/wp-content\/uploads\/2023\/08\/IMG_5017_web-1536x1024.jpg 1536w, https:\/\/www.rdks.lv\/wp-content\/uploads\/2023\/08\/IMG_5017_web-820x545.jpg 820w, https:\/\/www.rdks.lv\/wp-content\/uploads\/2023\/08\/IMG_5017_web-600x400.jpg 600w, https:\/\/www.rdks.lv\/wp-content\/uploads\/2023\/08\/IMG_5017_web.jpg 1600w\" sizes=\"auto, (max-width: 300px) 100vw, 300px\" \/><\/a>\n\t\t\t<\/div><\/figure><figure class='gallery-item'>\n\t\t\t<div class='gallery-icon landscape'>\n\t\t\t\t<a href='https:\/\/www.rdks.lv\/en\/gospelkoris\/img_4933_web\/'><img loading=\"lazy\" decoding=\"async\" width=\"300\" height=\"200\" src=\"https:\/\/www.rdks.lv\/wp-content\/uploads\/2023\/08\/IMG_4933_web-300x200.jpg\" class=\"attachment-medium size-medium\" alt=\"\" srcset=\"https:\/\/www.rdks.lv\/wp-content\/uploads\/2023\/08\/IMG_4933_web-300x200.jpg 300w, https:\/\/www.rdks.lv\/wp-content\/uploads\/2023\/08\/IMG_4933_web-1024x683.jpg 1024w, https:\/\/www.rdks.lv\/wp-content\/uploads\/2023\/08\/IMG_4933_web-768x512.jpg 768w, https:\/\/www.rdks.lv\/wp-content\/uploads\/2023\/08\/IMG_4933_web-1536x1024.jpg 1536w, https:\/\/www.rdks.lv\/wp-content\/uploads\/2023\/08\/IMG_4933_web-820x545.jpg 820w, https:\/\/www.rdks.lv\/wp-content\/uploads\/2023\/08\/IMG_4933_web-600x400.jpg 600w, https:\/\/www.rdks.lv\/wp-content\/uploads\/2023\/08\/IMG_4933_web.jpg 1600w\" sizes=\"auto, (max-width: 300px) 100vw, 300px\" \/><\/a>\n\t\t\t<\/div><\/figure><figure class='gallery-item'>\n\t\t\t<div class='gallery-icon landscape'>\n\t\t\t\t<a href='https:\/\/www.rdks.lv\/en\/gospelkoris\/img_1769-scaled\/'><img loading=\"lazy\" decoding=\"async\" width=\"300\" height=\"200\" src=\"https:\/\/www.rdks.lv\/wp-content\/uploads\/2023\/08\/IMG_1769-scaled-1-300x200.jpeg\" class=\"attachment-medium size-medium\" alt=\"\" srcset=\"https:\/\/www.rdks.lv\/wp-content\/uploads\/2023\/08\/IMG_1769-scaled-1-300x200.jpeg 300w, https:\/\/www.rdks.lv\/wp-content\/uploads\/2023\/08\/IMG_1769-scaled-1-1024x683.jpeg 1024w, https:\/\/www.rdks.lv\/wp-content\/uploads\/2023\/08\/IMG_1769-scaled-1-768x512.jpeg 768w, https:\/\/www.rdks.lv\/wp-content\/uploads\/2023\/08\/IMG_1769-scaled-1-1536x1024.jpeg 1536w, https:\/\/www.rdks.lv\/wp-content\/uploads\/2023\/08\/IMG_1769-scaled-1-2048x1366.jpeg 2048w, https:\/\/www.rdks.lv\/wp-content\/uploads\/2023\/08\/IMG_1769-scaled-1-820x545.jpeg 820w, https:\/\/www.rdks.lv\/wp-content\/uploads\/2023\/08\/IMG_1769-scaled-1-600x400.jpeg 600w\" sizes=\"auto, (max-width: 300px) 100vw, 300px\" \/><\/a>\n\t\t\t<\/div><\/figure>\n\t\t<\/div>\n\n<p>&nbsp;<\/p>\n<hr \/>\n<p><iframe loading=\"lazy\" title=\"In My Room - RDKS Gospe\u013ckoris \/ RDKS Gospel choir - Jacob Collier cover\" width=\"640\" height=\"360\" src=\"https:\/\/www.youtube.com\/embed\/-6khbLUNzXg?feature=oembed\" frameborder=\"0\" allow=\"accelerometer; autoplay; clipboard-write; encrypted-media; gyroscope; picture-in-picture; web-share\" referrerpolicy=\"strict-origin-when-cross-origin\" allowfullscreen><\/iframe><\/p>\n<p style=\"text-align: justify;\">\n<p><\/p>","protected":false},"excerpt":{"rendered":"<p>Gospel Choir of Riga Cathedral Choir School was founded 2018 by the head of musical theatre department Una Stade. They perform Latvian and foreign popular music as well as gospel music. The choir has collaborated with J\u0101nis \u0160ipk\u0113vics, Marta Grigale, Roberts Memm\u0113ns, Tri\u0101nas Parks and others. Gospel Choir is a laureate of the &#8220;Riga sings&#8230;<\/p>\n","protected":false},"author":16,"featured_media":0,"parent":0,"menu_order":0,"comment_status":"closed","ping_status":"closed","template":"","meta":{"cybocfi_hide_featured_image":"","footnotes":""},"class_list":["post-15431","page","type-page","status-publish","hentry"],"_links":{"self":[{"href":"https:\/\/www.rdks.lv\/en\/wp-json\/wp\/v2\/pages\/15431","targetHints":{"allow":["GET"]}}],"collection":[{"href":"https:\/\/www.rdks.lv\/en\/wp-json\/wp\/v2\/pages"}],"about":[{"href":"https:\/\/www.rdks.lv\/en\/wp-json\/wp\/v2\/types\/page"}],"author":[{"embeddable":true,"href":"https:\/\/www.rdks.lv\/en\/wp-json\/wp\/v2\/users\/16"}],"replies":[{"embeddable":true,"href":"https:\/\/www.rdks.lv\/en\/wp-json\/wp\/v2\/comments?post=15431"}],"version-history":[{"count":8,"href":"https:\/\/www.rdks.lv\/en\/wp-json\/wp\/v2\/pages\/15431\/revisions"}],"predecessor-version":[{"id":17186,"href":"https:\/\/www.rdks.lv\/en\/wp-json\/wp\/v2\/pages\/15431\/revisions\/17186"}],"wp:attachment":[{"href":"https:\/\/www.rdks.lv\/en\/wp-json\/wp\/v2\/media?parent=15431"}],"curies":[{"name":"wp","href":"https:\/\/api.w.org\/{rel}","templated":true}]}}