{"id":136,"date":"2013-12-19T02:07:29","date_gmt":"2013-12-19T02:07:29","guid":{"rendered":"http:\/\/213.175.126.152\/?page_id=136"},"modified":"2026-04-07T13:29:32","modified_gmt":"2026-04-07T11:29:32","slug":"dokumenti","status":"publish","type":"page","link":"https:\/\/www.rdks.lv\/en\/par-skolu\/dokumenti\/","title":{"rendered":"Documents"},"content":{"rendered":"<p><strong>SKOLU SAISTO\u0160IE DOKUMENTI<\/strong><\/p>\n<ol>\n<li><a href=\"http:\/\/www.rdks.lv\/wp-content\/uploads\/2020\/11\/PIKC_NMV_Nolikums_21_05_2018.pdf\">M\u0101kslu izgl\u012bt\u012bbas kompetences centra &#8220;Nacion\u0101l\u0101 M\u0101kslu vidusskola&#8221; nolikums<\/a> Apstiprin\u0101ts ar LR Kult\u016bras ministrijas 2018. gada 21. marta r\u012bkojumu Nr. 2.5-1-88<\/li>\n<li><a href=\"https:\/\/www.rdks.lv\/wp-content\/uploads\/2025\/01\/PasnovertejumsNMV2023_2024.pdf\">M\u0101kslu izgl\u012bt\u012bbas kompetences centra &#8220;Nacion\u0101l\u0101 M\u0101kslu vidusskola&#8221; Pa\u0161nov\u0113rt\u0113juma zi\u0146ojums 2023-2024<\/a><\/li>\n<li><a href=\"https:\/\/nmv.lv\/wp-content\/uploads\/2022\/08\/NMV-Attistibas-un-investiciju-strategija-2021.-2027.g..pdf\">M\u0101kslu izgl\u012bt\u012bbas kompetences centra &#8220;Nacion\u0101l\u0101 M\u0101kslu vidusskola&#8221; att\u012bst\u012bbas un invest\u012bciju strat\u0113\u0123ija 2021.-2027. gadam<\/a><\/li>\n<li><a href=\"https:\/\/www.rdks.lv\/wp-content\/uploads\/2025\/01\/1-9-N-6-MIKC-NMV-Privatuma-politika-26.09.2024_DL.pdf\">M\u0101kslu izgl\u012bt\u012bbas kompetences centra &#8220;Nacion\u0101l\u0101 M\u0101kslu vidusskola&#8221; priv\u0101tuma politika<\/a><\/li>\n<li><a href=\"https:\/\/nmv.gov.lv\/wp-content\/uploads\/2025\/11\/NMV_Ieksejas-kartibas-noteikumi_2025.pdf\">R\u012bgas Doma kora skolas iek\u0161\u0113j\u0101s k\u0101rt\u012bbas noteikumi<\/a><\/li>\n<li><a href=\"https:\/\/www.rdks.lv\/wp-content\/uploads\/2026\/01\/1-9-N-3_compressed.pdf\">M\u0101kslu izgl\u012bt\u012bbas kompetences centra &#8220;Nacion\u0101l\u0101s M\u0101kslu vidusskola&#8221; izgl\u012btojamo m\u0101c\u012bbu sasniegumu v\u0113rt\u0113\u0161anas k\u0101rt\u012bba 2025<\/a><\/li>\n<li><a href=\"https:\/\/www.rdks.lv\/wp-content\/uploads\/2025\/01\/grozijumi-ieksejos-noteikumos-02.01.2025.pdf\">Groz\u012bjumi iek\u0161\u0113jos noteikumos MIKC Nacion\u0101l\u0101s M\u0101kslu vidusskolas izgl\u012btojamo m\u0101c\u012bbu sasniegumu v\u0113rt\u0113\u0161anas k\u0101rt\u012bba<\/a><\/li>\n<li><a href=\"https:\/\/www.rdks.lv\/wp-content\/uploads\/2026\/01\/1-9-N-15-Pedagogu-darba-samaksas-un-piemaksu-noteiksanas-kartiba-22.09.2025.1.pdf\">Pedagogu darba samaksas un piemaksu noteik\u0161anas k\u0101rt\u012bba 2025<\/a><\/li>\n<li><a href=\"http:\/\/www.rdks.lv\/wp-content\/uploads\/2018\/02\/pedagogu-profesionalas-darbibas-novertesana.compressed.pdf\">Pedagogu profesion\u0101l\u0101s darb\u012bbas nov\u0113rt\u0113\u0161anas k\u0101rt\u012bba<\/a><br \/>\n11.1. <a href=\"http:\/\/www.rdks.lv\/wp-content\/uploads\/2018\/02\/1.-pielikums.pdf\">Pielikums Nr. 1<\/a><br \/>\n11.2. <a href=\"http:\/\/www.rdks.lv\/wp-content\/uploads\/2018\/02\/2-pielikums_Pasvertejums-1.docx\">Pielikums Nr. 2<\/a><br \/>\n11.3. <a href=\"http:\/\/www.rdks.lv\/wp-content\/uploads\/2018\/02\/3.-pielikums.pdf\">Pielikums Nr. 3<\/a><br \/>\n11.4. <a href=\"http:\/\/www.rdks.lv\/wp-content\/uploads\/2018\/02\/4.-pielikums.pdf\">Pielikums Nr. 4<\/a><br \/>\n11.5. <a href=\"http:\/\/www.rdks.lv\/wp-content\/uploads\/2022\/01\/5.-pielikums.pdf\">Pielikums Nr. 5<\/a><br \/>\n11.6. <a href=\"http:\/\/www.rdks.lv\/wp-content\/uploads\/2018\/02\/6.-pielikums.pdf\">Pielikums Nr. 6<\/a><br \/>\n11.7. <a href=\"http:\/\/www.rdks.lv\/wp-content\/uploads\/2018\/02\/7.-pielikums.pdf\">Pielikums Nr. 7<\/a><\/li>\n<li><a href=\"https:\/\/nmv.lv\/wp-content\/uploads\/2021\/10\/1-9-N-1-24.03.2021.-PIKC-NMV-Audzinasanas-darba-vadlinijas.pdf\">M\u0101kslu izgl\u012bt\u012bbas kompetences centra &#8220;Nacion\u0101l\u0101 M\u0101kslu vidusskola&#8221; audzin\u0101\u0161anas darba vadl\u012bnijas<\/a><\/li>\n<\/ol>\n<p><strong>NOTEIKUMI<\/strong><\/p>\n<ol>\n<li><a href=\"https:\/\/www.rdks.lv\/wp-content\/uploads\/2025\/12\/RDKS-Uznemsanas-noteikumi-2026-2027.pdf\">Uz\u0146em\u0161anas noteikumi 2026.\/2027. m\u0101c\u012bbu gadam<\/a><\/li>\n<li><a href=\"https:\/\/www.rdks.lv\/wp-content\/uploads\/2026\/04\/1-9-N-2-Stipendiju-pieskirsanas-kartiba.pdf\">Stipendiju pie\u0161\u0137ir\u0161anas k\u0101rt\u012bba<\/a><\/li>\n<li><a href=\"https:\/\/www.rdks.lv\/wp-content\/uploads\/2024\/02\/1-9-N-5-PIKC-NMV-Prakses-noteikumi-31.08.docx.pdf\">Prakses noteikumi<\/a><\/li>\n<li><a href=\"http:\/\/www.rdks.lv\/wp-content\/uploads\/2022\/12\/Atskaitisanas-kartiba-1.pdf\">R\u012bgas Doma kora skolas audz\u0113k\u0146u atskait\u012b\u0161anas k\u0101rt\u012bba profesion\u0101l\u0101s ievirzes izgl\u012bt\u012bbas programm\u0101 <em>Vok\u0101l\u0101 m\u016bzika &#8211; Kora klase<\/em><\/a><\/li>\n<li><a href=\"https:\/\/www.rdks.lv\/wp-content\/uploads\/2025\/09\/1-9-N-14.pdf\">Par k\u0101rt\u012bbu, k\u0101d\u0101 tiek izskat\u012bts izgl\u012btojam\u0101 vai izgl\u012btojam\u0101 likumisk\u0101 p\u0101rst\u0101vja iesniegums par pedagoga mai\u0146u vai izgl\u012btojam\u0101 p\u0101rcel\u0161anu uz citu m\u0101c\u012bbu grupu<\/a><\/li>\n<li><a href=\"https:\/\/nmv.lv\/wp-content\/uploads\/2021\/02\/1-9-N-1-30.01.2019.-Izglitojamo-drosibas-noteikumi.pdf\">M\u0101kslu izgl\u012bt\u012bbas kompetences centra &#8220;Nacion\u0101l\u0101 M\u0101kslu vidusskola&#8221; izgl\u012btojamo dro\u0161\u012bbas noteikumi<\/a><\/li>\n<li>K\u0101rt\u012bba, k\u0101d\u0101 R\u012bgas Doma kora skola inform\u0113 izgl\u012btojamo vec\u0101kus, pa\u0161vald\u012bbas vai valsts iest\u0101des, ja izgl\u012btojamais bez attaisnojo\u0161a iemesla neapmekl\u0113 R\u012bgas Doma kora skolu (<em>tiks ievietots dr\u012bzum\u0101)<\/em><\/li>\n<li><a href=\"http:\/\/www.rdks.lv\/wp-content\/uploads\/2022\/02\/1-9-N-9-Dienesta-viesnicas-ieksejie-noteikumi-02.09.2020..pdf\">Dienesta viesn\u012bcas iek\u0161\u0113j\u0101s k\u0101rt\u012bbas noteikumi<\/a><\/li>\n<li><a href=\"http:\/\/www.rdks.lv\/wp-content\/uploads\/2013\/12\/6.-atlaide-dienesta-viesn\u012bca.pdf\">K\u0101rt\u012bba, k\u0101d\u0101 tiek pie\u0161\u0137irta \u012bres maksas atlaide Nacion\u0101l\u0101s M\u0101kslu vidusskolas R\u012bgas Doma kora skolas Dienesta viesn\u012bc\u0101<\/a><\/li>\n<li><a href=\"http:\/\/www.rdks.lv\/wp-content\/uploads\/2023\/04\/1-8-N-1-Etikas-kodekss-22.03.2023.-stajas-speka-ar-01.09.2023.-1.pdf\">MIKC Nacion\u0101l\u0101s M\u0101kslu vidusskolas \u0113tikas kodekss<\/a><\/li>\n<li><a href=\"http:\/\/www.rdks.lv\/wp-content\/uploads\/2021\/12\/Par-video-noverosanu.pdf\">Noteikumi par video nov\u0113ro\u0161anu<\/a><\/li>\n<li><a href=\"https:\/\/www.rdks.lv\/wp-content\/uploads\/2023\/10\/1-9-N-1-Sporta-kompleksa-lietosanas-noteikumi-08.03.2023.pdf\">MIKC Nacion\u0101l\u0101s M\u0101kslu vidusskolas Sporta kompleksa lieto\u0161anas noteikumi<\/a><\/li>\n<li><a href=\"https:\/\/nmv.gov.lv\/wp-content\/uploads\/2025\/11\/NMV_Ieksejas-kartibas-noteikumi_2025.pdf\">MIKC Nacion\u0101l\u0101s M\u0101kslu vidusskolas iek\u0161\u0113j\u0101s k\u0101rt\u012bbas noteikumi<\/a><\/li>\n<\/ol>\n<p><strong>REGLAMENTI<\/strong><\/p>\n<ol>\n<li><a href=\"http:\/\/www.rdks.lv\/wp-content\/uploads\/2022\/12\/1.pedagog\u0327iska\u0304s-padomes-reglaments.pdf\">Pedago\u0123isk\u0101s padomes reglaments<\/a><\/li>\n<li><a href=\"http:\/\/www.rdks.lv\/wp-content\/uploads\/2022\/12\/2..-RDKS-skolas-padomes-reglaments.pdf\">RDKS skolas padomes reglaments<\/a><\/li>\n<li><a href=\"http:\/\/www.rdks.lv\/wp-content\/uploads\/2022\/12\/3.-izgli\u0304tojamo-pas\u030cpa\u0304rvaldes-reglaments.pdf\">Izgl\u012btojamo pa\u0161p\u0101rvaldes reglaments<\/a><\/li>\n<li><a href=\"http:\/\/www.rdks.lv\/wp-content\/uploads\/2022\/12\/4.-metodiska\u0304s-padomes-reglaments.pdf\">Metodisk\u0101s padomes reglaments<\/a><\/li>\n<li><a href=\"http:\/\/www.rdks.lv\/wp-content\/uploads\/2022\/12\/NMV-Etikas-komisijas-reglaments-1.pdf\">MIKC Nacion\u0101l\u0101s M\u0101kslu vidusskolas \u0113tikas komisijas reglaments<\/a><\/li>\n<li><a href=\"https:\/\/www.rdks.lv\/wp-content\/uploads\/2026\/02\/Pedagogu-darba-kvalitates-izvertesanas-komisijas-reglaments.pdf\">Pedagogu darba kvalit\u0101tes izv\u0113rt\u0113\u0161anas komisijas reglaments<\/a><\/li>\n<\/ol>\n","protected":false},"excerpt":{"rendered":"<p>SKOLU SAISTO\u0160IE DOKUMENTI M\u0101kslu izgl\u012bt\u012bbas kompetences centra &#8220;Nacion\u0101l\u0101 M\u0101kslu vidusskola&#8221; nolikums Apstiprin\u0101ts ar LR Kult\u016bras ministrijas 2018. gada 21. marta r\u012bkojumu Nr. 2.5-1-88 M\u0101kslu izgl\u012bt\u012bbas kompetences centra &#8220;Nacion\u0101l\u0101 M\u0101kslu vidusskola&#8221; Pa\u0161nov\u0113rt\u0113juma zi\u0146ojums 2023-2024 M\u0101kslu izgl\u012bt\u012bbas kompetences centra &#8220;Nacion\u0101l\u0101 M\u0101kslu vidusskola&#8221; att\u012bst\u012bbas un invest\u012bciju strat\u0113\u0123ija 2021.-2027. gadam M\u0101kslu izgl\u012bt\u012bbas kompetences centra &#8220;Nacion\u0101l\u0101 M\u0101kslu vidusskola&#8221; priv\u0101tuma politika&#8230;<\/p>\n","protected":false},"author":16,"featured_media":0,"parent":2757,"menu_order":5,"comment_status":"closed","ping_status":"open","template":"","meta":{"cybocfi_hide_featured_image":"","footnotes":""},"class_list":["post-136","page","type-page","status-publish","hentry"],"_links":{"self":[{"href":"https:\/\/www.rdks.lv\/en\/wp-json\/wp\/v2\/pages\/136","targetHints":{"allow":["GET"]}}],"collection":[{"href":"https:\/\/www.rdks.lv\/en\/wp-json\/wp\/v2\/pages"}],"about":[{"href":"https:\/\/www.rdks.lv\/en\/wp-json\/wp\/v2\/types\/page"}],"author":[{"embeddable":true,"href":"https:\/\/www.rdks.lv\/en\/wp-json\/wp\/v2\/users\/16"}],"replies":[{"embeddable":true,"href":"https:\/\/www.rdks.lv\/en\/wp-json\/wp\/v2\/comments?post=136"}],"version-history":[{"count":151,"href":"https:\/\/www.rdks.lv\/en\/wp-json\/wp\/v2\/pages\/136\/revisions"}],"predecessor-version":[{"id":18455,"href":"https:\/\/www.rdks.lv\/en\/wp-json\/wp\/v2\/pages\/136\/revisions\/18455"}],"up":[{"embeddable":true,"href":"https:\/\/www.rdks.lv\/en\/wp-json\/wp\/v2\/pages\/2757"}],"wp:attachment":[{"href":"https:\/\/www.rdks.lv\/en\/wp-json\/wp\/v2\/media?parent=136"}],"curies":[{"name":"wp","href":"https:\/\/api.w.org\/{rel}","templated":true}]}}