{"id":131,"date":"2013-12-19T02:06:48","date_gmt":"2013-12-19T02:06:48","guid":{"rendered":"http:\/\/213.175.126.152\/?page_id=131"},"modified":"2026-03-10T12:02:24","modified_gmt":"2026-03-10T10:02:24","slug":"pedagogi","status":"publish","type":"page","link":"https:\/\/www.rdks.lv\/en\/par-skolu\/pedagogi\/","title":{"rendered":"Teachers"},"content":{"rendered":"<p>There were 136 teachers working at the Riga Cathedral Choir School on academic year 2025\/2026.<\/p>\n<p>The teaching staff constantly improves their competence in the following areas:<\/p>\n<ul>\n<li>methods for teaching;<\/li>\n<li>pedagogy and psychology;<\/li>\n<li>computer science;<\/li>\n<li>educational and school management;<\/li>\n<li>foreign languages.<\/li>\n<\/ul>\n<p>General subject teachers<\/p>\n<table width=\"554\">\n<tbody>\n<tr>\n<td width=\"205\"><strong>Rihards Adovi\u010ds<\/strong><\/td>\n<td width=\"343\">Maths<\/td>\n<\/tr>\n<tr>\n<td width=\"205\"><strong>Sarm\u012bte And\u017e\u0101ne<\/strong><\/td>\n<td width=\"343\">Social Sciences and History<\/td>\n<\/tr>\n<tr>\n<td width=\"205\"><strong>Inese Be\u0137ere<\/strong><\/td>\n<td width=\"343\">Natural Sciences, Biology, Geography<\/td>\n<\/tr>\n<tr>\n<td width=\"205\"><strong>Paula Krista C\u0101bule<\/strong><\/td>\n<td width=\"343\">English<\/td>\n<\/tr>\n<tr>\n<td width=\"205\"><strong>Inga Ducena<\/strong><\/td>\n<td width=\"343\">Maths<\/td>\n<\/tr>\n<tr>\n<td width=\"205\"><strong>Linda Eiduse<\/strong><\/td>\n<td width=\"343\">English<\/td>\n<\/tr>\n<tr>\n<td width=\"205\"><strong>Ieva Ern\u0161treite<\/strong><\/td>\n<td width=\"343\">English<\/td>\n<\/tr>\n<tr>\n<td width=\"205\"><strong>J\u0101nis Gai\u0137is<\/strong><\/td>\n<td width=\"343\">Design and Technologies, Engineering Sciences<\/td>\n<\/tr>\n<tr>\n<td width=\"205\"><strong>Zanda Gertnere-Klicenko<\/strong><\/td>\n<td width=\"343\">Latvian, Literature<\/td>\n<\/tr>\n<tr>\n<td width=\"205\"><strong>Iveta Godi\u0146a<\/strong><\/td>\n<td width=\"343\">Christian doctrine<\/td>\n<\/tr>\n<tr>\n<td width=\"205\"><strong>Vasilijs Gredasovs<\/strong><\/td>\n<td width=\"343\">Physics<\/td>\n<\/tr>\n<tr>\n<td width=\"205\"><strong>Erv\u012bns Jasi\u016bnas<\/strong><\/td>\n<td width=\"343\">Maths, Computer science<\/td>\n<\/tr>\n<tr>\n<td width=\"205\"><strong>Ilze J\u0101kobsone<\/strong><\/td>\n<td width=\"343\">Culture<\/td>\n<\/tr>\n<tr>\n<td width=\"205\"><strong>Vita Kreicberga<\/strong><\/td>\n<td width=\"343\">Maths<\/td>\n<\/tr>\n<tr>\n<td width=\"205\"><strong>Anete K\u016bla<\/strong><\/td>\n<td width=\"343\">English, Spanish<\/td>\n<\/tr>\n<tr>\n<td width=\"205\"><strong>\u016ana Laukmane<\/strong><\/td>\n<td width=\"343\">Visual Arts<\/td>\n<\/tr>\n<tr>\n<td width=\"205\"><strong>Dina Lazdovska<\/strong><\/td>\n<td width=\"343\">History<\/td>\n<\/tr>\n<tr>\n<td width=\"205\"><strong>Madara Melne-Tomsone<\/strong><\/td>\n<td width=\"343\">Theatre<\/td>\n<\/tr>\n<tr>\n<td width=\"205\"><strong>L\u012bva Me\u017es\u0113ta<\/strong><\/td>\n<td width=\"343\">Design and Technologies, Engineering Sciences<\/td>\n<\/tr>\n<tr>\n<td width=\"205\"><strong>Ieva Moore<\/strong><\/td>\n<td width=\"343\">Economics, Business Basics<\/td>\n<\/tr>\n<tr>\n<td width=\"205\"><strong>Edmunds\u00a0P\u016bli\u0146\u0161<\/strong><\/td>\n<td width=\"343\">Sports and health<\/td>\n<\/tr>\n<tr>\n<td width=\"205\"><strong>Jana Roderte<\/strong><\/td>\n<td width=\"343\">German<\/td>\n<\/tr>\n<tr>\n<td width=\"205\"><strong>Sanita Roze<\/strong><\/td>\n<td width=\"343\">Sports and health<\/td>\n<\/tr>\n<tr>\n<td width=\"205\"><strong>Jolanta Rozenberga-Vintere<\/strong><\/td>\n<td width=\"343\">Elementary school, Sports and Health<\/td>\n<\/tr>\n<tr>\n<td width=\"205\"><strong>Evel\u012bna Stiene<\/strong><\/td>\n<td width=\"343\">Basics of Entrepreneurship<\/td>\n<\/tr>\n<tr>\n<td width=\"205\"><strong>V\u0113sma S\u016bna<\/strong><\/td>\n<td width=\"343\">Natural Sciences, Chemistry<\/td>\n<\/tr>\n<tr>\n<td width=\"205\"><strong>Sarm\u012bte \u0160enberga<\/strong><\/td>\n<td width=\"343\">Elementary school<\/td>\n<\/tr>\n<tr>\n<td width=\"205\"><strong>Ing\u016bna \u0160t\u0101le<\/strong><\/td>\n<td width=\"343\">Social Sciences and History<\/td>\n<\/tr>\n<tr>\n<td width=\"205\"><strong>Vita Virza<\/strong><\/td>\n<td width=\"343\">Elementary school, Social Sciences, Maths<\/td>\n<\/tr>\n<tr>\n<td width=\"205\"><strong>Iveta V\u012bdu\u0161a<\/strong><\/td>\n<td width=\"343\">Latvian, Literature<\/td>\n<\/tr>\n<\/tbody>\n<\/table>\n<p>Vocational subject teachers<\/p>\n<table width=\"602\">\n<tbody>\n<tr>\n<td width=\"216\"><strong>Madara Melne-Tomsone<\/strong><\/td>\n<td width=\"380\">Stage speech<\/td>\n<\/tr>\n<tr>\n<td width=\"216\"><strong>Anna Upeniece-Upeniete<\/strong><\/td>\n<td width=\"380\">Italian<\/td>\n<\/tr>\n<\/tbody>\n<\/table>\n<p>Head teachers<\/p>\n<table>\n<tbody>\n<tr>\n<td width=\"206\"><strong>Agnese Lapi\u0146a<\/strong><\/td>\n<td width=\"342\">Grade 1<\/td>\n<\/tr>\n<tr>\n<td width=\"206\"><strong>Sarm\u012bte \u0160enberga<\/strong><\/td>\n<td width=\"342\">Grade 2<\/td>\n<\/tr>\n<tr>\n<td width=\"206\"><strong>Vita Virza<\/strong><\/td>\n<td width=\"342\">Grade 3<\/td>\n<\/tr>\n<tr>\n<td width=\"206\"><strong>Jolanta Rozenberga<\/strong><\/td>\n<td width=\"342\">Grade 4<\/td>\n<\/tr>\n<tr>\n<td width=\"206\"><strong>Inguna \u0160t\u0101le<\/strong><\/td>\n<td width=\"342\">Grade 5<\/td>\n<\/tr>\n<tr>\n<td width=\"206\"><strong>Paula Krista C\u0101bule<\/strong><\/td>\n<td width=\"342\">Grade 6<\/td>\n<\/tr>\n<tr>\n<td width=\"206\"><strong>Zanda Gertnere &#8211; Klicenko<\/strong><\/td>\n<td width=\"342\">Grade 7<\/td>\n<\/tr>\n<tr>\n<td width=\"206\"><strong>Anna Matveja<\/strong><\/td>\n<td width=\"342\">Grade 8<\/td>\n<\/tr>\n<tr>\n<td width=\"206\"><strong>Iveta Gredzena<\/strong><\/td>\n<td width=\"342\">Grade 9<\/td>\n<\/tr>\n<tr>\n<td width=\"206\"><strong>Iveta Gredzena<\/strong><\/td>\n<td width=\"342\">Course I<\/td>\n<\/tr>\n<tr>\n<td width=\"206\"><strong>Madara Melne-Tomsone<\/strong><\/td>\n<td width=\"342\">Course II<\/td>\n<\/tr>\n<tr>\n<td width=\"206\"><strong>Krist\u012bne Freimane<\/strong><\/td>\n<td width=\"342\">Course III<\/td>\n<\/tr>\n<tr>\n<td width=\"206\"><strong>Mat\u012bss Tu\u010ds<\/strong><\/td>\n<td width=\"342\">Course IV<\/td>\n<\/tr>\n<\/tbody>\n<\/table>\n<p>Music theory subject teachers<\/p>\n<table width=\"602\">\n<tbody>\n<tr>\n<td width=\"598\"><strong>T\u012bna Enia Goba<\/strong><\/td>\n<\/tr>\n<tr>\n<td width=\"598\"><strong>Iveta Grunde<\/strong><\/td>\n<\/tr>\n<tr>\n<td width=\"598\"><strong>J\u0113kabs Jan\u010devskis<\/strong><\/td>\n<\/tr>\n<tr>\n<td width=\"598\"><strong>Ilze Jankevica<\/strong><\/td>\n<\/tr>\n<tr>\n<td width=\"598\"><strong>J\u016blija Jon\u0101ne \u2013\u00a0<\/strong>head of the methodological commission<\/td>\n<\/tr>\n<tr>\n<td width=\"598\"><strong>Anna Matveja<\/strong><\/td>\n<\/tr>\n<tr>\n<td width=\"598\"><strong>Egija Ozoli\u0146a<\/strong><\/td>\n<\/tr>\n<tr>\n<td width=\"598\"><strong>Katarina Skr\u016bzmane<\/strong><\/td>\n<\/tr>\n<tr>\n<td width=\"598\"><strong>Svjatoslavs Ustenko<\/strong><\/td>\n<\/tr>\n<tr>\n<td width=\"598\"><strong>Maija Veinberga<\/strong><\/td>\n<\/tr>\n<\/tbody>\n<\/table>\n<p>Conducting teachers<\/p>\n<table width=\"602\">\n<tbody>\n<tr>\n<td width=\"598\"><strong>Aira Birzi\u0146a<\/strong><\/td>\n<\/tr>\n<tr>\n<td width=\"598\"><strong>Jur\u0123is C\u0101bulis \u2013\u00a0<\/strong>head of the educational program <em>Conducting<\/em><\/td>\n<\/tr>\n<tr>\n<td width=\"598\"><strong>Inita Kamar\u016bte<\/strong><\/td>\n<\/tr>\n<tr>\n<td width=\"598\"><strong>M\u0101rti\u0146\u0161 Kli\u0161\u0101ns<\/strong><\/td>\n<\/tr>\n<tr>\n<td width=\"598\"><strong>Aivars Krasti\u0146\u0161<\/strong><\/td>\n<\/tr>\n<\/tbody>\n<\/table>\n<p>Piano teachers<\/p>\n<table width=\"602\">\n<tbody>\n<tr>\n<td width=\"598\"><strong>Sarm\u012bte \u0100renta<\/strong><\/td>\n<\/tr>\n<tr>\n<td width=\"598\"><strong>Irina Balabkina<\/strong><\/td>\n<\/tr>\n<tr>\n<td width=\"598\"><strong>Di\u0101na Bergmane <\/strong>&#8211; head of the methodological commission<\/td>\n<\/tr>\n<tr>\n<td width=\"598\"><strong>Inga Burmeistere<\/strong><\/td>\n<\/tr>\n<tr>\n<td width=\"598\"><strong>Gabriela Goldmane<\/strong><\/td>\n<\/tr>\n<tr>\n<td width=\"598\"><strong>Helga G\u016bt\u0161mite<\/strong><\/td>\n<\/tr>\n<tr>\n<td width=\"598\"><strong>Krist\u012bne Ieleja<\/strong><\/td>\n<\/tr>\n<tr>\n<td width=\"598\"><strong>D\u017e\u016blija Kokina<\/strong><\/td>\n<\/tr>\n<tr>\n<td width=\"598\"><strong>Arvis Lapkovskis<\/strong><\/td>\n<\/tr>\n<tr>\n<td width=\"598\"><strong>Zoja Larionova<\/strong><\/td>\n<\/tr>\n<tr>\n<td width=\"598\"><strong>Dina Liepi\u0146a<\/strong><\/td>\n<\/tr>\n<tr>\n<td width=\"598\"><strong>Digna Markule<\/strong><\/td>\n<\/tr>\n<tr>\n<td width=\"598\"><strong>Ir\u0113na Monastirska \u2013 Urt\u0101ne<\/strong><\/td>\n<\/tr>\n<tr>\n<td width=\"598\"><strong>Ilze Nakase<\/strong><\/td>\n<\/tr>\n<tr>\n<td width=\"598\"><strong>Ingr\u012bda Sarkane<\/strong><\/td>\n<\/tr>\n<tr>\n<td width=\"598\"><strong>Tatjana Semjonova<\/strong><\/td>\n<\/tr>\n<tr>\n<td width=\"598\"><strong>Maruta \u0160vemberga<\/strong><\/td>\n<\/tr>\n<tr>\n<td width=\"598\"><strong>Svetlana Timerkana<\/strong><\/td>\n<\/tr>\n<tr>\n<td width=\"598\"><strong>Anita Vinogradova<\/strong><\/td>\n<\/tr>\n<tr>\n<td width=\"598\"><\/td>\n<\/tr>\n<\/tbody>\n<\/table>\n<p>Vocal teachers<\/p>\n<table width=\"602\">\n<tbody>\n<tr>\n<td width=\"598\"><strong>Krist\u012bne Barkovska<\/strong><\/td>\n<\/tr>\n<tr>\n<td width=\"598\"><strong>Ansis B\u0113ti\u0146\u0161<\/strong><\/td>\n<\/tr>\n<tr>\n<td width=\"598\"><strong>Krist\u012bne Circene<\/strong><\/td>\n<\/tr>\n<tr>\n<td width=\"598\"><strong>Valda Dzene<\/strong><\/td>\n<\/tr>\n<tr>\n<td width=\"598\"><strong>Gundars Dzi\u013cums<\/strong><\/td>\n<\/tr>\n<tr>\n<td width=\"598\"><strong>Krist\u012bne Freimane<\/strong><\/td>\n<\/tr>\n<tr>\n<td width=\"598\"><strong>Inga Grante<\/strong><\/td>\n<\/tr>\n<tr>\n<td width=\"598\"><strong>Ter\u0113ze Gretere<\/strong><\/td>\n<\/tr>\n<tr>\n<td width=\"598\"><strong>Daina Jansone<\/strong><\/td>\n<\/tr>\n<tr>\n<td width=\"598\"><strong>Egils J\u0101kobsons<\/strong><\/td>\n<\/tr>\n<tr>\n<td width=\"598\"><strong>Ingr\u012bda Klepere<\/strong><\/td>\n<\/tr>\n<tr>\n<td width=\"598\"><strong>Ance \u0136irse &#8211; <\/strong>head of the methodological commision<\/td>\n<\/tr>\n<tr>\n<td width=\"598\"><strong>Zanda Mali\u0161eva<\/strong><\/td>\n<\/tr>\n<tr>\n<td width=\"598\"><strong>Evija Martinsone<\/strong><\/td>\n<\/tr>\n<tr>\n<td width=\"598\"><strong>Irma Pav\u0101re &#8211; <\/strong>head of the educational program <em>Vocal Music<\/em><\/td>\n<\/tr>\n<tr>\n<td width=\"598\"><strong>Ilona Poik\u0101ne<\/strong><\/td>\n<\/tr>\n<tr>\n<td width=\"598\"><strong>Baiba Renerte<\/strong><\/td>\n<\/tr>\n<tr>\n<td width=\"598\"><strong>Zane Stafecka-Tene<\/strong><\/td>\n<\/tr>\n<tr>\n<td width=\"598\"><strong>Anita \u0160alha<\/strong><\/td>\n<\/tr>\n<tr>\n<td width=\"598\"><strong>Valda Tra\u010duma<\/strong><\/td>\n<\/tr>\n<tr>\n<td width=\"598\"><strong>Aija Veismane<\/strong><\/td>\n<\/tr>\n<tr>\n<td width=\"598\"><strong>Rud\u012bte Zari\u0146a<\/strong><\/td>\n<\/tr>\n<\/tbody>\n<\/table>\n<p>Modern rhythms and jazz program teachers<\/p>\n<table width=\"602\">\n<tbody>\n<tr>\n<td width=\"221\"><strong>Atis Andersons<\/strong><\/td>\n<td width=\"374\">Harmony, Jazz Piano<\/td>\n<\/tr>\n<tr>\n<td width=\"221\"><strong>Inga B\u0113rzi\u0146a<\/strong><\/td>\n<td width=\"374\">Jazz Vocal<\/td>\n<\/tr>\n<tr>\n<td width=\"221\"><strong>D\u0101vis Bindemanis<\/strong><\/td>\n<td width=\"374\">Jazz Piano<\/td>\n<\/tr>\n<tr>\n<td width=\"221\"><strong>Krist\u012bne C\u012brule<\/strong><\/td>\n<td width=\"374\">Jazz Solfeggio, Jazz Vocal<\/td>\n<\/tr>\n<tr>\n<td width=\"221\"><strong>Mi\u0137elis Dzenu\u0161ka<\/strong><\/td>\n<td width=\"374\">Solfeggio<\/td>\n<\/tr>\n<tr>\n<td width=\"221\"><strong>Edijs G\u0146edovskis<\/strong><\/td>\n<td width=\"374\">Sound production<\/td>\n<\/tr>\n<tr>\n<td width=\"221\"><strong>T\u0101lis G\u017eibovskis<\/strong><\/td>\n<td width=\"374\">Percussion, head of the educational program <em>Jazz<\/em> <em>Music<\/em><\/td>\n<\/tr>\n<tr>\n<td width=\"221\"><strong>D\u0101vis Jurka<\/strong><\/td>\n<td width=\"374\">JVLMA &amp; RDKS Big Band<\/td>\n<\/tr>\n<tr>\n<td width=\"221\"><strong>Madars Kalni\u0146\u0161<\/strong><\/td>\n<td width=\"374\">Jazz Piano<\/td>\n<\/tr>\n<tr>\n<td width=\"221\"><strong>Aivars Krasti\u0146\u0161<\/strong><\/td>\n<td width=\"374\">Percussion, head of the educational program<em> Jazz Music<\/em><\/td>\n<\/tr>\n<tr>\n<td width=\"221\"><strong>J\u0101nis Rubiks<\/strong><\/td>\n<td width=\"374\">Double bass<\/td>\n<\/tr>\n<tr>\n<td width=\"221\"><strong>Santa \u0160illere<\/strong><\/td>\n<td width=\"374\">Jazz Vocal<\/td>\n<\/tr>\n<tr>\n<td width=\"221\"><strong>Indri\u0137is Veitners<\/strong><\/td>\n<td width=\"374\">Saxophone<\/td>\n<\/tr>\n<tr>\n<td width=\"221\"><strong>Svens Vilsons<\/strong><\/td>\n<td width=\"374\">Guitar<\/td>\n<\/tr>\n<tr>\n<td width=\"221\"><strong>Zigmunds \u017dukovskis<\/strong><\/td>\n<td width=\"374\">Bass-guitar<\/td>\n<\/tr>\n<\/tbody>\n<\/table>\n<p>Musical theatre program teachers<\/p>\n<table width=\"602\">\n<tbody>\n<tr>\n<td width=\"226\"><strong>Edgars Auni\u0146\u0161<\/strong><\/td>\n<td width=\"370\">Musical theatre singing<\/td>\n<\/tr>\n<tr>\n<td width=\"226\"><strong>M\u0101rti\u0146\u0161 Kagainis<\/strong><\/td>\n<td width=\"370\">Supervisor<\/td>\n<\/tr>\n<tr>\n<td width=\"226\"><strong>K\u0101rlis Kr\u016bmi\u0146\u0161<\/strong><\/td>\n<td width=\"370\">Acting<\/td>\n<\/tr>\n<tr>\n<td width=\"226\"><strong>Rolands Mer\u017eejevskis<\/strong><\/td>\n<td width=\"370\">Contemporary dance, head of the educational program <em>Musical Theatre<\/em><\/td>\n<\/tr>\n<tr>\n<td width=\"226\"><strong>Jaroslavs Orlovs<\/strong><\/td>\n<td width=\"370\">History of musical theatre<\/td>\n<\/tr>\n<tr>\n<td width=\"226\"><strong>Baiba Renerte<\/strong><\/td>\n<td width=\"370\">Musical theatre singing<\/td>\n<\/tr>\n<tr>\n<td width=\"226\"><strong>Inese Romanc\u0101ne<\/strong><\/td>\n<td width=\"370\">Singing<\/td>\n<\/tr>\n<tr>\n<td width=\"226\"><strong>Una Stade<\/strong><\/td>\n<td width=\"370\">Musical theatre singing, Gospel choir, head of the educational program <em>Musical Theatre<\/em><\/td>\n<\/tr>\n<tr>\n<td width=\"226\"><strong>Santa \u0160illere<\/strong><\/td>\n<td width=\"370\">Musical theatre singing<\/td>\n<\/tr>\n<tr>\n<td width=\"226\"><strong>D\u017eanete Tabaka<\/strong><\/td>\n<td width=\"370\">Musical theatre singing<\/td>\n<\/tr>\n<\/tbody>\n<\/table>\n<p>Musical instrument teachers<\/p>\n<table width=\"602\">\n<tbody>\n<tr>\n<td width=\"303\"><strong>Tomass An\u010ds<\/strong><\/td>\n<td width=\"293\">Cello<\/td>\n<\/tr>\n<tr>\n<td width=\"303\"><strong>J\u0101nis Ansons<\/strong><\/td>\n<td width=\"293\">Clarinet<\/td>\n<\/tr>\n<tr>\n<td width=\"303\"><strong>Patr\u012bcija Bloma<\/strong><\/td>\n<td width=\"293\">Saxophone<\/td>\n<\/tr>\n<tr>\n<td width=\"303\"><strong>Vita Kalnciema<\/strong><\/td>\n<td width=\"293\">Organ<\/td>\n<\/tr>\n<tr>\n<td width=\"303\"><strong>Kristi\u0101ns Kalva<\/strong><\/td>\n<td width=\"293\">Trumpet<\/td>\n<\/tr>\n<tr>\n<td width=\"303\"><strong>Aivars Krasti\u0146\u0161<\/strong><\/td>\n<td width=\"293\">Percussion<\/td>\n<\/tr>\n<tr>\n<td width=\"303\"><strong>Inita Neilande<\/strong><\/td>\n<td width=\"293\">Harph<\/td>\n<\/tr>\n<tr>\n<td width=\"303\"><strong>Be\u0101te Ra\u010dko<\/strong><\/td>\n<td width=\"293\">Violin<\/td>\n<\/tr>\n<tr>\n<td width=\"303\"><strong>Krist\u012bne Stumbure<\/strong><\/td>\n<td width=\"293\">Flute<\/td>\n<\/tr>\n<tr>\n<td width=\"303\"><strong>Dagnija Tu\u010da<\/strong><\/td>\n<td width=\"293\">Recorder<\/td>\n<\/tr>\n<tr>\n<td width=\"303\"><strong>Vita Zemture<\/strong><\/td>\n<td width=\"293\">Flute<\/td>\n<\/tr>\n<\/tbody>\n<\/table>\n<p>Accompanists<\/p>\n<table width=\"602\">\n<tbody>\n<tr>\n<td width=\"598\"><strong>Sarm\u012bte \u0100renta<\/strong><\/td>\n<\/tr>\n<tr>\n<td width=\"598\"><strong>Di\u0101na Bergmane<\/strong><\/td>\n<\/tr>\n<tr>\n<td width=\"598\"><strong>D\u0101vis Bindemanis<\/strong><\/td>\n<\/tr>\n<tr>\n<td width=\"598\"><strong>Evija Bon\u0101te<\/strong><\/td>\n<\/tr>\n<tr>\n<td width=\"598\"><strong>Je\u013cena Bugajenko<\/strong><\/td>\n<\/tr>\n<tr>\n<td width=\"598\"><strong>Ilze Dzen\u012bte<\/strong><\/td>\n<\/tr>\n<tr>\n<td width=\"598\"><strong>U\u0123is Kri\u0161j\u0101nis<\/strong><\/td>\n<\/tr>\n<tr>\n<td width=\"598\"><strong>Ilze Kalni\u0146a<\/strong><\/td>\n<\/tr>\n<tr>\n<td width=\"598\"><strong>Lelde Lapsa<\/strong><\/td>\n<\/tr>\n<tr>\n<td width=\"598\"><strong>Ilva Lempa<\/strong><\/td>\n<\/tr>\n<tr>\n<td width=\"598\"><strong>Dina Liepi\u0146a<\/strong><\/td>\n<\/tr>\n<tr>\n<td width=\"598\"><strong>Arita Orrava<\/strong><\/td>\n<\/tr>\n<tr>\n<td width=\"598\"><strong>L\u012bga Paegle<\/strong><\/td>\n<\/tr>\n<tr>\n<td width=\"598\"><strong>Krist\u012bne Paula<\/strong><\/td>\n<\/tr>\n<tr>\n<td width=\"598\"><strong>Rita Po\u013caka<\/strong><\/td>\n<\/tr>\n<tr>\n<td width=\"598\"><strong>Tatjana Semjonova<\/strong><\/td>\n<\/tr>\n<tr>\n<td width=\"598\"><strong>Zane Volberga<\/strong><\/td>\n<\/tr>\n<tr>\n<td width=\"598\"><strong>J\u0101nis Zilberts<\/strong><\/td>\n<\/tr>\n<tr>\n<td width=\"598\"><strong>M\u0101ris \u017dagars<\/strong><\/td>\n<\/tr>\n<\/tbody>\n<\/table>\n<p>Choir leaders<\/p>\n<table width=\"602\">\n<tbody>\n<tr>\n<td width=\"234\"><strong>M\u0101rti\u0146\u0161 Kli\u0161\u0101ns<\/strong><\/td>\n<td width=\"362\">Conductor of Riga Cathedral Boys\u2019 Choir<\/td>\n<\/tr>\n<tr>\n<td width=\"234\"><strong>Aira Birzi\u0146a<\/strong><\/td>\n<td width=\"362\">Conductor of Riga Cathedral Girls\u2019 Choir TIARA<\/td>\n<\/tr>\n<tr>\n<td width=\"234\"><strong>Zanda Mali\u0161eva<\/strong><\/td>\n<td width=\"362\">Asissting conductor of Riga Cathedral Girls\u2019 Choir TIARA<\/td>\n<\/tr>\n<tr>\n<td width=\"234\"><strong>Zane Stafecka-Tene<\/strong><\/td>\n<td width=\"362\">Asissting conductor of Riga Cathedral Girls\u2019 Choir TIARA<\/td>\n<\/tr>\n<tr>\n<td width=\"234\"><strong>Jur\u0123is C\u0101bulis<\/strong><\/td>\n<td width=\"362\">Conductor of Riga Cathedral Choir School\u2019s Mixed Choir<\/td>\n<\/tr>\n<tr>\n<td width=\"234\"><strong>Una Stade<\/strong><\/td>\n<td width=\"362\">Conductor of Riga Cathedral Choir School\u2019s Gospel Choir<\/td>\n<\/tr>\n<tr>\n<td width=\"234\"><strong>Anna Matveja<\/strong><\/td>\n<td width=\"362\">Conductor of Riga Cathedral Choir School\u2019s 1-2 Grade Ensamble<\/td>\n<\/tr>\n<tr>\n<td width=\"234\"><strong>Alise Me\u013cko<\/strong><\/td>\n<td width=\"362\">Conductor of Riga Cathedral Choir School\u2019s 1-2 Grade Ensamble<\/td>\n<\/tr>\n<\/tbody>\n<\/table>\n<p>Preparatory group teachers<\/p>\n<table width=\"0\">\n<tbody>\n<tr>\n<td width=\"236\"><strong>Ilona Poik\u0101ne<\/strong><\/td>\n<td width=\"366\">Ensemble<\/td>\n<\/tr>\n<tr>\n<td width=\"236\"><strong>Alise Me\u013cko<\/strong><\/td>\n<td width=\"366\">Solfeggio<\/td>\n<\/tr>\n<tr>\n<td width=\"236\"><strong>Vita Virza<\/strong><\/td>\n<td width=\"366\">General subjects<\/td>\n<\/tr>\n<\/tbody>\n<\/table>\n<p>&nbsp;<\/p>\n<p>&nbsp;<\/p>","protected":false},"excerpt":{"rendered":"<p>There were 136 teachers working at the Riga Cathedral Choir School on academic year 2025\/2026. The teaching staff constantly improves their competence in the following areas: methods for teaching; pedagogy and psychology; computer science; educational and school management; foreign languages. General subject teachers Rihards Adovi\u010ds Maths Sarm\u012bte And\u017e\u0101ne Social Sciences and History Inese Be\u0137ere Natural&#8230;<\/p>\n","protected":false},"author":16,"featured_media":0,"parent":2757,"menu_order":4,"comment_status":"closed","ping_status":"open","template":"","meta":{"cybocfi_hide_featured_image":"","footnotes":""},"class_list":["post-131","page","type-page","status-publish","hentry"],"_links":{"self":[{"href":"https:\/\/www.rdks.lv\/en\/wp-json\/wp\/v2\/pages\/131","targetHints":{"allow":["GET"]}}],"collection":[{"href":"https:\/\/www.rdks.lv\/en\/wp-json\/wp\/v2\/pages"}],"about":[{"href":"https:\/\/www.rdks.lv\/en\/wp-json\/wp\/v2\/types\/page"}],"author":[{"embeddable":true,"href":"https:\/\/www.rdks.lv\/en\/wp-json\/wp\/v2\/users\/16"}],"replies":[{"embeddable":true,"href":"https:\/\/www.rdks.lv\/en\/wp-json\/wp\/v2\/comments?post=131"}],"version-history":[{"count":114,"href":"https:\/\/www.rdks.lv\/en\/wp-json\/wp\/v2\/pages\/131\/revisions"}],"predecessor-version":[{"id":18347,"href":"https:\/\/www.rdks.lv\/en\/wp-json\/wp\/v2\/pages\/131\/revisions\/18347"}],"up":[{"embeddable":true,"href":"https:\/\/www.rdks.lv\/en\/wp-json\/wp\/v2\/pages\/2757"}],"wp:attachment":[{"href":"https:\/\/www.rdks.lv\/en\/wp-json\/wp\/v2\/media?parent=131"}],"curies":[{"name":"wp","href":"https:\/\/api.w.org\/{rel}","templated":true}]}}