{"id":13059,"date":"2022-02-28T12:51:51","date_gmt":"2022-02-28T10:51:51","guid":{"rendered":"http:\/\/www.rdks.lv\/?page_id=13059"},"modified":"2022-03-15T11:31:41","modified_gmt":"2022-03-15T09:31:41","slug":"iz-lade-ie-lade-uz-lade","status":"publish","type":"page","link":"https:\/\/www.rdks.lv\/en\/iz-lade-ie-lade-uz-lade\/","title":{"rendered":"Iz-l\u0101de! Ie-l\u0101de! Uz-l\u0101de!"},"content":{"rendered":"<p class=\"qtranxs-available-languages-message qtranxs-available-languages-message-en\">Sorry, this entry is only available in <a href=\"https:\/\/www.rdks.lv\/lv\/wp-json\/wp\/v2\/pages\/13059\" class=\"qtranxs-available-language-link qtranxs-available-language-link-lv\" title=\"Latvie\u0161u\">Latvie\u0161u<\/a>.<\/p>","protected":false},"excerpt":{"rendered":"<p>Sorry, this entry is only available in Latvie\u0161u.<\/p>\n","protected":false},"author":6,"featured_media":0,"parent":0,"menu_order":0,"comment_status":"closed","ping_status":"closed","template":"","meta":{"cybocfi_hide_featured_image":"","footnotes":""},"class_list":["post-13059","page","type-page","status-publish","hentry"],"_links":{"self":[{"href":"https:\/\/www.rdks.lv\/en\/wp-json\/wp\/v2\/pages\/13059","targetHints":{"allow":["GET"]}}],"collection":[{"href":"https:\/\/www.rdks.lv\/en\/wp-json\/wp\/v2\/pages"}],"about":[{"href":"https:\/\/www.rdks.lv\/en\/wp-json\/wp\/v2\/types\/page"}],"author":[{"embeddable":true,"href":"https:\/\/www.rdks.lv\/en\/wp-json\/wp\/v2\/users\/6"}],"replies":[{"embeddable":true,"href":"https:\/\/www.rdks.lv\/en\/wp-json\/wp\/v2\/comments?post=13059"}],"version-history":[{"count":2,"href":"https:\/\/www.rdks.lv\/en\/wp-json\/wp\/v2\/pages\/13059\/revisions"}],"predecessor-version":[{"id":13190,"href":"https:\/\/www.rdks.lv\/en\/wp-json\/wp\/v2\/pages\/13059\/revisions\/13190"}],"wp:attachment":[{"href":"https:\/\/www.rdks.lv\/en\/wp-json\/wp\/v2\/media?parent=13059"}],"curies":[{"name":"wp","href":"https:\/\/api.w.org\/{rel}","templated":true}]}}