{"id":12988,"date":"2022-02-04T15:30:29","date_gmt":"2022-02-04T13:30:29","guid":{"rendered":"http:\/\/www.rdks.lv\/?page_id=12988"},"modified":"2022-12-28T14:53:10","modified_gmt":"2022-12-28T12:53:10","slug":"informacija-par-vidusskolas-izglitibas-programmam","status":"publish","type":"page","link":"https:\/\/www.rdks.lv\/en\/informacija-par-vidusskolas-izglitibas-programmam\/","title":{"rendered":"Inform\u0101cija par vidusskolas izgl\u012bt\u012bbas programm\u0101m"},"content":{"rendered":"<p class=\"qtranxs-available-languages-message qtranxs-available-languages-message-en\">Sorry, this entry is only available in <a href=\"https:\/\/www.rdks.lv\/lv\/wp-json\/wp\/v2\/pages\/12988\" class=\"qtranxs-available-language-link qtranxs-available-language-link-lv\" title=\"Latvie\u0161u\">Latvie\u0161u<\/a>.<\/p>","protected":false},"excerpt":{"rendered":"<p>Sorry, this entry is only available in Latvie\u0161u.<\/p>\n","protected":false},"author":6,"featured_media":0,"parent":0,"menu_order":0,"comment_status":"closed","ping_status":"closed","template":"","meta":{"cybocfi_hide_featured_image":"","footnotes":""},"class_list":["post-12988","page","type-page","status-publish","hentry"],"_links":{"self":[{"href":"https:\/\/www.rdks.lv\/en\/wp-json\/wp\/v2\/pages\/12988","targetHints":{"allow":["GET"]}}],"collection":[{"href":"https:\/\/www.rdks.lv\/en\/wp-json\/wp\/v2\/pages"}],"about":[{"href":"https:\/\/www.rdks.lv\/en\/wp-json\/wp\/v2\/types\/page"}],"author":[{"embeddable":true,"href":"https:\/\/www.rdks.lv\/en\/wp-json\/wp\/v2\/users\/6"}],"replies":[{"embeddable":true,"href":"https:\/\/www.rdks.lv\/en\/wp-json\/wp\/v2\/comments?post=12988"}],"version-history":[{"count":4,"href":"https:\/\/www.rdks.lv\/en\/wp-json\/wp\/v2\/pages\/12988\/revisions"}],"predecessor-version":[{"id":14442,"href":"https:\/\/www.rdks.lv\/en\/wp-json\/wp\/v2\/pages\/12988\/revisions\/14442"}],"wp:attachment":[{"href":"https:\/\/www.rdks.lv\/en\/wp-json\/wp\/v2\/media?parent=12988"}],"curies":[{"name":"wp","href":"https:\/\/api.w.org\/{rel}","templated":true}]}}