{"id":10917,"date":"2020-06-02T14:16:51","date_gmt":"2020-06-02T11:16:51","guid":{"rendered":"http:\/\/www.rdks.lv\/?page_id=10917"},"modified":"2022-06-16T10:45:01","modified_gmt":"2022-06-16T07:45:01","slug":"attalinatas-macibas","status":"publish","type":"page","link":"https:\/\/www.rdks.lv\/en\/attalinatas-macibas\/","title":{"rendered":"Att\u0101lin\u0101t\u0101s m\u0101c\u012bbas"},"content":{"rendered":"<p class=\"qtranxs-available-languages-message qtranxs-available-languages-message-en\">Sorry, this entry is only available in <a href=\"https:\/\/www.rdks.lv\/lv\/wp-json\/wp\/v2\/pages\/10917\" class=\"qtranxs-available-language-link qtranxs-available-language-link-lv\" title=\"Latvie\u0161u\">Latvie\u0161u<\/a>.<\/p>","protected":false},"excerpt":{"rendered":"<p>Sorry, this entry is only available in Latvie\u0161u.<\/p>\n","protected":false},"author":6,"featured_media":0,"parent":0,"menu_order":0,"comment_status":"closed","ping_status":"closed","template":"","meta":{"cybocfi_hide_featured_image":"","footnotes":""},"class_list":["post-10917","page","type-page","status-publish","hentry"],"_links":{"self":[{"href":"https:\/\/www.rdks.lv\/en\/wp-json\/wp\/v2\/pages\/10917","targetHints":{"allow":["GET"]}}],"collection":[{"href":"https:\/\/www.rdks.lv\/en\/wp-json\/wp\/v2\/pages"}],"about":[{"href":"https:\/\/www.rdks.lv\/en\/wp-json\/wp\/v2\/types\/page"}],"author":[{"embeddable":true,"href":"https:\/\/www.rdks.lv\/en\/wp-json\/wp\/v2\/users\/6"}],"replies":[{"embeddable":true,"href":"https:\/\/www.rdks.lv\/en\/wp-json\/wp\/v2\/comments?post=10917"}],"version-history":[{"count":11,"href":"https:\/\/www.rdks.lv\/en\/wp-json\/wp\/v2\/pages\/10917\/revisions"}],"predecessor-version":[{"id":13814,"href":"https:\/\/www.rdks.lv\/en\/wp-json\/wp\/v2\/pages\/10917\/revisions\/13814"}],"wp:attachment":[{"href":"https:\/\/www.rdks.lv\/en\/wp-json\/wp\/v2\/media?parent=10917"}],"curies":[{"name":"wp","href":"https:\/\/api.w.org\/{rel}","templated":true}]}}