{"id":10821,"date":"2020-06-01T12:32:33","date_gmt":"2020-06-01T09:32:33","guid":{"rendered":"http:\/\/www.rdks.lv\/?page_id=10821"},"modified":"2020-06-03T16:02:48","modified_gmt":"2020-06-03T13:02:48","slug":"attalinata-skolas-laika-fotolieciba","status":"publish","type":"page","link":"https:\/\/www.rdks.lv\/en\/attalinata-skolas-laika-fotolieciba\/","title":{"rendered":"Att\u0101lin\u0101to m\u0101c\u012bbu fotoliec\u012bba"},"content":{"rendered":"<p class=\"qtranxs-available-languages-message qtranxs-available-languages-message-en\">Sorry, this entry is only available in <a href=\"https:\/\/www.rdks.lv\/lv\/wp-json\/wp\/v2\/pages\/10821\" class=\"qtranxs-available-language-link qtranxs-available-language-link-lv\" title=\"Latvie\u0161u\">Latvie\u0161u<\/a>.<\/p>","protected":false},"excerpt":{"rendered":"<p>Sorry, this entry is only available in Latvie\u0161u.<\/p>\n","protected":false},"author":6,"featured_media":0,"parent":0,"menu_order":0,"comment_status":"closed","ping_status":"closed","template":"","meta":{"cybocfi_hide_featured_image":"","footnotes":""},"class_list":["post-10821","page","type-page","status-publish","hentry"],"_links":{"self":[{"href":"https:\/\/www.rdks.lv\/en\/wp-json\/wp\/v2\/pages\/10821","targetHints":{"allow":["GET"]}}],"collection":[{"href":"https:\/\/www.rdks.lv\/en\/wp-json\/wp\/v2\/pages"}],"about":[{"href":"https:\/\/www.rdks.lv\/en\/wp-json\/wp\/v2\/types\/page"}],"author":[{"embeddable":true,"href":"https:\/\/www.rdks.lv\/en\/wp-json\/wp\/v2\/users\/6"}],"replies":[{"embeddable":true,"href":"https:\/\/www.rdks.lv\/en\/wp-json\/wp\/v2\/comments?post=10821"}],"version-history":[{"count":20,"href":"https:\/\/www.rdks.lv\/en\/wp-json\/wp\/v2\/pages\/10821\/revisions"}],"predecessor-version":[{"id":10924,"href":"https:\/\/www.rdks.lv\/en\/wp-json\/wp\/v2\/pages\/10821\/revisions\/10924"}],"wp:attachment":[{"href":"https:\/\/www.rdks.lv\/en\/wp-json\/wp\/v2\/media?parent=10821"}],"curies":[{"name":"wp","href":"https:\/\/api.w.org\/{rel}","templated":true}]}}