{"id":104,"date":"2013-12-19T01:59:06","date_gmt":"2013-12-19T01:59:06","guid":{"rendered":"http:\/\/213.175.126.152\/?page_id=104"},"modified":"2022-12-28T15:15:46","modified_gmt":"2022-12-28T13:15:46","slug":"vecakiem","status":"publish","type":"page","link":"https:\/\/www.rdks.lv\/en\/macibas\/vecakiem\/","title":{"rendered":"For Parents"},"content":{"rendered":"<p><\/p>\n<h2>School psychologists<\/h2>\n<p>Physchologist <strong>Raimonds Auzi\u0146\u0161<br>\n<\/strong>+37129517488 | raimonds.auzins@nmv.lv | Class No. 600<br>\nConsultations &#8211; by scheduled appointment<\/p>\n<hr>\n<p>Physchologist <strong>\u017danna Dubrovska<br>\n<\/strong>+37126091121 | zanna.dubrovska@inbox.lv | Class No. 600<br>\nConsultations &#8211; by scheduled appointment<\/p>\n<hr>\n<p>Social pedagogue&nbsp;<strong>Rud\u012bte Klints<br>\n<\/strong>+371 29133089 | rudite.klints@nmv.lv | Class No. 210<strong><br>\n<\/strong><\/p>\n<p><\/p>","protected":false},"excerpt":{"rendered":"<p>School psychologists Physchologist Raimonds Auzi\u0146\u0161 +37129517488 | raimonds.auzins@nmv.lv | Class No. 600 Consultations &#8211; by scheduled appointment Physchologist \u017danna Dubrovska +37126091121 | zanna.dubrovska@inbox.lv | Class No. 600 Consultations &#8211; by scheduled appointment Social pedagogue&nbsp;Rud\u012bte Klints +371 29133089 | rudite.klints@nmv.lv | Class No. 210<\/p>\n","protected":false},"author":2,"featured_media":0,"parent":2760,"menu_order":6,"comment_status":"closed","ping_status":"open","template":"","meta":{"cybocfi_hide_featured_image":"","footnotes":""},"class_list":["post-104","page","type-page","status-publish","hentry"],"_links":{"self":[{"href":"https:\/\/www.rdks.lv\/en\/wp-json\/wp\/v2\/pages\/104","targetHints":{"allow":["GET"]}}],"collection":[{"href":"https:\/\/www.rdks.lv\/en\/wp-json\/wp\/v2\/pages"}],"about":[{"href":"https:\/\/www.rdks.lv\/en\/wp-json\/wp\/v2\/types\/page"}],"author":[{"embeddable":true,"href":"https:\/\/www.rdks.lv\/en\/wp-json\/wp\/v2\/users\/2"}],"replies":[{"embeddable":true,"href":"https:\/\/www.rdks.lv\/en\/wp-json\/wp\/v2\/comments?post=104"}],"version-history":[{"count":76,"href":"https:\/\/www.rdks.lv\/en\/wp-json\/wp\/v2\/pages\/104\/revisions"}],"predecessor-version":[{"id":14469,"href":"https:\/\/www.rdks.lv\/en\/wp-json\/wp\/v2\/pages\/104\/revisions\/14469"}],"up":[{"embeddable":true,"href":"https:\/\/www.rdks.lv\/en\/wp-json\/wp\/v2\/pages\/2760"}],"wp:attachment":[{"href":"https:\/\/www.rdks.lv\/en\/wp-json\/wp\/v2\/media?parent=104"}],"curies":[{"name":"wp","href":"https:\/\/api.w.org\/{rel}","templated":true}]}}