{"id":100,"date":"2013-12-19T01:58:46","date_gmt":"2013-12-19T01:58:46","guid":{"rendered":"http:\/\/213.175.126.152\/?page_id=100"},"modified":"2020-09-04T11:00:35","modified_gmt":"2020-09-04T08:00:35","slug":"biblioteka","status":"publish","type":"page","link":"https:\/\/www.rdks.lv\/en\/macibas\/biblioteka\/","title":{"rendered":"Library"},"content":{"rendered":"<p><\/p>\n<table>\n<tbody>\n<tr>\n<td width=\"180\">\n<p style=\"text-align: center;\"><strong>Bibliot\u0113kas darba laiks<\/strong><\/p>\n<p style=\"text-align: center;\">9.00 \u2013 17.00<\/p>\n<\/td>\n<td style=\"text-align: center;\" width=\"152\">Idej\u0101m, ierosin\u0101jumiem, jaut\u0101jumiem<br \/>\n<strong>biblioteka.rdks@gmail.com<\/strong><br \/>\nbibliotek\u0101re Inguna \u0160t\u0101le<\/td>\n<td width=\"224\">\n<p style=\"text-align: center;\"><strong>Bibliot\u0113kas e-katalogs<\/strong><\/p>\n<p style=\"text-align: center;\"><a href=\"https:\/\/skolas.biblioteka.lv\/Alise\/lv\/8\/home.aspx\"><strong>SPIED \u0160EIT<\/strong><\/a><\/p>\n<\/td>\n<\/tr>\n<tr>\n<td width=\"180\">\n<p style=\"text-align: center;\"><strong><a href=\"http:\/\/www.rdks.lv\/wp-content\/uploads\/2013\/12\/Bibliotekas-lietosanas-kartiba_2015.pdf\">Bibliot\u0113kas lieto\u0161anas k\u0101rt\u012bba<\/a><\/strong><\/p>\n<\/td>\n<td style=\"text-align: center;\" width=\"152\"><strong><a href=\"http:\/\/www.rdks.lv\/wp-content\/uploads\/2013\/12\/gramatas_2015.doc\">B\u0113rnu, jaunie\u0161u un vec\u0101ku \u017e\u016brija<\/a><\/strong><\/p>\n<p><img loading=\"lazy\" decoding=\"async\" class=\"alignnone wp-image-782\" src=\"http:\/\/www.rdks.lv\/wp-content\/uploads\/2013\/12\/bernu-zurija.png\" alt=\"bernu-zurija\" width=\"100\" height=\"50\" \/> <a href=\"http:\/\/www.rdks.lv\/wp-content\/uploads\/2013\/12\/jauniesu-zurija.png\"><img loading=\"lazy\" decoding=\"async\" class=\"alignnone wp-image-783\" src=\"http:\/\/www.rdks.lv\/wp-content\/uploads\/2013\/12\/jauniesu-zurija.png\" alt=\"jauniesu-zurija\" width=\"100\" height=\"50\" \/><\/a> <a href=\"http:\/\/www.rdks.lv\/wp-content\/uploads\/2013\/12\/vecaku-zurijas-logo.png\"><img loading=\"lazy\" decoding=\"async\" class=\"alignnone wp-image-784\" src=\"http:\/\/www.rdks.lv\/wp-content\/uploads\/2013\/12\/vecaku-zurijas-logo-150x150.png\" alt=\"vecaku-zurijas-logo\" width=\"58\" height=\"50\" srcset=\"https:\/\/www.rdks.lv\/wp-content\/uploads\/2013\/12\/vecaku-zurijas-logo-300x256.png 300w, https:\/\/www.rdks.lv\/wp-content\/uploads\/2013\/12\/vecaku-zurijas-logo.png 561w\" sizes=\"auto, (max-width: 58px) 100vw, 58px\" \/><\/a><\/td>\n<td style=\"text-align: center;\" width=\"224\"><strong><a href=\"https:\/\/www.lnb.lv\/lv\/digitala-biblioteka\" target=\"_blank\" rel=\"noopener noreferrer\">Latvijas Nacion\u0101l\u0101s bibliot\u0113kas digit\u0101l\u0101 bibliot\u0113ka<\/a><\/strong><\/p>\n<p><a href=\"https:\/\/www.lnb.lv\/lv\/digitala-biblioteka\" target=\"_blank\" rel=\"noopener noreferrer\"><img loading=\"lazy\" decoding=\"async\" class=\"alignnone size-full wp-image-840\" src=\"http:\/\/www.rdks.lv\/wp-content\/uploads\/2013\/12\/lnb-digitala-biblioteka.jpg\" alt=\"lnb-digitala-biblioteka\" width=\"134\" height=\"80\" \/><\/a><\/td>\n<\/tr>\n<\/tbody>\n<\/table>\n<h2>\u00a0Aktu\u0101l\u0101s izst\u0101des<\/h2>\n<p><a href=\"http:\/\/www.rdks.lv\/wp-content\/uploads\/2013\/12\/IMG_0878.jpg\" rel=\"attachment wp-att-4209\"><img loading=\"lazy\" decoding=\"async\" class=\"alignleft wp-image-4209\" src=\"http:\/\/www.rdks.lv\/wp-content\/uploads\/2013\/12\/IMG_0878.jpg\" alt=\"IMG_0878\" width=\"267\" height=\"150\" \/><\/a><\/p>\n<p style=\"text-align: justify;\">13. febru\u0101r\u012b atz\u012bm\u0113jam b\u0113rnu gr\u0101matu autora Jura Zvirgzdi\u0146a 75 gadu jubileju ar vi\u0146am velt\u012btu izst\u0101di!<\/p>\n<h2><\/h2>\n<h2>Notikumi bibliot\u0113k\u0101<\/h2>\n<p><strong>Gr\u0101matas &#8220;Latvija no putna lidojuma&#8221; d\u0101vin\u0101\u0161ana RDKS bibliot\u0113kai<\/strong><\/p>\n<div id='gallery-8' class='gallery galleryid-100 gallery-columns-4 gallery-size-thumbnail'><figure class='gallery-item'>\n\t\t\t<div class='gallery-icon landscape'>\n\t\t\t\t<a href='https:\/\/www.rdks.lv\/en\/macibas\/biblioteka\/img_0038\/'><img loading=\"lazy\" decoding=\"async\" width=\"150\" height=\"150\" src=\"https:\/\/www.rdks.lv\/wp-content\/uploads\/2013\/12\/IMG_0038-150x150.jpg\" class=\"attachment-thumbnail size-thumbnail\" alt=\"\" \/><\/a>\n\t\t\t<\/div><\/figure><figure class='gallery-item'>\n\t\t\t<div class='gallery-icon landscape'>\n\t\t\t\t<a href='https:\/\/www.rdks.lv\/en\/macibas\/biblioteka\/img_0046\/'><img loading=\"lazy\" decoding=\"async\" width=\"150\" height=\"150\" src=\"https:\/\/www.rdks.lv\/wp-content\/uploads\/2013\/12\/IMG_0046-150x150.jpg\" class=\"attachment-thumbnail size-thumbnail\" alt=\"\" \/><\/a>\n\t\t\t<\/div><\/figure><figure class='gallery-item'>\n\t\t\t<div class='gallery-icon landscape'>\n\t\t\t\t<a href='https:\/\/www.rdks.lv\/en\/macibas\/biblioteka\/img_0055\/'><img loading=\"lazy\" decoding=\"async\" width=\"150\" height=\"150\" src=\"https:\/\/www.rdks.lv\/wp-content\/uploads\/2013\/12\/IMG_0055-150x150.jpg\" class=\"attachment-thumbnail size-thumbnail\" alt=\"\" \/><\/a>\n\t\t\t<\/div><\/figure>\n\t\t<\/div>\n\n<p><strong>Lu\u012bzes Pastores tik\u0161an\u0101s ar s\u0101kumskolas audz\u0113k\u0146iem 23.11.2015.<br \/>\n<\/strong><\/p>\n<div id='gallery-9' class='gallery galleryid-100 gallery-columns-4 gallery-size-thumbnail'><figure class='gallery-item'>\n\t\t\t<div class='gallery-icon landscape'>\n\t\t\t\t<a href='https:\/\/www.rdks.lv\/en\/macibas\/biblioteka\/img_0400\/'><img loading=\"lazy\" decoding=\"async\" width=\"150\" height=\"150\" src=\"https:\/\/www.rdks.lv\/wp-content\/uploads\/2013\/12\/IMG_0400-150x150.jpg\" class=\"attachment-thumbnail size-thumbnail\" alt=\"\" \/><\/a>\n\t\t\t<\/div><\/figure><figure class='gallery-item'>\n\t\t\t<div class='gallery-icon landscape'>\n\t\t\t\t<a href='https:\/\/www.rdks.lv\/en\/macibas\/biblioteka\/img_0402\/'><img loading=\"lazy\" decoding=\"async\" width=\"150\" height=\"150\" src=\"https:\/\/www.rdks.lv\/wp-content\/uploads\/2013\/12\/IMG_0402-150x150.jpg\" class=\"attachment-thumbnail size-thumbnail\" alt=\"\" \/><\/a>\n\t\t\t<\/div><\/figure><figure class='gallery-item'>\n\t\t\t<div class='gallery-icon landscape'>\n\t\t\t\t<a href='https:\/\/www.rdks.lv\/en\/macibas\/biblioteka\/img_0404\/'><img loading=\"lazy\" decoding=\"async\" width=\"150\" height=\"150\" src=\"https:\/\/www.rdks.lv\/wp-content\/uploads\/2013\/12\/IMG_0404-150x150.jpg\" class=\"attachment-thumbnail size-thumbnail\" alt=\"\" \/><\/a>\n\t\t\t<\/div><\/figure><figure class='gallery-item'>\n\t\t\t<div class='gallery-icon landscape'>\n\t\t\t\t<a href='https:\/\/www.rdks.lv\/en\/macibas\/biblioteka\/img_0412\/'><img loading=\"lazy\" decoding=\"async\" width=\"150\" height=\"150\" src=\"https:\/\/www.rdks.lv\/wp-content\/uploads\/2013\/12\/IMG_0412-150x150.jpg\" class=\"attachment-thumbnail size-thumbnail\" alt=\"\" \/><\/a>\n\t\t\t<\/div><\/figure><figure class='gallery-item'>\n\t\t\t<div class='gallery-icon landscape'>\n\t\t\t\t<a href='https:\/\/www.rdks.lv\/en\/macibas\/biblioteka\/img_0415\/'><img loading=\"lazy\" decoding=\"async\" width=\"150\" height=\"150\" src=\"https:\/\/www.rdks.lv\/wp-content\/uploads\/2013\/12\/IMG_0415-150x150.jpg\" class=\"attachment-thumbnail size-thumbnail\" alt=\"\" \/><\/a>\n\t\t\t<\/div><\/figure><figure class='gallery-item'>\n\t\t\t<div class='gallery-icon landscape'>\n\t\t\t\t<a href='https:\/\/www.rdks.lv\/en\/macibas\/biblioteka\/img_0416\/'><img loading=\"lazy\" decoding=\"async\" width=\"150\" height=\"150\" src=\"https:\/\/www.rdks.lv\/wp-content\/uploads\/2013\/12\/IMG_0416-150x150.jpg\" class=\"attachment-thumbnail size-thumbnail\" alt=\"\" \/><\/a>\n\t\t\t<\/div><\/figure><figure class='gallery-item'>\n\t\t\t<div class='gallery-icon landscape'>\n\t\t\t\t<a href='https:\/\/www.rdks.lv\/en\/macibas\/biblioteka\/img_0417\/'><img loading=\"lazy\" decoding=\"async\" width=\"150\" height=\"150\" src=\"https:\/\/www.rdks.lv\/wp-content\/uploads\/2013\/12\/IMG_0417-150x150.jpg\" class=\"attachment-thumbnail size-thumbnail\" alt=\"\" \/><\/a>\n\t\t\t<\/div><\/figure><figure class='gallery-item'>\n\t\t\t<div class='gallery-icon landscape'>\n\t\t\t\t<a href='https:\/\/www.rdks.lv\/en\/macibas\/biblioteka\/img_0418\/'><img loading=\"lazy\" decoding=\"async\" width=\"150\" height=\"150\" src=\"https:\/\/www.rdks.lv\/wp-content\/uploads\/2013\/12\/IMG_0418-150x150.jpg\" class=\"attachment-thumbnail size-thumbnail\" alt=\"\" \/><\/a>\n\t\t\t<\/div><\/figure>\n\t\t<\/div>\n\n<p><strong>Izst\u0101de <em>Kri\u0161j\u0101nim Baronam 180<\/em><\/strong><\/p>\n<div id='gallery-10' class='gallery galleryid-100 gallery-columns-4 gallery-size-thumbnail'><figure class='gallery-item'>\n\t\t\t<div class='gallery-icon portrait'>\n\t\t\t\t<a href='https:\/\/www.rdks.lv\/en\/macibas\/biblioteka\/k_barons\/'><img loading=\"lazy\" decoding=\"async\" width=\"150\" height=\"150\" src=\"https:\/\/www.rdks.lv\/wp-content\/uploads\/2013\/12\/k_barons-150x150.jpg\" class=\"attachment-thumbnail size-thumbnail\" alt=\"\" \/><\/a>\n\t\t\t<\/div><\/figure><figure class='gallery-item'>\n\t\t\t<div class='gallery-icon portrait'>\n\t\t\t\t<a href='https:\/\/www.rdks.lv\/en\/macibas\/biblioteka\/20151102_171636\/'><img loading=\"lazy\" decoding=\"async\" width=\"150\" height=\"150\" src=\"https:\/\/www.rdks.lv\/wp-content\/uploads\/2013\/12\/20151102_171636-150x150.jpg\" class=\"attachment-thumbnail size-thumbnail\" alt=\"\" \/><\/a>\n\t\t\t<\/div><\/figure><figure class='gallery-item'>\n\t\t\t<div class='gallery-icon landscape'>\n\t\t\t\t<a href='https:\/\/www.rdks.lv\/en\/macibas\/biblioteka\/20151102_171817\/'><img loading=\"lazy\" decoding=\"async\" width=\"150\" height=\"150\" src=\"https:\/\/www.rdks.lv\/wp-content\/uploads\/2013\/12\/20151102_171817-150x150.jpg\" class=\"attachment-thumbnail size-thumbnail\" alt=\"\" \/><\/a>\n\t\t\t<\/div><\/figure><figure class='gallery-item'>\n\t\t\t<div class='gallery-icon portrait'>\n\t\t\t\t<a href='https:\/\/www.rdks.lv\/en\/macibas\/biblioteka\/1_burtnica-page-001\/'><img loading=\"lazy\" decoding=\"async\" width=\"150\" height=\"150\" src=\"https:\/\/www.rdks.lv\/wp-content\/uploads\/2013\/12\/1_burtn\u012bca-page-001-150x150.jpg\" class=\"attachment-thumbnail size-thumbnail\" alt=\"\" aria-describedby=\"gallery-10-3499\" \/><\/a>\n\t\t\t<\/div>\n\t\t\t\t<figcaption class='wp-caption-text gallery-caption' id='gallery-10-3499'>\n\t\t\t\tLatvju dainu pirmizdevums 1894. gad\u0101\n\t\t\t\t<\/figcaption><\/figure>\n\t\t<\/div>\n\n<p><strong>R\u016btas Olek\u0161as dzejas izst\u0101des &#8220;Dz\u012bve k\u0101 Saule&#8221; atkl\u0101\u0161ana RDKS bibliot\u0113k\u0101 2015. gada 3. oktobr\u012b.<\/strong><\/p>\n<div id='gallery-11' class='gallery galleryid-100 gallery-columns-4 gallery-size-thumbnail'><figure class='gallery-item'>\n\t\t\t<div class='gallery-icon landscape'>\n\t\t\t\t<a href='https:\/\/www.rdks.lv\/en\/macibas\/biblioteka\/img_4495\/'><img loading=\"lazy\" decoding=\"async\" width=\"150\" height=\"150\" src=\"https:\/\/www.rdks.lv\/wp-content\/uploads\/2013\/12\/IMG_4495-150x150.jpg\" class=\"attachment-thumbnail size-thumbnail\" alt=\"\" \/><\/a>\n\t\t\t<\/div><\/figure><figure class='gallery-item'>\n\t\t\t<div class='gallery-icon landscape'>\n\t\t\t\t<a href='https:\/\/www.rdks.lv\/en\/macibas\/biblioteka\/img_4501\/'><img loading=\"lazy\" decoding=\"async\" width=\"150\" height=\"150\" src=\"https:\/\/www.rdks.lv\/wp-content\/uploads\/2013\/12\/IMG_4501-150x150.jpg\" class=\"attachment-thumbnail size-thumbnail\" alt=\"\" \/><\/a>\n\t\t\t<\/div><\/figure><figure class='gallery-item'>\n\t\t\t<div class='gallery-icon landscape'>\n\t\t\t\t<a href='https:\/\/www.rdks.lv\/en\/macibas\/biblioteka\/img_4506\/'><img loading=\"lazy\" decoding=\"async\" width=\"150\" height=\"150\" src=\"https:\/\/www.rdks.lv\/wp-content\/uploads\/2013\/12\/IMG_4506-150x150.jpg\" class=\"attachment-thumbnail size-thumbnail\" alt=\"\" \/><\/a>\n\t\t\t<\/div><\/figure><figure class='gallery-item'>\n\t\t\t<div class='gallery-icon portrait'>\n\t\t\t\t<a href='https:\/\/www.rdks.lv\/en\/macibas\/biblioteka\/img_4517\/'><img loading=\"lazy\" decoding=\"async\" width=\"150\" height=\"150\" src=\"https:\/\/www.rdks.lv\/wp-content\/uploads\/2013\/12\/IMG_4517-150x150.jpg\" class=\"attachment-thumbnail size-thumbnail\" alt=\"\" \/><\/a>\n\t\t\t<\/div><\/figure><figure class='gallery-item'>\n\t\t\t<div class='gallery-icon landscape'>\n\t\t\t\t<a href='https:\/\/www.rdks.lv\/en\/macibas\/biblioteka\/img_4519\/'><img loading=\"lazy\" decoding=\"async\" width=\"150\" height=\"150\" src=\"https:\/\/www.rdks.lv\/wp-content\/uploads\/2013\/12\/IMG_4519-150x150.jpg\" class=\"attachment-thumbnail size-thumbnail\" alt=\"\" \/><\/a>\n\t\t\t<\/div><\/figure><figure class='gallery-item'>\n\t\t\t<div class='gallery-icon landscape'>\n\t\t\t\t<a href='https:\/\/www.rdks.lv\/en\/macibas\/biblioteka\/img_4523\/'><img loading=\"lazy\" decoding=\"async\" width=\"150\" height=\"150\" src=\"https:\/\/www.rdks.lv\/wp-content\/uploads\/2013\/12\/IMG_4523-150x150.jpg\" class=\"attachment-thumbnail size-thumbnail\" alt=\"\" \/><\/a>\n\t\t\t<\/div><\/figure><figure class='gallery-item'>\n\t\t\t<div class='gallery-icon landscape'>\n\t\t\t\t<a href='https:\/\/www.rdks.lv\/en\/macibas\/biblioteka\/img_4527\/'><img loading=\"lazy\" decoding=\"async\" width=\"150\" height=\"150\" src=\"https:\/\/www.rdks.lv\/wp-content\/uploads\/2013\/12\/IMG_4527-150x150.jpg\" class=\"attachment-thumbnail size-thumbnail\" alt=\"\" \/><\/a>\n\t\t\t<\/div><\/figure>\n\t\t<\/div>\n\n<p><strong>K\u0101 Rai\u0146a biste m\u0113roja ce\u013cu uz izst\u0101di RDKS bibliot\u0113k\u0101!<\/strong><\/p>\n<div id='gallery-12' class='gallery galleryid-100 gallery-columns-4 gallery-size-thumbnail'><figure class='gallery-item'>\n\t\t\t<div class='gallery-icon landscape'>\n\t\t\t\t<a href='https:\/\/www.rdks.lv\/en\/macibas\/biblioteka\/20150815_151349\/'><img loading=\"lazy\" decoding=\"async\" width=\"150\" height=\"150\" src=\"https:\/\/www.rdks.lv\/wp-content\/uploads\/2013\/12\/20150815_151349-150x150.jpg\" class=\"attachment-thumbnail size-thumbnail\" alt=\"\" aria-describedby=\"gallery-12-3374\" \/><\/a>\n\t\t\t<\/div>\n\t\t\t\t<figcaption class='wp-caption-text gallery-caption' id='gallery-12-3374'>\n\t\t\t\tMazg\u0101ts ar \u016bdeni&#8230;\n\t\t\t\t<\/figcaption><\/figure><figure class='gallery-item'>\n\t\t\t<div class='gallery-icon landscape'>\n\t\t\t\t<a href='https:\/\/www.rdks.lv\/en\/macibas\/biblioteka\/20150815_161852\/'><img loading=\"lazy\" decoding=\"async\" width=\"150\" height=\"150\" src=\"https:\/\/www.rdks.lv\/wp-content\/uploads\/2013\/12\/20150815_161852-150x150.jpg\" class=\"attachment-thumbnail size-thumbnail\" alt=\"\" aria-describedby=\"gallery-12-3370\" \/><\/a>\n\t\t\t<\/div>\n\t\t\t\t<figcaption class='wp-caption-text gallery-caption' id='gallery-12-3370'>\n\t\t\t\t&#8230;ar ziep\u0113m&#8230;\n\t\t\t\t<\/figcaption><\/figure><figure class='gallery-item'>\n\t\t\t<div class='gallery-icon portrait'>\n\t\t\t\t<a href='https:\/\/www.rdks.lv\/en\/macibas\/biblioteka\/20150815_162323\/'><img loading=\"lazy\" decoding=\"async\" width=\"150\" height=\"150\" src=\"https:\/\/www.rdks.lv\/wp-content\/uploads\/2013\/12\/20150815_162323-150x150.jpg\" class=\"attachment-thumbnail size-thumbnail\" alt=\"\" aria-describedby=\"gallery-12-3371\" \/><\/a>\n\t\t\t<\/div>\n\t\t\t\t<figcaption class='wp-caption-text gallery-caption' id='gallery-12-3371'>\n\t\t\t\t&#8230;saul\u012bt\u0113 iz\u017e\u0101v\u0113ts&#8230;\n\t\t\t\t<\/figcaption><\/figure><figure class='gallery-item'>\n\t\t\t<div class='gallery-icon portrait'>\n\t\t\t\t<a href='https:\/\/www.rdks.lv\/en\/macibas\/biblioteka\/20150816_171715\/'><img loading=\"lazy\" decoding=\"async\" width=\"150\" height=\"150\" src=\"https:\/\/www.rdks.lv\/wp-content\/uploads\/2013\/12\/20150816_171715-150x150.jpg\" class=\"attachment-thumbnail size-thumbnail\" alt=\"\" aria-describedby=\"gallery-12-3372\" \/><\/a>\n\t\t\t<\/div>\n\t\t\t\t<figcaption class='wp-caption-text gallery-caption' id='gallery-12-3372'>\n\t\t\t\t&#8230;dro\u0161i iepakots&#8230;\n\t\t\t\t<\/figcaption><\/figure><figure class='gallery-item'>\n\t\t\t<div class='gallery-icon portrait'>\n\t\t\t\t<a href='https:\/\/www.rdks.lv\/en\/macibas\/biblioteka\/20151006_131332\/'><img loading=\"lazy\" decoding=\"async\" width=\"150\" height=\"150\" src=\"https:\/\/www.rdks.lv\/wp-content\/uploads\/2013\/12\/20151006_131332-150x150.jpg\" class=\"attachment-thumbnail size-thumbnail\" alt=\"\" aria-describedby=\"gallery-12-3373\" \/><\/a>\n\t\t\t<\/div>\n\t\t\t\t<figcaption class='wp-caption-text gallery-caption' id='gallery-12-3373'>\n\t\t\t\t&#8230;non\u0101cis uz postamenta.\n\t\t\t\t<\/figcaption><\/figure>\n\t\t<\/div>\n\n<p><strong>9. klases Dzejas stri\u0137a &#8220;Internacion\u0101l\u0101 Raisp\u0101zija&#8221; atkl\u0101\u0161ana 2015. gada 12. maij\u0101.<\/strong><\/p>\n<div id='gallery-13' class='gallery galleryid-100 gallery-columns-4 gallery-size-thumbnail'><figure class='gallery-item'>\n\t\t\t<div class='gallery-icon portrait'>\n\t\t\t\t<a href='https:\/\/www.rdks.lv\/en\/macibas\/biblioteka\/20150528_124449\/'><img loading=\"lazy\" decoding=\"async\" width=\"150\" height=\"150\" src=\"https:\/\/www.rdks.lv\/wp-content\/uploads\/2013\/12\/20150528_124449-150x150.jpg\" class=\"attachment-thumbnail size-thumbnail\" alt=\"\" \/><\/a>\n\t\t\t<\/div><\/figure><figure class='gallery-item'>\n\t\t\t<div class='gallery-icon portrait'>\n\t\t\t\t<a href='https:\/\/www.rdks.lv\/en\/macibas\/biblioteka\/20150528_172449\/'><img loading=\"lazy\" decoding=\"async\" width=\"150\" height=\"150\" src=\"https:\/\/www.rdks.lv\/wp-content\/uploads\/2013\/12\/20150528_172449-150x150.jpg\" class=\"attachment-thumbnail size-thumbnail\" alt=\"\" \/><\/a>\n\t\t\t<\/div><\/figure><figure class='gallery-item'>\n\t\t\t<div class='gallery-icon portrait'>\n\t\t\t\t<a href='https:\/\/www.rdks.lv\/en\/macibas\/biblioteka\/20150528_172859\/'><img loading=\"lazy\" decoding=\"async\" width=\"150\" height=\"150\" src=\"https:\/\/www.rdks.lv\/wp-content\/uploads\/2013\/12\/20150528_172859-150x150.jpg\" class=\"attachment-thumbnail size-thumbnail\" alt=\"\" \/><\/a>\n\t\t\t<\/div><\/figure><figure class='gallery-item'>\n\t\t\t<div class='gallery-icon landscape'>\n\t\t\t\t<a href='https:\/\/www.rdks.lv\/en\/macibas\/biblioteka\/img_2318\/'><img loading=\"lazy\" decoding=\"async\" width=\"150\" height=\"150\" src=\"https:\/\/www.rdks.lv\/wp-content\/uploads\/2013\/12\/IMG_2318-150x150.jpg\" class=\"attachment-thumbnail size-thumbnail\" alt=\"\" \/><\/a>\n\t\t\t<\/div><\/figure><figure class='gallery-item'>\n\t\t\t<div class='gallery-icon landscape'>\n\t\t\t\t<a href='https:\/\/www.rdks.lv\/en\/macibas\/biblioteka\/img_2321\/'><img loading=\"lazy\" decoding=\"async\" width=\"150\" height=\"150\" src=\"https:\/\/www.rdks.lv\/wp-content\/uploads\/2013\/12\/IMG_2321-150x150.jpg\" class=\"attachment-thumbnail size-thumbnail\" alt=\"\" \/><\/a>\n\t\t\t<\/div><\/figure><figure class='gallery-item'>\n\t\t\t<div class='gallery-icon portrait'>\n\t\t\t\t<a href='https:\/\/www.rdks.lv\/en\/macibas\/biblioteka\/img_2326\/'><img loading=\"lazy\" decoding=\"async\" width=\"150\" height=\"150\" src=\"https:\/\/www.rdks.lv\/wp-content\/uploads\/2013\/12\/IMG_2326-150x150.jpg\" class=\"attachment-thumbnail size-thumbnail\" alt=\"\" \/><\/a>\n\t\t\t<\/div><\/figure><figure class='gallery-item'>\n\t\t\t<div class='gallery-icon portrait'>\n\t\t\t\t<a href='https:\/\/www.rdks.lv\/en\/macibas\/biblioteka\/img_2336\/'><img loading=\"lazy\" decoding=\"async\" width=\"150\" height=\"150\" src=\"https:\/\/www.rdks.lv\/wp-content\/uploads\/2013\/12\/IMG_2336-150x150.jpg\" class=\"attachment-thumbnail size-thumbnail\" alt=\"\" \/><\/a>\n\t\t\t<\/div><\/figure><figure class='gallery-item'>\n\t\t\t<div class='gallery-icon portrait'>\n\t\t\t\t<a href='https:\/\/www.rdks.lv\/en\/macibas\/biblioteka\/img_2340\/'><img loading=\"lazy\" decoding=\"async\" width=\"150\" height=\"150\" src=\"https:\/\/www.rdks.lv\/wp-content\/uploads\/2013\/12\/IMG_2340-150x150.jpg\" class=\"attachment-thumbnail size-thumbnail\" alt=\"\" \/><\/a>\n\t\t\t<\/div><\/figure>\n\t\t<\/div>\n\n<p><\/p>","protected":false},"excerpt":{"rendered":"<p>Bibliot\u0113kas darba laiks 9.00 \u2013 17.00 Idej\u0101m, ierosin\u0101jumiem, jaut\u0101jumiem biblioteka.rdks@gmail.com bibliotek\u0101re Inguna \u0160t\u0101le Bibliot\u0113kas e-katalogs SPIED \u0160EIT Bibliot\u0113kas lieto\u0161anas k\u0101rt\u012bba B\u0113rnu, jaunie\u0161u un vec\u0101ku \u017e\u016brija Latvijas Nacion\u0101l\u0101s bibliot\u0113kas digit\u0101l\u0101 bibliot\u0113ka \u00a0Aktu\u0101l\u0101s izst\u0101des 13. febru\u0101r\u012b atz\u012bm\u0113jam b\u0113rnu gr\u0101matu autora Jura Zvirgzdi\u0146a 75 gadu jubileju ar vi\u0146am velt\u012btu izst\u0101di! Notikumi bibliot\u0113k\u0101 Gr\u0101matas &#8220;Latvija no putna lidojuma&#8221; d\u0101vin\u0101\u0161ana&#8230;<\/p>\n","protected":false},"author":2,"featured_media":0,"parent":2760,"menu_order":4,"comment_status":"closed","ping_status":"open","template":"","meta":{"cybocfi_hide_featured_image":"","footnotes":""},"class_list":["post-100","page","type-page","status-publish","hentry"],"_links":{"self":[{"href":"https:\/\/www.rdks.lv\/en\/wp-json\/wp\/v2\/pages\/100","targetHints":{"allow":["GET"]}}],"collection":[{"href":"https:\/\/www.rdks.lv\/en\/wp-json\/wp\/v2\/pages"}],"about":[{"href":"https:\/\/www.rdks.lv\/en\/wp-json\/wp\/v2\/types\/page"}],"author":[{"embeddable":true,"href":"https:\/\/www.rdks.lv\/en\/wp-json\/wp\/v2\/users\/2"}],"replies":[{"embeddable":true,"href":"https:\/\/www.rdks.lv\/en\/wp-json\/wp\/v2\/comments?post=100"}],"version-history":[{"count":84,"href":"https:\/\/www.rdks.lv\/en\/wp-json\/wp\/v2\/pages\/100\/revisions"}],"predecessor-version":[{"id":11213,"href":"https:\/\/www.rdks.lv\/en\/wp-json\/wp\/v2\/pages\/100\/revisions\/11213"}],"up":[{"embeddable":true,"href":"https:\/\/www.rdks.lv\/en\/wp-json\/wp\/v2\/pages\/2760"}],"wp:attachment":[{"href":"https:\/\/www.rdks.lv\/en\/wp-json\/wp\/v2\/media?parent=100"}],"curies":[{"name":"wp","href":"https:\/\/api.w.org\/{rel}","templated":true}]}}